{"id":1724,"date":"2016-07-06T06:29:11","date_gmt":"2016-07-06T04:29:11","guid":{"rendered":"http:\/\/slow-watches.com\/?page_id=1724&#038;lang=de"},"modified":"2024-07-03T12:41:14","modified_gmt":"2024-07-03T10:41:14","slug":"der-shop","status":"publish","type":"page","link":"https:\/\/gloniuz.com\/de\/der-shop\/","title":{"rendered":"Der Shop"},"content":{"rendered":"<div class=\"product-cat\">\n<h2 style=\"text-align: center;\">WELCHER STYLE IST DEINER?<\/h2>\n<div class=\"sep-border\"><\/div>\n<div class=\"row slow-round\">\n<div class=\"col-sm-9\">\n<h2>NEU: Slow&nbsp;Solar<\/h2>\n<p>\t\t<a href=\"\/de\/the-store-category\/solar-40-mm-de\/\" target=\"_self\" class=\"vc_single_image-wrapper   vc_box_border_grey\" rel=\"noopener noreferrer\"><img loading=\"lazy\" decoding=\"async\" src=\"\/wp-content\/uploads\/2024\/07\/slow_solar_presenter.png\" class=\"vc_single_image-img attachment-full lazyload\" alt=\"\" data-src=\"\/wp-content\/uploads\/2024\/07\/slow_solar_presenter.png\" width=\"600\" height=\"276\"><\/a>\n\t<\/div>\n<div class=\"col-sm-3\">\n<h2>NEU: Slow&nbsp;Solar<\/h2>\n<p>Nutze die Kraft der Sonne mit der neuen SOLAR Linie von slow. Mit sechs neuen Uhren beginnt bei slow das Sonnen-Zeitalter. Alle Modelle bestehen aus recyceltem Aluminum Geh\u00e4use und recycelten Canvas Armb\u00e4ndern. Damit sind sie nicht nur super leicht und komfortabel zu tragen, sondern auch nachhaltig. Nat\u00fcrlich werden diese Uhren auch in unseren neuen Boxen aus recyceltem Papier verpackt. 100% slow Power.<\/p>\n<p><a href=\"\/de\/the-store-category\/solar-40-mm-de\/\">ZUM SHOP<\/a><\/p>\n<\/p><\/div>\n<\/div>\n<div class=\"sep-border\"><\/div>\n<div class=\"row slow-round\">\n<div class=\"col-sm-9\">\n<h2>Slow&nbsp;Round Twelve<\/h2>\n<p>\t\t<a href=\"\/de\/the-store-category\/slow-twelve-de\/\" target=\"_self\" class=\"vc_single_image-wrapper   vc_box_border_grey\" rel=\"noopener noreferrer\"><img loading=\"lazy\" decoding=\"async\" src=\"\/wp-content\/uploads\/2022\/09\/slow_twelve_presenter.png\" class=\"vc_single_image-img attachment-full lazyload\" alt=\"\" data-src=\"\/wp-content\/uploads\/2022\/09\/slow_twelve_presenter.png\" width=\"600\" height=\"276\"><\/a>\n\t<\/div>\n<div class=\"col-sm-3\">\n<h2>Slow&nbsp;Round Twelve<\/h2>\n<p>slow twelve ist die Verschmelzung unserer Round Modelle und der ehemaligen AM\/PM-Version von slow Jo. Es ist eine 12-Stunden-Version, wie sie viele von euch schon lange gefordert haben! Wir sind gespannt, wie es euch gef\u00e4llt!<\/p>\n<p><a href=\"\/de\/the-store-category\/slow-twelve-de\/\">ZUM SHOP<\/a><\/p>\n<\/p><\/div>\n<\/div>\n<div class=\"sep-border\"><\/div>\n<div class=\"row slow-round\">\n<div class=\"col-sm-9\">\n<h2>Slow&nbsp;Round-S \u2013 <br \/>34 MM<\/h2>\n<p>\t\t<a href=\"\/de\/the-store-category\/slow-round-s-de\/\" target=\"_self\" class=\"vc_single_image-wrapper   vc_box_border_grey\" rel=\"noopener noreferrer\"><img loading=\"lazy\" decoding=\"async\" src=\"\/wp-content\/uploads\/2020\/12\/slow_round_s_presenter.png\" class=\"vc_single_image-img attachment-full lazyload\" alt=\"\" data-src=\"\/wp-content\/uploads\/2020\/12\/slow_round_s_presenter.png\" width=\"600\" height=\"276\"><\/a>\n\t<\/div>\n<div class=\"col-sm-3\">\n<h2>Slow&nbsp;Round-S \u2013 <br \/>34 MM<\/h2>\n<p>Mit slow Round-S erweitern wir die slow Familie um eine kleinere Version der erfolgreichen slow Round Serie. F\u00fcr den Start planen wir mit 8 Modellen und sind gespannt, wie sie euch gef\u00e4llt!<\/p>\n<p><a href=\"\/de\/the-store-category\/slow-round-s-de\/\">ZUM SHOP<\/a><\/p>\n<\/p><\/div>\n<\/div>\n<div class=\"sep-border\"><\/div>\n<div class=\"row\">\n<div class=\"col-sm-9\">\n<h2>Slow Round \u2013 40 MM<\/h2>\n<p>\t\t<a href=\"\/de\/the-store-category\/slow-round-de\/\" target=\"_self\" class=\"vc_single_image-wrapper   vc_box_border_grey\" rel=\"noopener noreferrer\"><img loading=\"lazy\" decoding=\"async\" src=\"\/wp-content\/uploads\/2018\/05\/slow-round-cat-image-180523.png\" class=\"vc_single_image-img attachment-full lazyload\" alt=\"\" data-src=\"\/wp-content\/uploads\/2018\/05\/slow-round-cat-image-180523.png\" width=\"600\" height=\"276\"><\/a>\n\t<\/div>\n<div class=\"col-sm-3\">\n<h2>Slow Round \u2013 40 MM<\/h2>\n<p><strong>slow round<\/strong> ist die logische Weiterentwicklung unserer Kollektionen. Dabei verschmelzen die erfolgreichen Designs der urspr\u00fcnglichen slow Jo mit der runden slow O perfekt miteinander. F\u00fcr den Start planen wir mit 8 Modellen. Wir sind gespannt, wie sie euch gef\u00e4llt!<\/p>\n<p><a href=\"\/de\/the-store-category\/slow-round-de\/\">ZUM SHOP<\/a><\/p>\n<\/p><\/div>\n<\/div>\n<div class=\"sep-border\"><\/div>\n<div class=\"row\">\n<div class=\"col-sm-9\">\n<h2>Slow Jo \u2013 38 mm<\/h2>\n<p>\t\t<a href=\"\/de\/the-store-category\/slow-jo-38mm-de\/\" target=\"_self\" class=\"vc_single_image-wrapper   vc_box_border_grey\" rel=\"noopener noreferrer\"><img loading=\"lazy\" decoding=\"async\" src=\"\/wp-content\/uploads\/2016\/03\/slow_jo_presenter.png\" class=\"vc_single_image-img attachment-full lazyload\" alt=\"\" data-src=\"\/wp-content\/uploads\/2016\/03\/slow_jo_presenter.png\" width=\"600\" height=\"276\"><\/a>\n\t<\/div>\n<div class=\"col-sm-3\">\n<h2>Slow Jo \u2013 38 mm<\/h2>\n<p><strong>slow Jo<\/strong> ist das erste Modell der slow Familie. Mit 38 mm Breite hat <strong>slow Jo<\/strong> die perfekten Ma\u00dfe, um sich an den meisten Handgelenken perfekt anzuschmiegen. Ihr habt die Auswahl zwischen 20 verschiedenen Styles und 5 unterschiedlichen Bandmaterialien.<br \/><strong>250 &#8211; 300 \u20ac<\/strong><\/p>\n<p><a href=\"\/de\/the-store-category\/slow-jo-38mm-de\/\">ZUM SHOP<\/a><\/p>\n<\/p><\/div>\n<\/div>\n<div class=\"sep-border\"><\/div>\n<div class=\"row\">\n<div class=\"col-sm-9\">\n<h2>Slow Mo \u2013 34 mm<\/h2>\n<p>\t\t<a href=\"\/de\/the-store-category\/slow-mo-34mm-de\/\" target=\"_self\" class=\"vc_single_image-wrapper   vc_box_border_grey\" rel=\"noopener noreferrer\"><img loading=\"lazy\" decoding=\"async\" src=\"\/wp-content\/uploads\/2016\/03\/slow_mo_presenter.png\" class=\"vc_single_image-img attachment-full lazyload\" alt=\"\" data-src=\"\/wp-content\/uploads\/2016\/03\/slow_mo_presenter.png\" width=\"600\" height=\"276\"><\/a>\n\t<\/div>\n<div class=\"col-sm-3\">\n<h2>Slow Mo \u2013 34 mm<\/h2>\n<p><strong>slow Mo<\/strong> ist das kleinere Geschwisterchen von slow Jo und das zweite Modell in der 24 Stunden Einzeigeruhr Familie. Mit 34 mm Breite passt es perfekt an kleinere Handgelenke. Ihr habt die Wahl zwischen zehn verschiedenen Varianten.<br \/><strong>270 &#8211; 300\u20ac<\/strong><\/p>\n<p><a href=\"\/de\/the-store-category\/slow-mo-34mm-de\/\">ZUM SHOP<\/a><\/p>\n<\/p><\/div>\n<\/div>\n<div class=\"sep-border\"><\/div>\n<div class=\"row\">\n<div class=\"col-sm-9\">\n<h2>Slow O \u2013 42.5 MM<\/h2>\n<p>\t\t<a href=\"\/de\/the-store-category\/slow-o-de\/\" target=\"_self\" class=\"vc_single_image-wrapper   vc_box_border_grey\" rel=\"noopener noreferrer\"><img loading=\"lazy\" decoding=\"async\" src=\"\/wp-content\/uploads\/2016\/03\/slow_o_presenter.png\" class=\"vc_single_image-img attachment-full lazyload\" alt=\"\" data-src=\"\/wp-content\/uploads\/2016\/03\/slow_o_presenter.png\" width=\"600\" height=\"276\"><\/a>\n\t<\/div>\n<div class=\"col-sm-3\">\n<h2>Slow O \u2013 42.5 MM<\/h2>\n<p><strong>slow O<\/strong>  wird die anschmiegsamste Uhr sein, die Du jemals getragen hast! Auch sie ist ideal f\u00fcr normal gro\u00dfe Handgelenke, aber bis jetzt haben wir tats\u00e4chlich noch keinen Arm gefunden an dem sie nicht super aussah. Du kannst zwischen 15 Modellen w\u00e4hlen.<br \/><strong>250 &#8211; 300 \u20ac<\/strong><\/p>\n<p><a href=\"\/de\/the-store-category\/slow-o-de\/\">ZUM SHOP<\/a><\/p>\n<\/p><\/div>\n<\/div>\n<div class=\"sep-border\"><\/div>\n<\/div>\n<div class=\"row text-center\">\n<div class=\"col-sm-12\">\n<div class=\"content-bottom-all-brand\">\n<h2>WELCHE SLOW PASST AM BESTEN ZU DIR?<\/h2>\n<div class=\"row\">\n<div class=\"col-sm-4\">\n<div class=\"img\"><img decoding=\"async\" src=\"\/wp-content\/uploads\/2017\/09\/slow-o.jpg\" class=\"img-responsive\" alt=\"\"><\/div>\n<h4>SLOW O<\/h4>\n<p style=\"text-align: center;\">Perfekt abgerundetes Geh\u00e4use (42,5mm). Passt toll an breitere und durchschnittliche M\u00e4nnerarme. Ist auf jeden Fall auch was f\u00fcr Frauen, die gr\u00f6\u00dfere Uhren m\u00f6gen.<\/p>\n<\/p><\/div>\n<div class=\"col-sm-4\">\n<div class=\"img\"><img decoding=\"async\" src=\"\/wp-content\/uploads\/2017\/09\/slow-jo.jpg\" class=\"img-responsive\" alt=\"\"><\/div>\n<h4>SLOW JO<\/h4>\n<p>38mm Oktagon-Geh\u00e4use. Perfekt f\u00fcr normale M\u00e4nnerhandgelenke und Damen, die nach etwas gr\u00f6\u00dferen Uhren suchen.<\/p>\n<\/p><\/div>\n<div class=\"col-sm-4\">\n<div class=\"img\"><img decoding=\"async\" src=\"\/wp-content\/uploads\/2017\/09\/slow-mo.jpg\" class=\"img-responsive\" alt=\"\"><\/div>\n<h4>SLOW MO<\/h4>\n<p>34mm Oktagon-Geh\u00e4use. Ideal f\u00fcr normale Frauen-Handgelenke und schmaleren M\u00e4nnerarme. Und nat\u00fcrlich f\u00fcr jeden, der eher kleine Uhren mag.<\/p>\n<\/p><\/div>\n<\/p><\/div>\n<\/div>\n<\/div>\n<\/div>\n","protected":false},"excerpt":{"rendered":"<p>WELCHER STYLE IST DEINER? NEU: Slow&nbsp;Solar NEU: Slow&nbsp;Solar Nutze die Kraft der Sonne mit der neuen SOLAR Linie von slow. Mit sechs neuen Uhren beginnt bei slow das Sonnen-Zeitalter. Alle&#8230;<\/p>\n","protected":false},"author":1,"featured_media":0,"parent":0,"menu_order":0,"comment_status":"closed","ping_status":"closed","template":"","meta":{"_acf_changed":false,"footnotes":""},"class_list":["post-1724","page","type-page","status-publish","hentry"],"acf":[],"yoast_head":"<!-- This site is optimized with the Yoast SEO Premium plugin v27.5 (Yoast SEO v27.5) - https:\/\/yoast.com\/product\/yoast-seo-premium-wordpress\/ -->\n<title>Der Shop - slow watches<\/title>\n<meta name=\"robots\" content=\"index, follow, max-snippet:-1, max-image-preview:large, max-video-preview:-1\" \/>\n<link rel=\"canonical\" href=\"https:\/\/gloniuz.com\/de\/der-shop\/\" \/>\n<meta property=\"og:locale\" content=\"de_DE\" \/>\n<meta property=\"og:type\" content=\"article\" \/>\n<meta property=\"og:title\" content=\"Der Shop\" \/>\n<meta property=\"og:description\" content=\"WELCHER STYLE IST DEINER? NEU: Slow&nbsp;Solar NEU: Slow&nbsp;Solar Nutze die Kraft der Sonne mit der neuen SOLAR Linie von slow. Mit sechs neuen Uhren beginnt bei slow das Sonnen-Zeitalter. Alle...\" \/>\n<meta property=\"og:url\" content=\"https:\/\/gloniuz.com\/de\/der-shop\/\" \/>\n<meta property=\"og:site_name\" content=\"slow watches\" \/>\n<meta property=\"article:publisher\" content=\"https:\/\/www.facebook.com\/theslowwatch\/\" \/>\n<meta property=\"article:modified_time\" content=\"2024-07-03T10:41:14+00:00\" \/>\n<meta name=\"twitter:card\" content=\"summary_large_image\" \/>\n<meta name=\"twitter:site\" content=\"@theslowwatch\" \/>\n<meta name=\"twitter:label1\" content=\"Gesch\u00e4tzte Lesezeit\" \/>\n\t<meta name=\"twitter:data1\" content=\"5\u00a0Minuten\" \/>\n<script type=\"application\/ld+json\" class=\"yoast-schema-graph\">{\"@context\":\"https:\\\/\\\/schema.org\",\"@graph\":[{\"@type\":\"WebPage\",\"@id\":\"https:\\\/\\\/gloniuz.com\\\/de\\\/der-shop\\\/\",\"url\":\"https:\\\/\\\/gloniuz.com\\\/de\\\/der-shop\\\/\",\"name\":\"Der Shop - slow watches\",\"isPartOf\":{\"@id\":\"https:\\\/\\\/fr.slow-watches.com\\\/fr\\\/#website\"},\"datePublished\":\"2016-07-06T04:29:11+00:00\",\"dateModified\":\"2024-07-03T10:41:14+00:00\",\"breadcrumb\":{\"@id\":\"https:\\\/\\\/gloniuz.com\\\/de\\\/der-shop\\\/#breadcrumb\"},\"inLanguage\":\"de\",\"potentialAction\":[{\"@type\":\"ReadAction\",\"target\":[\"https:\\\/\\\/gloniuz.com\\\/de\\\/der-shop\\\/\"]}]},{\"@type\":\"BreadcrumbList\",\"@id\":\"https:\\\/\\\/gloniuz.com\\\/de\\\/der-shop\\\/#breadcrumb\",\"itemListElement\":[{\"@type\":\"ListItem\",\"position\":1,\"name\":\"Home\",\"item\":\"https:\\\/\\\/de.slow-watches.com\\\/de\\\/\"},{\"@type\":\"ListItem\",\"position\":2,\"name\":\"Der Shop\"}]},{\"@type\":\"WebSite\",\"@id\":\"https:\\\/\\\/fr.slow-watches.com\\\/fr\\\/#website\",\"url\":\"https:\\\/\\\/fr.slow-watches.com\\\/fr\\\/\",\"name\":\"slow watches\",\"description\":\"\",\"potentialAction\":[{\"@type\":\"SearchAction\",\"target\":{\"@type\":\"EntryPoint\",\"urlTemplate\":\"https:\\\/\\\/fr.slow-watches.com\\\/fr\\\/?s={search_term_string}\"},\"query-input\":{\"@type\":\"PropertyValueSpecification\",\"valueRequired\":true,\"valueName\":\"search_term_string\"}}],\"inLanguage\":\"de\"}]}<\/script>\n<!-- \/ Yoast SEO Premium plugin. -->","yoast_head_json":{"title":"Der Shop - slow watches","robots":{"index":"index","follow":"follow","max-snippet":"max-snippet:-1","max-image-preview":"max-image-preview:large","max-video-preview":"max-video-preview:-1"},"canonical":"https:\/\/gloniuz.com\/de\/der-shop\/","og_locale":"de_DE","og_type":"article","og_title":"Der Shop","og_description":"WELCHER STYLE IST DEINER? NEU: Slow&nbsp;Solar NEU: Slow&nbsp;Solar Nutze die Kraft der Sonne mit der neuen SOLAR Linie von slow. Mit sechs neuen Uhren beginnt bei slow das Sonnen-Zeitalter. Alle...","og_url":"https:\/\/gloniuz.com\/de\/der-shop\/","og_site_name":"slow watches","article_publisher":"https:\/\/www.facebook.com\/theslowwatch\/","article_modified_time":"2024-07-03T10:41:14+00:00","twitter_card":"summary_large_image","twitter_site":"@theslowwatch","twitter_misc":{"Gesch\u00e4tzte Lesezeit":"5\u00a0Minuten"},"schema":{"@context":"https:\/\/schema.org","@graph":[{"@type":"WebPage","@id":"https:\/\/gloniuz.com\/de\/der-shop\/","url":"https:\/\/gloniuz.com\/de\/der-shop\/","name":"Der Shop - slow watches","isPartOf":{"@id":"https:\/\/fr.slow-watches.com\/fr\/#website"},"datePublished":"2016-07-06T04:29:11+00:00","dateModified":"2024-07-03T10:41:14+00:00","breadcrumb":{"@id":"https:\/\/gloniuz.com\/de\/der-shop\/#breadcrumb"},"inLanguage":"de","potentialAction":[{"@type":"ReadAction","target":["https:\/\/gloniuz.com\/de\/der-shop\/"]}]},{"@type":"BreadcrumbList","@id":"https:\/\/gloniuz.com\/de\/der-shop\/#breadcrumb","itemListElement":[{"@type":"ListItem","position":1,"name":"Home","item":"https:\/\/de.slow-watches.com\/de\/"},{"@type":"ListItem","position":2,"name":"Der Shop"}]},{"@type":"WebSite","@id":"https:\/\/fr.slow-watches.com\/fr\/#website","url":"https:\/\/fr.slow-watches.com\/fr\/","name":"slow watches","description":"","potentialAction":[{"@type":"SearchAction","target":{"@type":"EntryPoint","urlTemplate":"https:\/\/fr.slow-watches.com\/fr\/?s={search_term_string}"},"query-input":{"@type":"PropertyValueSpecification","valueRequired":true,"valueName":"search_term_string"}}],"inLanguage":"de"}]}},"_links":{"self":[{"href":"https:\/\/gloniuz.com\/de\/wp-json\/wp\/v2\/pages\/1724","targetHints":{"allow":["GET"]}}],"collection":[{"href":"https:\/\/gloniuz.com\/de\/wp-json\/wp\/v2\/pages"}],"about":[{"href":"https:\/\/gloniuz.com\/de\/wp-json\/wp\/v2\/types\/page"}],"author":[{"embeddable":true,"href":"https:\/\/gloniuz.com\/de\/wp-json\/wp\/v2\/users\/1"}],"replies":[{"embeddable":true,"href":"https:\/\/gloniuz.com\/de\/wp-json\/wp\/v2\/comments?post=1724"}],"version-history":[{"count":5,"href":"https:\/\/gloniuz.com\/de\/wp-json\/wp\/v2\/pages\/1724\/revisions"}],"predecessor-version":[{"id":326376,"href":"https:\/\/gloniuz.com\/de\/wp-json\/wp\/v2\/pages\/1724\/revisions\/326376"}],"wp:attachment":[{"href":"https:\/\/gloniuz.com\/de\/wp-json\/wp\/v2\/media?parent=1724"}],"curies":[{"name":"wp","href":"https:\/\/api.w.org\/{rel}","templated":true}]}}