{"id":190530,"date":"2018-12-31T22:36:37","date_gmt":"2018-12-31T21:36:37","guid":{"rendered":"https:\/\/www.slow-watches.com\/?page_id=190530"},"modified":"2019-05-28T04:28:15","modified_gmt":"2019-05-28T02:28:15","slug":"sei-slow","status":"publish","type":"page","link":"https:\/\/gloniuz.com\/de\/sei-slow\/","title":{"rendered":"sei slow"},"content":{"rendered":"<div class=\"be-slow\">\n<div class=\"row\">\n<div class=\"col-sm-12\">\n<h1 style=\"text-align: center;\">BIST DU BEREIT, SLOW ZU SEIN?<\/h1>\n<p class=\"p1\" style=\"text-align: center;\"><strong>slow<\/strong> ist keine Geschwindigkeit, sondern eine Lebenseinstellung, die viele von uns verloren haben.<\/p>\n<p class=\"p1\" style=\"text-align: center;\">In unserem hektischen Alltag vergessen wir h\u00e4ufig, dass wir die Wahl haben, wie wir unser Leben gestalten. Die <strong>slow<\/strong> Uhr dient als dezente Erinnerung daran, dass es die eigene Entscheidung ist, sich entweder stressen zu lassen oder den Blick aufs Wesentliche zu bewahren &#8211; ohne Zeitdruck.<\/p>\n<p class=\"p1\" style=\"text-align: center;\">Deswegen hat eine <strong>slow<\/strong> Uhr nur einen Zeiger und bildet alle 24 Stunden auf dem Zifferblatt ab. Dies erm\u00f6glicht eine ganzheitliche Sicht auf den Tag und l\u00e4sst uns die Zeit auf nat\u00fcrliche Art und Weise wahrnehmen. Ein kurzer Blick reicht, um die Uhrzeit auch weiterhin genau genug abzulesen.<\/p>\n<p class=\"p1\" style=\"text-align: center;\">Und ist es wirklich so wichtig, ob es nun 10:07 Uhr oder 10:08 Uhr ist?<\/p>\n<\/p><\/div>\n<\/div>\n<div class=\"row\">\n<div class=\"col-sm-6\">\n<div class=\"inner\">\n<h2><a href=\"\/de\/the-store-category\/slow-jo-38mm-de\/\">Slow Jo<\/a><\/h2>\n<div class=\"img\"><a href=\"\/de\/the-store-category\/slow-jo-38mm-de\/\" target=\"_self\"><img decoding=\"async\" src=\"\/wp-content\/uploads\/2018\/12\/slow_jo_500x333.jpeg\" class=\"img-responsive\" alt=\"\"><\/a>\n\t\t\t\t<\/div>\n<\/p><\/div>\n<\/p><\/div>\n<div class=\"col-sm-6\">\n<div class=\"inner\">\n<h2><a href=\"\/de\/the-store-category\/slow-round-de\/\">slow Round<\/a><\/h2>\n<div class=\"img\"><a href=\"\/de\/the-store-category\/slow-round-de\/\" target=\"_self\"><img decoding=\"async\" src=\"\/wp-content\/uploads\/2018\/12\/slow_round_11_500x333.jpeg\" class=\"img-responsive\" alt=\"\"><\/a>\n\t\t\t\t<\/div>\n<\/p><\/div>\n<\/p><\/div>\n<div class=\"col-sm-12\">\n\t\t\t<a href=\"\/de\/all-watch\/\" class=\"btn-link\">ALLE UHREN<\/a>\n\t\t<\/div>\n<\/p><\/div>\n<\/div>\n","protected":false},"excerpt":{"rendered":"<p>BIST DU BEREIT, SLOW ZU SEIN? slow ist keine Geschwindigkeit, sondern eine Lebenseinstellung, die viele von uns verloren haben. In unserem hektischen Alltag vergessen wir h\u00e4ufig, dass wir die Wahl&#8230;<\/p>\n","protected":false},"author":1,"featured_media":0,"parent":0,"menu_order":0,"comment_status":"closed","ping_status":"closed","template":"page-Fullwidth.php","meta":{"_acf_changed":false,"footnotes":""},"class_list":["post-190530","page","type-page","status-publish","hentry"],"acf":[],"yoast_head":"<!-- This site is optimized with the Yoast SEO Premium plugin v27.5 (Yoast SEO v27.5) - https:\/\/yoast.com\/product\/yoast-seo-premium-wordpress\/ -->\n<title>sei slow - slow watches<\/title>\n<meta name=\"robots\" content=\"index, follow, max-snippet:-1, max-image-preview:large, max-video-preview:-1\" \/>\n<link rel=\"canonical\" href=\"https:\/\/gloniuz.com\/de\/sei-slow\/\" \/>\n<meta property=\"og:locale\" content=\"de_DE\" \/>\n<meta property=\"og:type\" content=\"article\" \/>\n<meta property=\"og:title\" content=\"sei slow\" \/>\n<meta property=\"og:description\" content=\"BIST DU BEREIT, SLOW ZU SEIN? slow ist keine Geschwindigkeit, sondern eine Lebenseinstellung, die viele von uns verloren haben. In unserem hektischen Alltag vergessen wir h\u00e4ufig, dass wir die Wahl...\" \/>\n<meta property=\"og:url\" content=\"https:\/\/gloniuz.com\/de\/sei-slow\/\" \/>\n<meta property=\"og:site_name\" content=\"slow watches\" \/>\n<meta property=\"article:publisher\" content=\"https:\/\/www.facebook.com\/theslowwatch\/\" \/>\n<meta property=\"article:modified_time\" content=\"2019-05-28T02:28:15+00:00\" \/>\n<meta property=\"og:image\" content=\"https:\/\/gloniuz.com\/wp-content\/uploads\/2018\/12\/slow_jo_500x333.jpeg\" \/>\n<meta name=\"twitter:card\" content=\"summary_large_image\" \/>\n<meta name=\"twitter:site\" content=\"@theslowwatch\" \/>\n<meta name=\"twitter:label1\" content=\"Gesch\u00e4tzte Lesezeit\" \/>\n\t<meta name=\"twitter:data1\" content=\"1\u00a0Minute\" \/>\n<script type=\"application\/ld+json\" class=\"yoast-schema-graph\">{\"@context\":\"https:\\\/\\\/schema.org\",\"@graph\":[{\"@type\":\"WebPage\",\"@id\":\"https:\\\/\\\/gloniuz.com\\\/de\\\/sei-slow\\\/\",\"url\":\"https:\\\/\\\/gloniuz.com\\\/de\\\/sei-slow\\\/\",\"name\":\"sei slow - slow watches\",\"isPartOf\":{\"@id\":\"https:\\\/\\\/fr.slow-watches.com\\\/fr\\\/#website\"},\"datePublished\":\"2018-12-31T21:36:37+00:00\",\"dateModified\":\"2019-05-28T02:28:15+00:00\",\"breadcrumb\":{\"@id\":\"https:\\\/\\\/gloniuz.com\\\/de\\\/sei-slow\\\/#breadcrumb\"},\"inLanguage\":\"de\",\"potentialAction\":[{\"@type\":\"ReadAction\",\"target\":[\"https:\\\/\\\/gloniuz.com\\\/de\\\/sei-slow\\\/\"]}]},{\"@type\":\"BreadcrumbList\",\"@id\":\"https:\\\/\\\/gloniuz.com\\\/de\\\/sei-slow\\\/#breadcrumb\",\"itemListElement\":[{\"@type\":\"ListItem\",\"position\":1,\"name\":\"Home\",\"item\":\"https:\\\/\\\/de.slow-watches.com\\\/de\\\/\"},{\"@type\":\"ListItem\",\"position\":2,\"name\":\"sei slow\"}]},{\"@type\":\"WebSite\",\"@id\":\"https:\\\/\\\/fr.slow-watches.com\\\/fr\\\/#website\",\"url\":\"https:\\\/\\\/fr.slow-watches.com\\\/fr\\\/\",\"name\":\"slow watches\",\"description\":\"\",\"potentialAction\":[{\"@type\":\"SearchAction\",\"target\":{\"@type\":\"EntryPoint\",\"urlTemplate\":\"https:\\\/\\\/fr.slow-watches.com\\\/fr\\\/?s={search_term_string}\"},\"query-input\":{\"@type\":\"PropertyValueSpecification\",\"valueRequired\":true,\"valueName\":\"search_term_string\"}}],\"inLanguage\":\"de\"}]}<\/script>\n<!-- \/ Yoast SEO Premium plugin. -->","yoast_head_json":{"title":"sei slow - slow watches","robots":{"index":"index","follow":"follow","max-snippet":"max-snippet:-1","max-image-preview":"max-image-preview:large","max-video-preview":"max-video-preview:-1"},"canonical":"https:\/\/gloniuz.com\/de\/sei-slow\/","og_locale":"de_DE","og_type":"article","og_title":"sei slow","og_description":"BIST DU BEREIT, SLOW ZU SEIN? slow ist keine Geschwindigkeit, sondern eine Lebenseinstellung, die viele von uns verloren haben. In unserem hektischen Alltag vergessen wir h\u00e4ufig, dass wir die Wahl...","og_url":"https:\/\/gloniuz.com\/de\/sei-slow\/","og_site_name":"slow watches","article_publisher":"https:\/\/www.facebook.com\/theslowwatch\/","article_modified_time":"2019-05-28T02:28:15+00:00","og_image":[{"url":"https:\/\/gloniuz.com\/wp-content\/uploads\/2018\/12\/slow_jo_500x333.jpeg","type":"","width":"","height":""}],"twitter_card":"summary_large_image","twitter_site":"@theslowwatch","twitter_misc":{"Gesch\u00e4tzte Lesezeit":"1\u00a0Minute"},"schema":{"@context":"https:\/\/schema.org","@graph":[{"@type":"WebPage","@id":"https:\/\/gloniuz.com\/de\/sei-slow\/","url":"https:\/\/gloniuz.com\/de\/sei-slow\/","name":"sei slow - slow watches","isPartOf":{"@id":"https:\/\/fr.slow-watches.com\/fr\/#website"},"datePublished":"2018-12-31T21:36:37+00:00","dateModified":"2019-05-28T02:28:15+00:00","breadcrumb":{"@id":"https:\/\/gloniuz.com\/de\/sei-slow\/#breadcrumb"},"inLanguage":"de","potentialAction":[{"@type":"ReadAction","target":["https:\/\/gloniuz.com\/de\/sei-slow\/"]}]},{"@type":"BreadcrumbList","@id":"https:\/\/gloniuz.com\/de\/sei-slow\/#breadcrumb","itemListElement":[{"@type":"ListItem","position":1,"name":"Home","item":"https:\/\/de.slow-watches.com\/de\/"},{"@type":"ListItem","position":2,"name":"sei slow"}]},{"@type":"WebSite","@id":"https:\/\/fr.slow-watches.com\/fr\/#website","url":"https:\/\/fr.slow-watches.com\/fr\/","name":"slow watches","description":"","potentialAction":[{"@type":"SearchAction","target":{"@type":"EntryPoint","urlTemplate":"https:\/\/fr.slow-watches.com\/fr\/?s={search_term_string}"},"query-input":{"@type":"PropertyValueSpecification","valueRequired":true,"valueName":"search_term_string"}}],"inLanguage":"de"}]}},"_links":{"self":[{"href":"https:\/\/gloniuz.com\/de\/wp-json\/wp\/v2\/pages\/190530","targetHints":{"allow":["GET"]}}],"collection":[{"href":"https:\/\/gloniuz.com\/de\/wp-json\/wp\/v2\/pages"}],"about":[{"href":"https:\/\/gloniuz.com\/de\/wp-json\/wp\/v2\/types\/page"}],"author":[{"embeddable":true,"href":"https:\/\/gloniuz.com\/de\/wp-json\/wp\/v2\/users\/1"}],"replies":[{"embeddable":true,"href":"https:\/\/gloniuz.com\/de\/wp-json\/wp\/v2\/comments?post=190530"}],"version-history":[{"count":0,"href":"https:\/\/gloniuz.com\/de\/wp-json\/wp\/v2\/pages\/190530\/revisions"}],"wp:attachment":[{"href":"https:\/\/gloniuz.com\/de\/wp-json\/wp\/v2\/media?parent=190530"}],"curies":[{"name":"wp","href":"https:\/\/api.w.org\/{rel}","templated":true}]}}