{"id":57525,"date":"2017-09-19T13:24:10","date_gmt":"2017-09-19T11:24:10","guid":{"rendered":"https:\/\/www.slow-watches.com\/?page_id=57525\/"},"modified":"2019-05-28T07:11:08","modified_gmt":"2019-05-28T05:11:08","slug":"armbaender","status":"publish","type":"page","link":"https:\/\/gloniuz.com\/de\/armbaender\/","title":{"rendered":"Armbaender"},"content":{"rendered":"<div class=\"product-cat-bands\">\n<div class=\"row\">\n<div class=\"col-sm-12\">\n<h2 style=\"text-align: center;\">WIE W\u00c4R\u2019S MIT EINEM EXTRA BAND?<\/h2>\n<p style=\"text-align: center;\">Wenn Du schon eine <b>slow<\/b> hast und oder eine individuelle Kombination m\u00f6chtest, kannst Du Dir ganz einfach ein zus\u00e4tzliches Armband dazu bestellen.<\/p>\n<p style=\"text-align: center;\">Passend zu jedem Modell findest Du hier die Armb\u00e4nder f\u00fcr die jeweilige Gr\u00f6\u00dfe und kannst so aus einer <b>slow<\/b> zwei machen! Es wird mit einem kleinen Werkzeug geliefert, so dass Du es selber austauschen kannst.<\/p>\n<\/p><\/div>\n<\/p><\/div>\n<div class=\"row\">\n<div class=\"col-sm-4\">\n<div class=\"inner\">\n<h2><a href=\"\/de\/the-store-category\/slow-jo-bands-22mm\/\">Slow Jo &#8211; B\u00e4nder (22 mm)<\/a><\/h2>\n<p>\t\t\t<a href=\"\/de\/the-store-category\/slow-jo-bands-22mm\/\" target=\"_self\"><img decoding=\"async\" src=\"\/wp-content\/uploads\/2016\/03\/slow_jo_band-200x210.png\" class=\"img-responsive\" alt=\"\"><\/a><\/p>\n<p><a href=\"\/de\/the-store-category\/slow-jo-bands-22mm\/\" class=\"btn\">ZUM SHOP<\/a><\/p>\n<\/p><\/div>\n<\/div>\n<div class=\"col-sm-4\">\n<div class=\"inner\">\n<h2><a href=\"\/de\/the-store-category\/slow-mo-bands-20mm\/\">Slow Mo\/Round &#8211; B\u00e4nder (20 mm)<\/a><\/h2>\n<p>\t\t\t<a href=\"\/de\/the-store-category\/slow-mo-bands-20mm\/\" target=\"_self\"><img decoding=\"async\" src=\"\/wp-content\/uploads\/2016\/03\/slow_mo_band-200x210.png\" class=\"img-responsive\" alt=\"\"><\/a><\/p>\n<p><a href=\"\/de\/the-store-category\/slow-mo-bands-20mm\/\" class=\"btn\">ZUM SHOP<\/a><\/p>\n<\/p><\/div>\n<\/div>\n<div class=\"col-sm-4\">\n<div class=\"inner\">\n<h2><a href=\"\/de\/the-store-category\/slow-o-bands-22mm\/\">Slow O &#8211; B\u00e4nder (22 mm)<\/a><\/h2>\n<p>\t\t\t<a href=\"\/de\/the-store-category\/slow-o-bands-22mm\/\" target=\"_self\"><img decoding=\"async\" src=\"\/wp-content\/uploads\/2016\/03\/slow_o_band-200x210.png\" class=\"img-responsive\" alt=\"\"><\/a><\/p>\n<p><a href=\"\/de\/the-store-category\/slow-o-bands-22mm\/\" class=\"btn\">ZUM SHOP<\/a><\/p>\n<\/p><\/div>\n<\/div><\/div>\n<\/div>\n<div class=\"row\">\n<div class=\"col-sm-12\">\n<h2 style=\"text-align: center;\">Wie man die Armb\u00e4nder austauscht<\/h2>\n<p>&nbsp;<\/p>\n<div class=\"video_wrapper\">\n<div class=\"brlbs-cmpnt-container brlbs-cmpnt-content-blocker brlbs-cmpnt-with-individual-styles\" data-borlabs-cookie-content-blocker-id=\"youtube-content-blocker\" data-borlabs-cookie-content=\"PGlmcmFtZSBzcmM9Imh0dHBzOi8vd3d3LnlvdXR1YmUtbm9jb29raWUuY29tL2VtYmVkL0Z1QkJCQmwzM0w0P3JlbD0wIiBhbGxvd2Z1bGxzY3JlZW49IiIgd2lkdGg9IjUwMCIgaGVpZ2h0PSIyODEiIGZyYW1lYm9yZGVyPSIwIj48L2lmcmFtZT4=\">\n<div class=\"brlbs-cmpnt-cb-preset-c brlbs-cmpnt-cb-youtube\">\n<div class=\"brlbs-cmpnt-cb-thumbnail\" style=\"background-image: url('https:\/\/gloniuz.com\/wp-content\/uploads\/borlabs-cookie\/1\/yt_FuBBBBl33L4_hqdefault.jpg')\"><\/div>\n<div class=\"brlbs-cmpnt-cb-main\">\n<div class=\"brlbs-cmpnt-cb-play-button\"><\/div>\n<div class=\"brlbs-cmpnt-cb-content\">\n<p class=\"brlbs-cmpnt-cb-description\">Sie sehen gerade einen Platzhalterinhalt von <strong>YouTube<\/strong>. Um auf den eigentlichen Inhalt zuzugreifen, klicken Sie auf die Schaltfl\u00e4che unten. Bitte beachten Sie, dass dabei Daten an Drittanbieter weitergegeben werden.<\/p>\n<p> <a class=\"brlbs-cmpnt-cb-provider-toggle\" href=\"#\" data-borlabs-cookie-show-provider-information role=\"button\">Mehr Informationen<\/a> <\/div>\n<div class=\"brlbs-cmpnt-cb-buttons\"> <a class=\"brlbs-cmpnt-cb-btn\" href=\"#\" data-borlabs-cookie-unblock role=\"button\">Inhalt entsperren<\/a> <a class=\"brlbs-cmpnt-cb-btn\" href=\"#\" data-borlabs-cookie-accept-service role=\"button\" style=\"display: inherit\">Erforderlichen Service akzeptieren und Inhalte entsperren<\/a> <\/div>\n<\/p><\/div>\n<\/p><\/div>\n<\/div>\n<\/div>\n<p>&nbsp;<\/p>\n<\/div>\n<\/div>\n","protected":false},"excerpt":{"rendered":"<p>WIE W\u00c4R\u2019S MIT EINEM EXTRA BAND? Wenn Du schon eine slow hast und oder eine individuelle Kombination m\u00f6chtest, kannst Du Dir ganz einfach ein zus\u00e4tzliches Armband dazu bestellen. Passend zu&#8230;<\/p>\n","protected":false},"author":1,"featured_media":0,"parent":0,"menu_order":0,"comment_status":"closed","ping_status":"closed","template":"","meta":{"_acf_changed":false,"footnotes":""},"class_list":["post-57525","page","type-page","status-publish","hentry"],"acf":[],"yoast_head":"<!-- This site is optimized with the Yoast SEO Premium plugin v27.5 (Yoast SEO v27.5) - https:\/\/yoast.com\/product\/yoast-seo-premium-wordpress\/ -->\n<title>Armbaender - slow watches<\/title>\n<meta name=\"robots\" content=\"index, follow, max-snippet:-1, max-image-preview:large, max-video-preview:-1\" \/>\n<link rel=\"canonical\" href=\"https:\/\/gloniuz.com\/de\/armbaender\/\" \/>\n<meta property=\"og:locale\" content=\"de_DE\" \/>\n<meta property=\"og:type\" content=\"article\" \/>\n<meta property=\"og:title\" content=\"Armbaender\" \/>\n<meta property=\"og:description\" content=\"WIE W\u00c4R\u2019S MIT EINEM EXTRA BAND? Wenn Du schon eine slow hast und oder eine individuelle Kombination m\u00f6chtest, kannst Du Dir ganz einfach ein zus\u00e4tzliches Armband dazu bestellen. Passend zu...\" \/>\n<meta property=\"og:url\" content=\"https:\/\/gloniuz.com\/de\/armbaender\/\" \/>\n<meta property=\"og:site_name\" content=\"slow watches\" \/>\n<meta property=\"article:publisher\" content=\"https:\/\/www.facebook.com\/theslowwatch\/\" \/>\n<meta property=\"article:modified_time\" content=\"2019-05-28T05:11:08+00:00\" \/>\n<meta property=\"og:image\" content=\"https:\/\/gloniuz.com\/wp-content\/uploads\/2016\/03\/slow_jo_band-200x210.png\" \/>\n<meta name=\"twitter:card\" content=\"summary_large_image\" \/>\n<meta name=\"twitter:site\" content=\"@theslowwatch\" \/>\n<meta name=\"twitter:label1\" content=\"Gesch\u00e4tzte Lesezeit\" \/>\n\t<meta name=\"twitter:data1\" content=\"1\u00a0Minute\" \/>\n<script type=\"application\/ld+json\" class=\"yoast-schema-graph\">{\"@context\":\"https:\\\/\\\/schema.org\",\"@graph\":[{\"@type\":\"WebPage\",\"@id\":\"https:\\\/\\\/gloniuz.com\\\/de\\\/armbaender\\\/\",\"url\":\"https:\\\/\\\/gloniuz.com\\\/de\\\/armbaender\\\/\",\"name\":\"Armbaender - slow watches\",\"isPartOf\":{\"@id\":\"https:\\\/\\\/fr.slow-watches.com\\\/fr\\\/#website\"},\"datePublished\":\"2017-09-19T11:24:10+00:00\",\"dateModified\":\"2019-05-28T05:11:08+00:00\",\"breadcrumb\":{\"@id\":\"https:\\\/\\\/gloniuz.com\\\/de\\\/armbaender\\\/#breadcrumb\"},\"inLanguage\":\"de\",\"potentialAction\":[{\"@type\":\"ReadAction\",\"target\":[\"https:\\\/\\\/gloniuz.com\\\/de\\\/armbaender\\\/\"]}]},{\"@type\":\"BreadcrumbList\",\"@id\":\"https:\\\/\\\/gloniuz.com\\\/de\\\/armbaender\\\/#breadcrumb\",\"itemListElement\":[{\"@type\":\"ListItem\",\"position\":1,\"name\":\"Home\",\"item\":\"https:\\\/\\\/de.slow-watches.com\\\/de\\\/\"},{\"@type\":\"ListItem\",\"position\":2,\"name\":\"Armbaender\"}]},{\"@type\":\"WebSite\",\"@id\":\"https:\\\/\\\/fr.slow-watches.com\\\/fr\\\/#website\",\"url\":\"https:\\\/\\\/fr.slow-watches.com\\\/fr\\\/\",\"name\":\"slow watches\",\"description\":\"\",\"potentialAction\":[{\"@type\":\"SearchAction\",\"target\":{\"@type\":\"EntryPoint\",\"urlTemplate\":\"https:\\\/\\\/fr.slow-watches.com\\\/fr\\\/?s={search_term_string}\"},\"query-input\":{\"@type\":\"PropertyValueSpecification\",\"valueRequired\":true,\"valueName\":\"search_term_string\"}}],\"inLanguage\":\"de\"}]}<\/script>\n<!-- \/ Yoast SEO Premium plugin. -->","yoast_head_json":{"title":"Armbaender - slow watches","robots":{"index":"index","follow":"follow","max-snippet":"max-snippet:-1","max-image-preview":"max-image-preview:large","max-video-preview":"max-video-preview:-1"},"canonical":"https:\/\/gloniuz.com\/de\/armbaender\/","og_locale":"de_DE","og_type":"article","og_title":"Armbaender","og_description":"WIE W\u00c4R\u2019S MIT EINEM EXTRA BAND? Wenn Du schon eine slow hast und oder eine individuelle Kombination m\u00f6chtest, kannst Du Dir ganz einfach ein zus\u00e4tzliches Armband dazu bestellen. Passend zu...","og_url":"https:\/\/gloniuz.com\/de\/armbaender\/","og_site_name":"slow watches","article_publisher":"https:\/\/www.facebook.com\/theslowwatch\/","article_modified_time":"2019-05-28T05:11:08+00:00","og_image":[{"url":"https:\/\/gloniuz.com\/wp-content\/uploads\/2016\/03\/slow_jo_band-200x210.png","type":"","width":"","height":""}],"twitter_card":"summary_large_image","twitter_site":"@theslowwatch","twitter_misc":{"Gesch\u00e4tzte Lesezeit":"1\u00a0Minute"},"schema":{"@context":"https:\/\/schema.org","@graph":[{"@type":"WebPage","@id":"https:\/\/gloniuz.com\/de\/armbaender\/","url":"https:\/\/gloniuz.com\/de\/armbaender\/","name":"Armbaender - slow watches","isPartOf":{"@id":"https:\/\/fr.slow-watches.com\/fr\/#website"},"datePublished":"2017-09-19T11:24:10+00:00","dateModified":"2019-05-28T05:11:08+00:00","breadcrumb":{"@id":"https:\/\/gloniuz.com\/de\/armbaender\/#breadcrumb"},"inLanguage":"de","potentialAction":[{"@type":"ReadAction","target":["https:\/\/gloniuz.com\/de\/armbaender\/"]}]},{"@type":"BreadcrumbList","@id":"https:\/\/gloniuz.com\/de\/armbaender\/#breadcrumb","itemListElement":[{"@type":"ListItem","position":1,"name":"Home","item":"https:\/\/de.slow-watches.com\/de\/"},{"@type":"ListItem","position":2,"name":"Armbaender"}]},{"@type":"WebSite","@id":"https:\/\/fr.slow-watches.com\/fr\/#website","url":"https:\/\/fr.slow-watches.com\/fr\/","name":"slow watches","description":"","potentialAction":[{"@type":"SearchAction","target":{"@type":"EntryPoint","urlTemplate":"https:\/\/fr.slow-watches.com\/fr\/?s={search_term_string}"},"query-input":{"@type":"PropertyValueSpecification","valueRequired":true,"valueName":"search_term_string"}}],"inLanguage":"de"}]}},"_links":{"self":[{"href":"https:\/\/gloniuz.com\/de\/wp-json\/wp\/v2\/pages\/57525","targetHints":{"allow":["GET"]}}],"collection":[{"href":"https:\/\/gloniuz.com\/de\/wp-json\/wp\/v2\/pages"}],"about":[{"href":"https:\/\/gloniuz.com\/de\/wp-json\/wp\/v2\/types\/page"}],"author":[{"embeddable":true,"href":"https:\/\/gloniuz.com\/de\/wp-json\/wp\/v2\/users\/1"}],"replies":[{"embeddable":true,"href":"https:\/\/gloniuz.com\/de\/wp-json\/wp\/v2\/comments?post=57525"}],"version-history":[{"count":0,"href":"https:\/\/gloniuz.com\/de\/wp-json\/wp\/v2\/pages\/57525\/revisions"}],"wp:attachment":[{"href":"https:\/\/gloniuz.com\/de\/wp-json\/wp\/v2\/media?parent=57525"}],"curies":[{"name":"wp","href":"https:\/\/api.w.org\/{rel}","templated":true}]}}