{"id":1670,"date":"2016-03-21T08:07:33","date_gmt":"2016-03-21T07:07:33","guid":{"rendered":"http:\/\/www.slow-watches.com\/the-store\/slow-jo-17-2.html"},"modified":"2026-03-30T21:54:30","modified_gmt":"2026-03-30T19:54:30","slug":"slow-jo-17-einzeigeruhr-swiss-made","status":"publish","type":"product","link":"https:\/\/gloniuz.com\/de\/product\/slow-jo-17-einzeigeruhr-swiss-made\/","title":{"rendered":"Slow Jo 17"},"content":{"rendered":"<p>Alle Materialien dieses Modells haben wir farblich so nat\u00fcrlich wie m\u00f6glich belassen. Das silberne Geh\u00e4use und dunkelbraune Armband ist besonders und dezent zugleich. Wenn Du zus\u00e4tzlich noch ein kr\u00e4ftiges Leder magst, dann ist dies die perfekte Wahl!<\/p>\n<ul>\n<li>Swiss Made, Schweizer GMT Quarzuhrwerk<\/li>\n<li>Uhrzeit +- 1 bis 2 Minuten genau ablesbar<\/li>\n<li>38 mm silbernes Edelstahlgeh\u00e4use, 100 M wasserdicht<\/li>\n<li>Italienisches Vintage Kalbslederarmband<\/li>\n<\/ul>\n<p>&nbsp;<\/p>\n","protected":false},"excerpt":{"rendered":"<p>Dark Brown Vintage Leather, Silver Case, Cr\u00e8me Dial<\/p>\n","protected":false},"featured_media":327395,"comment_status":"open","ping_status":"closed","template":"","meta":{"_acf_changed":false,"footnotes":""},"product_brand":[],"product_cat":[34],"product_tag":[],"class_list":{"0":"post-1670","1":"product","2":"type-product","3":"status-publish","4":"has-post-thumbnail","6":"product_cat-slow-jo-38mm-de","8":"first","9":"instock","10":"featured","11":"taxable","12":"shipping-taxable","13":"purchasable","14":"product-type-simple"},"acf":[],"yoast_head":"<!-- This site is optimized with the Yoast SEO Premium plugin v27.5 (Yoast SEO v27.5) - https:\/\/yoast.com\/product\/yoast-seo-premium-wordpress\/ -->\n<title>Slow Jo 17 - slow watches<\/title>\n<meta name=\"robots\" content=\"index, follow, max-snippet:-1, max-image-preview:large, max-video-preview:-1\" \/>\n<link rel=\"canonical\" href=\"https:\/\/gloniuz.com\/de\/product\/slow-jo-17-einzeigeruhr-swiss-made\/\" \/>\n<meta property=\"og:locale\" content=\"de_DE\" \/>\n<meta property=\"og:type\" content=\"article\" \/>\n<meta property=\"og:title\" content=\"Slow Jo 17\" \/>\n<meta property=\"og:description\" content=\"Dark Brown Vintage Leather, Silver Case, Cr\u00e8me Dial\" \/>\n<meta property=\"og:url\" content=\"https:\/\/gloniuz.com\/de\/product\/slow-jo-17-einzeigeruhr-swiss-made\/\" \/>\n<meta property=\"og:site_name\" content=\"slow watches\" \/>\n<meta property=\"article:publisher\" content=\"https:\/\/www.facebook.com\/theslowwatch\/\" \/>\n<meta property=\"article:modified_time\" content=\"2026-03-30T19:54:30+00:00\" \/>\n<meta property=\"og:image\" content=\"https:\/\/slow-watches.com\/wp-content\/uploads\/2016\/03\/slow-Jo-17-Swiss-one-hand-watch-Silver-dark-brown.jpg\" \/>\n\t<meta property=\"og:image:width\" content=\"1000\" \/>\n\t<meta property=\"og:image:height\" content=\"1000\" \/>\n\t<meta property=\"og:image:type\" content=\"image\/jpeg\" \/>\n<meta name=\"twitter:card\" content=\"summary_large_image\" \/>\n<meta name=\"twitter:site\" content=\"@theslowwatch\" \/>\n<meta name=\"twitter:label1\" content=\"Preis\" \/>\n\t<meta name=\"twitter:data1\" content=\"&#036;290\" \/>\n\t<meta name=\"twitter:label2\" content=\"Verf\u00fcgbarkeit\" \/>\n\t<meta name=\"twitter:data2\" content=\"Auf Lager\" \/>\n<script type=\"application\/ld+json\" class=\"yoast-schema-graph\">{\"@context\":\"https:\\\/\\\/schema.org\",\"@graph\":[{\"@type\":\"WebPage\",\"@id\":\"https:\\\/\\\/gloniuz.com\\\/de\\\/product\\\/slow-jo-17-einzeigeruhr-swiss-made\\\/\",\"url\":\"https:\\\/\\\/gloniuz.com\\\/de\\\/product\\\/slow-jo-17-einzeigeruhr-swiss-made\\\/\",\"name\":\"Slow Jo 17 - slow watches\",\"isPartOf\":{\"@id\":\"https:\\\/\\\/fr.slow-watches.com\\\/fr\\\/#website\"},\"primaryImageOfPage\":{\"@id\":\"https:\\\/\\\/gloniuz.com\\\/de\\\/product\\\/slow-jo-17-einzeigeruhr-swiss-made\\\/#primaryimage\"},\"image\":{\"@id\":\"https:\\\/\\\/gloniuz.com\\\/de\\\/product\\\/slow-jo-17-einzeigeruhr-swiss-made\\\/#primaryimage\"},\"thumbnailUrl\":\"https:\\\/\\\/gloniuz.com\\\/wp-content\\\/uploads\\\/2016\\\/03\\\/slow-Jo-17-Swiss-one-hand-watch-Silver-dark-brown-2.jpg\",\"datePublished\":\"2016-03-21T07:07:33+00:00\",\"dateModified\":\"2026-03-30T19:54:30+00:00\",\"breadcrumb\":{\"@id\":\"https:\\\/\\\/gloniuz.com\\\/de\\\/product\\\/slow-jo-17-einzeigeruhr-swiss-made\\\/#breadcrumb\"},\"inLanguage\":\"de\",\"potentialAction\":[{\"@type\":\"ReadAction\",\"target\":[\"https:\\\/\\\/gloniuz.com\\\/de\\\/product\\\/slow-jo-17-einzeigeruhr-swiss-made\\\/\"]}]},{\"@type\":\"ImageObject\",\"inLanguage\":\"de\",\"@id\":\"https:\\\/\\\/gloniuz.com\\\/de\\\/product\\\/slow-jo-17-einzeigeruhr-swiss-made\\\/#primaryimage\",\"url\":\"https:\\\/\\\/gloniuz.com\\\/wp-content\\\/uploads\\\/2016\\\/03\\\/slow-Jo-17-Swiss-one-hand-watch-Silver-dark-brown-2.jpg\",\"contentUrl\":\"https:\\\/\\\/gloniuz.com\\\/wp-content\\\/uploads\\\/2016\\\/03\\\/slow-Jo-17-Swiss-one-hand-watch-Silver-dark-brown-2.jpg\",\"width\":890,\"height\":893},{\"@type\":\"BreadcrumbList\",\"@id\":\"https:\\\/\\\/gloniuz.com\\\/de\\\/product\\\/slow-jo-17-einzeigeruhr-swiss-made\\\/#breadcrumb\",\"itemListElement\":[{\"@type\":\"ListItem\",\"position\":1,\"name\":\"Home\",\"item\":\"https:\\\/\\\/de.slow-watches.com\\\/de\\\/\"},{\"@type\":\"ListItem\",\"position\":2,\"name\":\"Produkte\",\"item\":\"https:\\\/\\\/www.slow-watches.com\\\/shop\\\/\"},{\"@type\":\"ListItem\",\"position\":3,\"name\":\"Slow Jo 17\"}]},{\"@type\":\"WebSite\",\"@id\":\"https:\\\/\\\/fr.slow-watches.com\\\/fr\\\/#website\",\"url\":\"https:\\\/\\\/fr.slow-watches.com\\\/fr\\\/\",\"name\":\"slow watches\",\"description\":\"\",\"potentialAction\":[{\"@type\":\"SearchAction\",\"target\":{\"@type\":\"EntryPoint\",\"urlTemplate\":\"https:\\\/\\\/fr.slow-watches.com\\\/fr\\\/?s={search_term_string}\"},\"query-input\":{\"@type\":\"PropertyValueSpecification\",\"valueRequired\":true,\"valueName\":\"search_term_string\"}}],\"inLanguage\":\"de\"}]}<\/script>\n<meta property=\"product:price:amount\" content=\"290.00\" \/>\n<meta property=\"product:price:currency\" content=\"USD\" \/>\n<meta property=\"og:availability\" content=\"instock\" \/>\n<meta property=\"product:availability\" content=\"instock\" \/>\n<meta property=\"product:retailer_item_id\" content=\"8009600007206\" \/>\n<meta property=\"product:condition\" content=\"new\" \/>\n<!-- \/ Yoast SEO Premium plugin. -->","yoast_head_json":{"title":"Slow Jo 17 - slow watches","robots":{"index":"index","follow":"follow","max-snippet":"max-snippet:-1","max-image-preview":"max-image-preview:large","max-video-preview":"max-video-preview:-1"},"canonical":"https:\/\/gloniuz.com\/de\/product\/slow-jo-17-einzeigeruhr-swiss-made\/","og_locale":"de_DE","og_type":"article","og_title":"Slow Jo 17","og_description":"Dark Brown Vintage Leather, Silver Case, Cr\u00e8me Dial","og_url":"https:\/\/gloniuz.com\/de\/product\/slow-jo-17-einzeigeruhr-swiss-made\/","og_site_name":"slow watches","article_publisher":"https:\/\/www.facebook.com\/theslowwatch\/","article_modified_time":"2026-03-30T19:54:30+00:00","og_image":[{"width":1000,"height":1000,"url":"https:\/\/slow-watches.com\/wp-content\/uploads\/2016\/03\/slow-Jo-17-Swiss-one-hand-watch-Silver-dark-brown.jpg","type":"image\/jpeg"}],"twitter_card":"summary_large_image","twitter_site":"@theslowwatch","twitter_misc":{"Preis":"&#36;290","Verf\u00fcgbarkeit":"Auf Lager"},"schema":{"@context":"https:\/\/schema.org","@graph":[{"@type":"WebPage","@id":"https:\/\/gloniuz.com\/de\/product\/slow-jo-17-einzeigeruhr-swiss-made\/","url":"https:\/\/gloniuz.com\/de\/product\/slow-jo-17-einzeigeruhr-swiss-made\/","name":"Slow Jo 17 - slow watches","isPartOf":{"@id":"https:\/\/fr.slow-watches.com\/fr\/#website"},"primaryImageOfPage":{"@id":"https:\/\/gloniuz.com\/de\/product\/slow-jo-17-einzeigeruhr-swiss-made\/#primaryimage"},"image":{"@id":"https:\/\/gloniuz.com\/de\/product\/slow-jo-17-einzeigeruhr-swiss-made\/#primaryimage"},"thumbnailUrl":"https:\/\/gloniuz.com\/wp-content\/uploads\/2016\/03\/slow-Jo-17-Swiss-one-hand-watch-Silver-dark-brown-2.jpg","datePublished":"2016-03-21T07:07:33+00:00","dateModified":"2026-03-30T19:54:30+00:00","breadcrumb":{"@id":"https:\/\/gloniuz.com\/de\/product\/slow-jo-17-einzeigeruhr-swiss-made\/#breadcrumb"},"inLanguage":"de","potentialAction":[{"@type":"ReadAction","target":["https:\/\/gloniuz.com\/de\/product\/slow-jo-17-einzeigeruhr-swiss-made\/"]}]},{"@type":"ImageObject","inLanguage":"de","@id":"https:\/\/gloniuz.com\/de\/product\/slow-jo-17-einzeigeruhr-swiss-made\/#primaryimage","url":"https:\/\/gloniuz.com\/wp-content\/uploads\/2016\/03\/slow-Jo-17-Swiss-one-hand-watch-Silver-dark-brown-2.jpg","contentUrl":"https:\/\/gloniuz.com\/wp-content\/uploads\/2016\/03\/slow-Jo-17-Swiss-one-hand-watch-Silver-dark-brown-2.jpg","width":890,"height":893},{"@type":"BreadcrumbList","@id":"https:\/\/gloniuz.com\/de\/product\/slow-jo-17-einzeigeruhr-swiss-made\/#breadcrumb","itemListElement":[{"@type":"ListItem","position":1,"name":"Home","item":"https:\/\/de.slow-watches.com\/de\/"},{"@type":"ListItem","position":2,"name":"Produkte","item":"https:\/\/www.slow-watches.com\/shop\/"},{"@type":"ListItem","position":3,"name":"Slow Jo 17"}]},{"@type":"WebSite","@id":"https:\/\/fr.slow-watches.com\/fr\/#website","url":"https:\/\/fr.slow-watches.com\/fr\/","name":"slow watches","description":"","potentialAction":[{"@type":"SearchAction","target":{"@type":"EntryPoint","urlTemplate":"https:\/\/fr.slow-watches.com\/fr\/?s={search_term_string}"},"query-input":{"@type":"PropertyValueSpecification","valueRequired":true,"valueName":"search_term_string"}}],"inLanguage":"de"}]},"product_price_amount":"290.00","product_price_currency":"USD","og_availability":"instock","product_availability":"instock","product_retailer_item_id":"8009600007206","product_condition":"new"},"_links":{"self":[{"href":"https:\/\/gloniuz.com\/de\/wp-json\/wp\/v2\/product\/1670","targetHints":{"allow":["GET"]}}],"collection":[{"href":"https:\/\/gloniuz.com\/de\/wp-json\/wp\/v2\/product"}],"about":[{"href":"https:\/\/gloniuz.com\/de\/wp-json\/wp\/v2\/types\/product"}],"replies":[{"embeddable":true,"href":"https:\/\/gloniuz.com\/de\/wp-json\/wp\/v2\/comments?post=1670"}],"version-history":[{"count":0,"href":"https:\/\/gloniuz.com\/de\/wp-json\/wp\/v2\/product\/1670\/revisions"}],"wp:featuredmedia":[{"embeddable":true,"href":"https:\/\/gloniuz.com\/de\/wp-json\/wp\/v2\/media\/327395"}],"wp:attachment":[{"href":"https:\/\/gloniuz.com\/de\/wp-json\/wp\/v2\/media?parent=1670"}],"wp:term":[{"taxonomy":"product_brand","embeddable":true,"href":"https:\/\/gloniuz.com\/de\/wp-json\/wp\/v2\/product_brand?post=1670"},{"taxonomy":"product_cat","embeddable":true,"href":"https:\/\/gloniuz.com\/de\/wp-json\/wp\/v2\/product_cat?post=1670"},{"taxonomy":"product_tag","embeddable":true,"href":"https:\/\/gloniuz.com\/de\/wp-json\/wp\/v2\/product_tag?post=1670"}],"curies":[{"name":"wp","href":"https:\/\/api.w.org\/{rel}","templated":true}]}}