{"id":325865,"date":"2024-06-13T14:21:05","date_gmt":"2024-06-13T12:21:05","guid":{"rendered":"https:\/\/www.slow-watches.com\/?post_type=product&#038;p=325865"},"modified":"2026-05-01T18:11:17","modified_gmt":"2026-05-01T16:11:17","slug":"solar-05","status":"publish","type":"product","link":"https:\/\/gloniuz.com\/de\/product\/solar-05\/","title":{"rendered":"Solar 05"},"content":{"rendered":"<p>Die Kombination aus braunem, recyceltem Armband, schwarzem Aluminium Geh\u00e4use und schwarzem Zifferblatt macht einfach was her. \u00dcbrigens haben wir die B\u00e4nder verbessert und mit einem Mechanismus versehen, um sie super schnell austauschen zu k\u00f6nnen.<\/p>\n<ul>\n<li>Geh\u00e4use aus recyceltem Aluminium<\/li>\n<li>Armb\u00e4nder aus recyceltem Canvas<\/li>\n<li>Alle Uhren kommen in einer Box aus recyceltem Papier<\/li>\n<li>Neues super schnelles Wechselsystem der Armb\u00e4nder<\/li>\n<\/ul>\n<p><img decoding=\"async\" src=\"\/wp-content\/uploads\/2024\/07\/aufladedauer_lichtintensitat_DE.jpg\" alt=\"Aufladedauer je Lichtintensit\u00e4t\" \/><\/p>\n","protected":false},"excerpt":{"rendered":"<p>Brown Band, Black Case, Black Dial<\/p>\n","protected":false},"featured_media":326554,"comment_status":"open","ping_status":"closed","template":"","meta":{"_acf_changed":false,"footnotes":""},"product_brand":[],"product_cat":[2671],"product_tag":[],"class_list":{"0":"post-325865","1":"product","2":"type-product","3":"status-publish","4":"has-post-thumbnail","6":"product_cat-solar-40-mm-de","8":"first","9":"instock","10":"sale","11":"featured","12":"taxable","13":"shipping-taxable","14":"purchasable","15":"product-type-simple"},"acf":[],"yoast_head":"<!-- This site is optimized with the Yoast SEO Premium plugin v27.5 (Yoast SEO v27.5) - https:\/\/yoast.com\/product\/yoast-seo-premium-wordpress\/ -->\n<title>Solar 05 - slow watches<\/title>\n<meta name=\"robots\" content=\"index, follow, max-snippet:-1, max-image-preview:large, max-video-preview:-1\" \/>\n<link rel=\"canonical\" href=\"https:\/\/gloniuz.com\/de\/product\/solar-05\/\" \/>\n<meta property=\"og:locale\" content=\"de_DE\" \/>\n<meta property=\"og:type\" content=\"article\" \/>\n<meta property=\"og:title\" content=\"Solar 05\" \/>\n<meta property=\"og:description\" content=\"Brown Band, Black Case, Black Dial\" \/>\n<meta property=\"og:url\" content=\"https:\/\/gloniuz.com\/de\/product\/solar-05\/\" \/>\n<meta property=\"og:site_name\" content=\"slow watches\" \/>\n<meta property=\"article:publisher\" content=\"https:\/\/www.facebook.com\/theslowwatch\/\" \/>\n<meta property=\"article:modified_time\" content=\"2026-05-01T16:11:17+00:00\" \/>\n<meta property=\"og:image\" content=\"https:\/\/de.slow-watches.com\/wp-content\/uploads\/2024\/06\/20240423_Slow_05_01.jpg\" \/>\n\t<meta property=\"og:image:width\" content=\"847\" \/>\n\t<meta property=\"og:image:height\" content=\"847\" \/>\n\t<meta property=\"og:image:type\" content=\"image\/jpeg\" \/>\n<meta name=\"twitter:card\" content=\"summary_large_image\" \/>\n<meta name=\"twitter:site\" content=\"@theslowwatch\" \/>\n<meta name=\"twitter:label1\" content=\"Preis\" \/>\n\t<meta name=\"twitter:data1\" content=\"&#036;240\" \/>\n\t<meta name=\"twitter:label2\" content=\"Verf\u00fcgbarkeit\" \/>\n\t<meta name=\"twitter:data2\" content=\"Auf Lager\" \/>\n<script type=\"application\/ld+json\" class=\"yoast-schema-graph\">{\"@context\":\"https:\\\/\\\/schema.org\",\"@graph\":[{\"@type\":\"WebPage\",\"@id\":\"https:\\\/\\\/gloniuz.com\\\/de\\\/product\\\/solar-05\\\/\",\"url\":\"https:\\\/\\\/gloniuz.com\\\/de\\\/product\\\/solar-05\\\/\",\"name\":\"Solar 05 - slow watches\",\"isPartOf\":{\"@id\":\"https:\\\/\\\/fr.slow-watches.com\\\/fr\\\/#website\"},\"primaryImageOfPage\":{\"@id\":\"https:\\\/\\\/gloniuz.com\\\/de\\\/product\\\/solar-05\\\/#primaryimage\"},\"image\":{\"@id\":\"https:\\\/\\\/gloniuz.com\\\/de\\\/product\\\/solar-05\\\/#primaryimage\"},\"thumbnailUrl\":\"https:\\\/\\\/gloniuz.com\\\/wp-content\\\/uploads\\\/2024\\\/06\\\/20240423_Slow_05_01.jpg\",\"datePublished\":\"2024-06-13T12:21:05+00:00\",\"dateModified\":\"2026-05-01T16:11:17+00:00\",\"breadcrumb\":{\"@id\":\"https:\\\/\\\/gloniuz.com\\\/de\\\/product\\\/solar-05\\\/#breadcrumb\"},\"inLanguage\":\"de\",\"potentialAction\":[{\"@type\":\"ReadAction\",\"target\":[\"https:\\\/\\\/gloniuz.com\\\/de\\\/product\\\/solar-05\\\/\"]}]},{\"@type\":\"ImageObject\",\"inLanguage\":\"de\",\"@id\":\"https:\\\/\\\/gloniuz.com\\\/de\\\/product\\\/solar-05\\\/#primaryimage\",\"url\":\"https:\\\/\\\/gloniuz.com\\\/wp-content\\\/uploads\\\/2024\\\/06\\\/20240423_Slow_05_01.jpg\",\"contentUrl\":\"https:\\\/\\\/gloniuz.com\\\/wp-content\\\/uploads\\\/2024\\\/06\\\/20240423_Slow_05_01.jpg\",\"width\":847,\"height\":847},{\"@type\":\"BreadcrumbList\",\"@id\":\"https:\\\/\\\/gloniuz.com\\\/de\\\/product\\\/solar-05\\\/#breadcrumb\",\"itemListElement\":[{\"@type\":\"ListItem\",\"position\":1,\"name\":\"Home\",\"item\":\"https:\\\/\\\/de.slow-watches.com\\\/de\\\/\"},{\"@type\":\"ListItem\",\"position\":2,\"name\":\"Produkte\",\"item\":\"https:\\\/\\\/www.slow-watches.com\\\/shop\\\/\"},{\"@type\":\"ListItem\",\"position\":3,\"name\":\"Solar 05\"}]},{\"@type\":\"WebSite\",\"@id\":\"https:\\\/\\\/fr.slow-watches.com\\\/fr\\\/#website\",\"url\":\"https:\\\/\\\/fr.slow-watches.com\\\/fr\\\/\",\"name\":\"slow watches\",\"description\":\"\",\"potentialAction\":[{\"@type\":\"SearchAction\",\"target\":{\"@type\":\"EntryPoint\",\"urlTemplate\":\"https:\\\/\\\/fr.slow-watches.com\\\/fr\\\/?s={search_term_string}\"},\"query-input\":{\"@type\":\"PropertyValueSpecification\",\"valueRequired\":true,\"valueName\":\"search_term_string\"}}],\"inLanguage\":\"de\"}]}<\/script>\n<meta property=\"product:price:amount\" content=\"240.00\" \/>\n<meta property=\"product:price:currency\" content=\"USD\" \/>\n<meta property=\"og:availability\" content=\"instock\" \/>\n<meta property=\"product:availability\" content=\"instock\" \/>\n<meta property=\"product:retailer_item_id\" content=\"8057587283021\" \/>\n<meta property=\"product:condition\" content=\"new\" \/>\n<!-- \/ Yoast SEO Premium plugin. -->","yoast_head_json":{"title":"Solar 05 - slow watches","robots":{"index":"index","follow":"follow","max-snippet":"max-snippet:-1","max-image-preview":"max-image-preview:large","max-video-preview":"max-video-preview:-1"},"canonical":"https:\/\/gloniuz.com\/de\/product\/solar-05\/","og_locale":"de_DE","og_type":"article","og_title":"Solar 05","og_description":"Brown Band, Black Case, Black Dial","og_url":"https:\/\/gloniuz.com\/de\/product\/solar-05\/","og_site_name":"slow watches","article_publisher":"https:\/\/www.facebook.com\/theslowwatch\/","article_modified_time":"2026-05-01T16:11:17+00:00","og_image":[{"width":847,"height":847,"url":"https:\/\/de.slow-watches.com\/wp-content\/uploads\/2024\/06\/20240423_Slow_05_01.jpg","type":"image\/jpeg"}],"twitter_card":"summary_large_image","twitter_site":"@theslowwatch","twitter_misc":{"Preis":"&#36;240","Verf\u00fcgbarkeit":"Auf Lager"},"schema":{"@context":"https:\/\/schema.org","@graph":[{"@type":"WebPage","@id":"https:\/\/gloniuz.com\/de\/product\/solar-05\/","url":"https:\/\/gloniuz.com\/de\/product\/solar-05\/","name":"Solar 05 - slow watches","isPartOf":{"@id":"https:\/\/fr.slow-watches.com\/fr\/#website"},"primaryImageOfPage":{"@id":"https:\/\/gloniuz.com\/de\/product\/solar-05\/#primaryimage"},"image":{"@id":"https:\/\/gloniuz.com\/de\/product\/solar-05\/#primaryimage"},"thumbnailUrl":"https:\/\/gloniuz.com\/wp-content\/uploads\/2024\/06\/20240423_Slow_05_01.jpg","datePublished":"2024-06-13T12:21:05+00:00","dateModified":"2026-05-01T16:11:17+00:00","breadcrumb":{"@id":"https:\/\/gloniuz.com\/de\/product\/solar-05\/#breadcrumb"},"inLanguage":"de","potentialAction":[{"@type":"ReadAction","target":["https:\/\/gloniuz.com\/de\/product\/solar-05\/"]}]},{"@type":"ImageObject","inLanguage":"de","@id":"https:\/\/gloniuz.com\/de\/product\/solar-05\/#primaryimage","url":"https:\/\/gloniuz.com\/wp-content\/uploads\/2024\/06\/20240423_Slow_05_01.jpg","contentUrl":"https:\/\/gloniuz.com\/wp-content\/uploads\/2024\/06\/20240423_Slow_05_01.jpg","width":847,"height":847},{"@type":"BreadcrumbList","@id":"https:\/\/gloniuz.com\/de\/product\/solar-05\/#breadcrumb","itemListElement":[{"@type":"ListItem","position":1,"name":"Home","item":"https:\/\/de.slow-watches.com\/de\/"},{"@type":"ListItem","position":2,"name":"Produkte","item":"https:\/\/www.slow-watches.com\/shop\/"},{"@type":"ListItem","position":3,"name":"Solar 05"}]},{"@type":"WebSite","@id":"https:\/\/fr.slow-watches.com\/fr\/#website","url":"https:\/\/fr.slow-watches.com\/fr\/","name":"slow watches","description":"","potentialAction":[{"@type":"SearchAction","target":{"@type":"EntryPoint","urlTemplate":"https:\/\/fr.slow-watches.com\/fr\/?s={search_term_string}"},"query-input":{"@type":"PropertyValueSpecification","valueRequired":true,"valueName":"search_term_string"}}],"inLanguage":"de"}]},"product_price_amount":"240.00","product_price_currency":"USD","og_availability":"instock","product_availability":"instock","product_retailer_item_id":"8057587283021","product_condition":"new"},"_links":{"self":[{"href":"https:\/\/gloniuz.com\/de\/wp-json\/wp\/v2\/product\/325865","targetHints":{"allow":["GET"]}}],"collection":[{"href":"https:\/\/gloniuz.com\/de\/wp-json\/wp\/v2\/product"}],"about":[{"href":"https:\/\/gloniuz.com\/de\/wp-json\/wp\/v2\/types\/product"}],"replies":[{"embeddable":true,"href":"https:\/\/gloniuz.com\/de\/wp-json\/wp\/v2\/comments?post=325865"}],"version-history":[{"count":4,"href":"https:\/\/gloniuz.com\/de\/wp-json\/wp\/v2\/product\/325865\/revisions"}],"predecessor-version":[{"id":327571,"href":"https:\/\/gloniuz.com\/de\/wp-json\/wp\/v2\/product\/325865\/revisions\/327571"}],"wp:featuredmedia":[{"embeddable":true,"href":"https:\/\/gloniuz.com\/de\/wp-json\/wp\/v2\/media\/326554"}],"wp:attachment":[{"href":"https:\/\/gloniuz.com\/de\/wp-json\/wp\/v2\/media?parent=325865"}],"wp:term":[{"taxonomy":"product_brand","embeddable":true,"href":"https:\/\/gloniuz.com\/de\/wp-json\/wp\/v2\/product_brand?post=325865"},{"taxonomy":"product_cat","embeddable":true,"href":"https:\/\/gloniuz.com\/de\/wp-json\/wp\/v2\/product_cat?post=325865"},{"taxonomy":"product_tag","embeddable":true,"href":"https:\/\/gloniuz.com\/de\/wp-json\/wp\/v2\/product_tag?post=325865"}],"curies":[{"name":"wp","href":"https:\/\/api.w.org\/{rel}","templated":true}]}}