{"id":331096,"date":"2025-06-26T12:49:15","date_gmt":"2025-06-26T10:49:16","guid":{"rendered":"https:\/\/www.slow-watches.com\/?post_type=product&#038;p=331096"},"modified":"2026-05-07T22:42:51","modified_gmt":"2026-05-07T20:42:51","slug":"slow-band-20-24","status":"publish","type":"product","link":"https:\/\/gloniuz.com\/de\/product\/slow-band-20-24\/","title":{"rendered":"slow band 20\/24"},"content":{"rendered":"<p>Dieses dunkelbraune Vintage-Lederarmband besticht durch seine zeitlose Eleganz und den authentischen Used-Look. Die satte braune Farbe hebt die nat\u00fcrliche Narbung des Leders hervor und verleiht dem Band eine hochwertige, edle Optik.<br \/>\nDie schwarze Edelstahlschlie\u00dfe setzt einen modernen Akzent und erg\u00e4nzt das minimalistische Design perfekt. Gefertigt aus strapazierf\u00e4higem, hochwertigem Leder, bietet dieses Armband von Anfang an einen besonders angenehmen Tragekomfort. Ideal f\u00fcr alle, die auf langlebige Materialien und klares Design Wert legen.<\/p>\n<ul>\n<li>Dunkelbraunes italienisches Kalbsleder mit schwarzem Edelstahlverschluss<\/li>\n<li>20 mm Breite; Passt an alle Handgelenke mit Umfang zwischen 145 und 200mm<\/li>\n<li>Passt perfekt zu allen schwarzen slow Mo und Round Geh\u00e4usen<\/li>\n<li>Werkzeug zum Bandwechseln liegt bei<\/li>\n<\/ul>\n","protected":false},"excerpt":{"rendered":"<p>Dark Brown Vintage Leather Strap, Black Buckle &#8211; 20mm<\/p>\n","protected":false},"featured_media":331122,"comment_status":"open","ping_status":"closed","template":"","meta":{"_acf_changed":false,"footnotes":""},"product_brand":[],"product_cat":[24,36],"product_tag":[],"class_list":{"0":"post-331096","1":"product","2":"type-product","3":"status-publish","4":"has-post-thumbnail","6":"product_cat-slow-mo-bands-20mm","7":"product_cat-slow-mo-bands-20mm-de","9":"first","10":"instock","11":"taxable","12":"shipping-taxable","13":"purchasable","14":"product-type-simple"},"acf":[],"yoast_head":"<!-- This site is optimized with the Yoast SEO Premium plugin v27.5 (Yoast SEO v27.5) - https:\/\/yoast.com\/product\/yoast-seo-premium-wordpress\/ -->\n<title>slow band 20\/24 - slow watches<\/title>\n<meta name=\"robots\" content=\"index, follow, max-snippet:-1, max-image-preview:large, max-video-preview:-1\" \/>\n<link rel=\"canonical\" href=\"https:\/\/gloniuz.com\/de\/product\/slow-band-20-24\/\" \/>\n<meta property=\"og:locale\" content=\"de_DE\" \/>\n<meta property=\"og:type\" content=\"article\" \/>\n<meta property=\"og:title\" content=\"slow band 20\/24\" \/>\n<meta property=\"og:description\" content=\"Dark Brown Vintage Leather Strap, Black Buckle - 20mm\" \/>\n<meta property=\"og:url\" content=\"https:\/\/gloniuz.com\/de\/product\/slow-band-20-24\/\" \/>\n<meta property=\"og:site_name\" content=\"slow watches\" \/>\n<meta property=\"article:publisher\" content=\"https:\/\/www.facebook.com\/theslowwatch\/\" \/>\n<meta property=\"article:modified_time\" content=\"2026-05-07T20:42:51+00:00\" \/>\n<meta property=\"og:image\" content=\"https:\/\/www.slow-watches.com\/wp-content\/uploads\/2025\/06\/slow-Band-20-24-Dark-Brown-Vintage-Leather-Strap-Black-Buckle-1.jpg\" \/>\n\t<meta property=\"og:image:width\" content=\"960\" \/>\n\t<meta property=\"og:image:height\" content=\"960\" \/>\n\t<meta property=\"og:image:type\" content=\"image\/jpeg\" \/>\n<meta name=\"twitter:card\" content=\"summary_large_image\" \/>\n<meta name=\"twitter:site\" content=\"@theslowwatch\" \/>\n<meta name=\"twitter:label1\" content=\"Preis\" \/>\n\t<meta name=\"twitter:data1\" content=\"&#036;70\" \/>\n\t<meta name=\"twitter:label2\" content=\"Verf\u00fcgbarkeit\" \/>\n\t<meta name=\"twitter:data2\" content=\"Auf Lager\" \/>\n<script type=\"application\/ld+json\" class=\"yoast-schema-graph\">{\"@context\":\"https:\\\/\\\/schema.org\",\"@graph\":[{\"@type\":\"WebPage\",\"@id\":\"https:\\\/\\\/gloniuz.com\\\/de\\\/product\\\/slow-band-20-24\\\/\",\"url\":\"https:\\\/\\\/gloniuz.com\\\/de\\\/product\\\/slow-band-20-24\\\/\",\"name\":\"slow band 20\\\/24 - slow watches\",\"isPartOf\":{\"@id\":\"https:\\\/\\\/fr.slow-watches.com\\\/fr\\\/#website\"},\"primaryImageOfPage\":{\"@id\":\"https:\\\/\\\/gloniuz.com\\\/de\\\/product\\\/slow-band-20-24\\\/#primaryimage\"},\"image\":{\"@id\":\"https:\\\/\\\/gloniuz.com\\\/de\\\/product\\\/slow-band-20-24\\\/#primaryimage\"},\"thumbnailUrl\":\"https:\\\/\\\/gloniuz.com\\\/wp-content\\\/uploads\\\/2025\\\/06\\\/slow-Band-20-24-Dark-Brown-Vintage-Leather-Strap-Black-Buckle-1.jpg\",\"datePublished\":\"2025-06-26T10:49:16+00:00\",\"dateModified\":\"2026-05-07T20:42:51+00:00\",\"breadcrumb\":{\"@id\":\"https:\\\/\\\/gloniuz.com\\\/de\\\/product\\\/slow-band-20-24\\\/#breadcrumb\"},\"inLanguage\":\"de\",\"potentialAction\":[{\"@type\":\"ReadAction\",\"target\":[\"https:\\\/\\\/gloniuz.com\\\/de\\\/product\\\/slow-band-20-24\\\/\"]}]},{\"@type\":\"ImageObject\",\"inLanguage\":\"de\",\"@id\":\"https:\\\/\\\/gloniuz.com\\\/de\\\/product\\\/slow-band-20-24\\\/#primaryimage\",\"url\":\"https:\\\/\\\/gloniuz.com\\\/wp-content\\\/uploads\\\/2025\\\/06\\\/slow-Band-20-24-Dark-Brown-Vintage-Leather-Strap-Black-Buckle-1.jpg\",\"contentUrl\":\"https:\\\/\\\/gloniuz.com\\\/wp-content\\\/uploads\\\/2025\\\/06\\\/slow-Band-20-24-Dark-Brown-Vintage-Leather-Strap-Black-Buckle-1.jpg\",\"width\":960,\"height\":960},{\"@type\":\"BreadcrumbList\",\"@id\":\"https:\\\/\\\/gloniuz.com\\\/de\\\/product\\\/slow-band-20-24\\\/#breadcrumb\",\"itemListElement\":[{\"@type\":\"ListItem\",\"position\":1,\"name\":\"Home\",\"item\":\"https:\\\/\\\/de.slow-watches.com\\\/de\\\/\"},{\"@type\":\"ListItem\",\"position\":2,\"name\":\"Produkte\",\"item\":\"https:\\\/\\\/www.slow-watches.com\\\/shop\\\/\"},{\"@type\":\"ListItem\",\"position\":3,\"name\":\"slow band 20\\\/24\"}]},{\"@type\":\"WebSite\",\"@id\":\"https:\\\/\\\/fr.slow-watches.com\\\/fr\\\/#website\",\"url\":\"https:\\\/\\\/fr.slow-watches.com\\\/fr\\\/\",\"name\":\"slow watches\",\"description\":\"\",\"potentialAction\":[{\"@type\":\"SearchAction\",\"target\":{\"@type\":\"EntryPoint\",\"urlTemplate\":\"https:\\\/\\\/fr.slow-watches.com\\\/fr\\\/?s={search_term_string}\"},\"query-input\":{\"@type\":\"PropertyValueSpecification\",\"valueRequired\":true,\"valueName\":\"search_term_string\"}}],\"inLanguage\":\"de\"}]}<\/script>\n<meta property=\"product:price:amount\" content=\"70.00\" \/>\n<meta property=\"product:price:currency\" content=\"USD\" \/>\n<meta property=\"og:availability\" content=\"instock\" \/>\n<meta property=\"product:availability\" content=\"instock\" \/>\n<meta property=\"product:retailer_item_id\" content=\"8059173740222\" \/>\n<meta property=\"product:condition\" content=\"new\" \/>\n<!-- \/ Yoast SEO Premium plugin. -->","yoast_head_json":{"title":"slow band 20\/24 - slow watches","robots":{"index":"index","follow":"follow","max-snippet":"max-snippet:-1","max-image-preview":"max-image-preview:large","max-video-preview":"max-video-preview:-1"},"canonical":"https:\/\/gloniuz.com\/de\/product\/slow-band-20-24\/","og_locale":"de_DE","og_type":"article","og_title":"slow band 20\/24","og_description":"Dark Brown Vintage Leather Strap, Black Buckle - 20mm","og_url":"https:\/\/gloniuz.com\/de\/product\/slow-band-20-24\/","og_site_name":"slow watches","article_publisher":"https:\/\/www.facebook.com\/theslowwatch\/","article_modified_time":"2026-05-07T20:42:51+00:00","og_image":[{"width":960,"height":960,"url":"https:\/\/www.slow-watches.com\/wp-content\/uploads\/2025\/06\/slow-Band-20-24-Dark-Brown-Vintage-Leather-Strap-Black-Buckle-1.jpg","type":"image\/jpeg"}],"twitter_card":"summary_large_image","twitter_site":"@theslowwatch","twitter_misc":{"Preis":"&#36;70","Verf\u00fcgbarkeit":"Auf Lager"},"schema":{"@context":"https:\/\/schema.org","@graph":[{"@type":"WebPage","@id":"https:\/\/gloniuz.com\/de\/product\/slow-band-20-24\/","url":"https:\/\/gloniuz.com\/de\/product\/slow-band-20-24\/","name":"slow band 20\/24 - slow watches","isPartOf":{"@id":"https:\/\/fr.slow-watches.com\/fr\/#website"},"primaryImageOfPage":{"@id":"https:\/\/gloniuz.com\/de\/product\/slow-band-20-24\/#primaryimage"},"image":{"@id":"https:\/\/gloniuz.com\/de\/product\/slow-band-20-24\/#primaryimage"},"thumbnailUrl":"https:\/\/gloniuz.com\/wp-content\/uploads\/2025\/06\/slow-Band-20-24-Dark-Brown-Vintage-Leather-Strap-Black-Buckle-1.jpg","datePublished":"2025-06-26T10:49:16+00:00","dateModified":"2026-05-07T20:42:51+00:00","breadcrumb":{"@id":"https:\/\/gloniuz.com\/de\/product\/slow-band-20-24\/#breadcrumb"},"inLanguage":"de","potentialAction":[{"@type":"ReadAction","target":["https:\/\/gloniuz.com\/de\/product\/slow-band-20-24\/"]}]},{"@type":"ImageObject","inLanguage":"de","@id":"https:\/\/gloniuz.com\/de\/product\/slow-band-20-24\/#primaryimage","url":"https:\/\/gloniuz.com\/wp-content\/uploads\/2025\/06\/slow-Band-20-24-Dark-Brown-Vintage-Leather-Strap-Black-Buckle-1.jpg","contentUrl":"https:\/\/gloniuz.com\/wp-content\/uploads\/2025\/06\/slow-Band-20-24-Dark-Brown-Vintage-Leather-Strap-Black-Buckle-1.jpg","width":960,"height":960},{"@type":"BreadcrumbList","@id":"https:\/\/gloniuz.com\/de\/product\/slow-band-20-24\/#breadcrumb","itemListElement":[{"@type":"ListItem","position":1,"name":"Home","item":"https:\/\/de.slow-watches.com\/de\/"},{"@type":"ListItem","position":2,"name":"Produkte","item":"https:\/\/www.slow-watches.com\/shop\/"},{"@type":"ListItem","position":3,"name":"slow band 20\/24"}]},{"@type":"WebSite","@id":"https:\/\/fr.slow-watches.com\/fr\/#website","url":"https:\/\/fr.slow-watches.com\/fr\/","name":"slow watches","description":"","potentialAction":[{"@type":"SearchAction","target":{"@type":"EntryPoint","urlTemplate":"https:\/\/fr.slow-watches.com\/fr\/?s={search_term_string}"},"query-input":{"@type":"PropertyValueSpecification","valueRequired":true,"valueName":"search_term_string"}}],"inLanguage":"de"}]},"product_price_amount":"70.00","product_price_currency":"USD","og_availability":"instock","product_availability":"instock","product_retailer_item_id":"8059173740222","product_condition":"new"},"_links":{"self":[{"href":"https:\/\/gloniuz.com\/de\/wp-json\/wp\/v2\/product\/331096","targetHints":{"allow":["GET"]}}],"collection":[{"href":"https:\/\/gloniuz.com\/de\/wp-json\/wp\/v2\/product"}],"about":[{"href":"https:\/\/gloniuz.com\/de\/wp-json\/wp\/v2\/types\/product"}],"replies":[{"embeddable":true,"href":"https:\/\/gloniuz.com\/de\/wp-json\/wp\/v2\/comments?post=331096"}],"version-history":[{"count":3,"href":"https:\/\/gloniuz.com\/de\/wp-json\/wp\/v2\/product\/331096\/revisions"}],"predecessor-version":[{"id":331168,"href":"https:\/\/gloniuz.com\/de\/wp-json\/wp\/v2\/product\/331096\/revisions\/331168"}],"wp:featuredmedia":[{"embeddable":true,"href":"https:\/\/gloniuz.com\/de\/wp-json\/wp\/v2\/media\/331122"}],"wp:attachment":[{"href":"https:\/\/gloniuz.com\/de\/wp-json\/wp\/v2\/media?parent=331096"}],"wp:term":[{"taxonomy":"product_brand","embeddable":true,"href":"https:\/\/gloniuz.com\/de\/wp-json\/wp\/v2\/product_brand?post=331096"},{"taxonomy":"product_cat","embeddable":true,"href":"https:\/\/gloniuz.com\/de\/wp-json\/wp\/v2\/product_cat?post=331096"},{"taxonomy":"product_tag","embeddable":true,"href":"https:\/\/gloniuz.com\/de\/wp-json\/wp\/v2\/product_tag?post=331096"}],"curies":[{"name":"wp","href":"https:\/\/api.w.org\/{rel}","templated":true}]}}