{"id":7481,"date":"2016-08-05T16:44:47","date_gmt":"2016-08-05T14:44:47","guid":{"rendered":"http:\/\/www.slow-watches.com\/the-store\/slow-jo-04-2.html"},"modified":"2026-01-07T10:53:47","modified_gmt":"2026-01-07T09:53:47","slug":"slow-jo-04-einzeigeruhr-komplett-gold","status":"publish","type":"product","link":"https:\/\/gloniuz.com\/de\/product\/slow-jo-04-einzeigeruhr-komplett-gold\/","title":{"rendered":"Slow Jo 04"},"content":{"rendered":"<p>Komplett in Gold ist sie\u00a0wohl eine der aussergew\u00f6hnlichsten Armbanduhren in der Kollektion. Wohl eher keine Alltagsuhr, aber daf\u00fcr umso einzigartiger. F\u00fcr alle die den Luxus haben, nicht jeden Tag die gleich Uhr zu tragen.<\/p>\n<ul>\n<li>Swiss Made, Schweizer GMT Quarzuhrwerk<\/li>\n<li>100 Meter wasserdicht<\/li>\n<li>38 mm goldfarbenes Geh\u00e4use aus rostfreiem Stahl<\/li>\n<li>Gelbgoldfarbenes Armband aus rostfreiem Stahl &#8211; L\u00e4nge kann einfach in jedem Uhrenladen angepasst werden<\/li>\n<\/ul>\n","protected":false},"excerpt":{"rendered":"<p>All Gold Steel<\/p>\n","protected":false},"featured_media":22953,"comment_status":"open","ping_status":"closed","template":"","meta":{"_acf_changed":false,"footnotes":""},"product_brand":[],"product_cat":[34],"product_tag":[],"class_list":{"0":"post-7481","1":"product","2":"type-product","3":"status-publish","4":"has-post-thumbnail","6":"product_cat-slow-jo-38mm-de","8":"first","9":"instock","10":"taxable","11":"shipping-taxable","12":"purchasable","13":"product-type-simple"},"acf":[],"yoast_head":"<!-- This site is optimized with the Yoast SEO Premium plugin v27.5 (Yoast SEO v27.5) - https:\/\/yoast.com\/product\/yoast-seo-premium-wordpress\/ -->\n<title>Slow Jo 04 - slow watches<\/title>\n<meta name=\"robots\" content=\"index, follow, max-snippet:-1, max-image-preview:large, max-video-preview:-1\" \/>\n<link rel=\"canonical\" href=\"https:\/\/gloniuz.com\/de\/product\/slow-jo-04-einzeigeruhr-komplett-gold\/\" \/>\n<meta property=\"og:locale\" content=\"de_DE\" \/>\n<meta property=\"og:type\" content=\"article\" \/>\n<meta property=\"og:title\" content=\"Slow Jo 04\" \/>\n<meta property=\"og:description\" content=\"All Gold Steel\" \/>\n<meta property=\"og:url\" content=\"https:\/\/gloniuz.com\/de\/product\/slow-jo-04-einzeigeruhr-komplett-gold\/\" \/>\n<meta property=\"og:site_name\" content=\"slow watches\" \/>\n<meta property=\"article:publisher\" content=\"https:\/\/www.facebook.com\/theslowwatch\/\" \/>\n<meta property=\"article:modified_time\" content=\"2026-01-07T09:53:47+00:00\" \/>\n<meta property=\"og:image\" content=\"https:\/\/kr.slow-watches.com\/wp-content\/uploads\/2016\/08\/slow-Jo-04-One-hand-wrist-watch-All-gold-steel-1.jpg\" \/>\n\t<meta property=\"og:image:width\" content=\"1000\" \/>\n\t<meta property=\"og:image:height\" content=\"1000\" \/>\n\t<meta property=\"og:image:type\" content=\"image\/jpeg\" \/>\n<meta name=\"twitter:card\" content=\"summary_large_image\" \/>\n<meta name=\"twitter:site\" content=\"@theslowwatch\" \/>\n<meta name=\"twitter:label1\" content=\"Preis\" \/>\n\t<meta name=\"twitter:data1\" content=\"&#036;320\" \/>\n\t<meta name=\"twitter:label2\" content=\"Verf\u00fcgbarkeit\" \/>\n\t<meta name=\"twitter:data2\" content=\"ausverkauft\" \/>\n<script type=\"application\/ld+json\" class=\"yoast-schema-graph\">{\"@context\":\"https:\\\/\\\/schema.org\",\"@graph\":[{\"@type\":\"WebPage\",\"@id\":\"https:\\\/\\\/gloniuz.com\\\/de\\\/product\\\/slow-jo-04-einzeigeruhr-komplett-gold\\\/\",\"url\":\"https:\\\/\\\/gloniuz.com\\\/de\\\/product\\\/slow-jo-04-einzeigeruhr-komplett-gold\\\/\",\"name\":\"Slow Jo 04 - slow watches\",\"isPartOf\":{\"@id\":\"https:\\\/\\\/fr.slow-watches.com\\\/fr\\\/#website\"},\"primaryImageOfPage\":{\"@id\":\"https:\\\/\\\/gloniuz.com\\\/de\\\/product\\\/slow-jo-04-einzeigeruhr-komplett-gold\\\/#primaryimage\"},\"image\":{\"@id\":\"https:\\\/\\\/gloniuz.com\\\/de\\\/product\\\/slow-jo-04-einzeigeruhr-komplett-gold\\\/#primaryimage\"},\"thumbnailUrl\":\"https:\\\/\\\/gloniuz.com\\\/wp-content\\\/uploads\\\/2016\\\/08\\\/slow-Jo-04-One-hand-wrist-watch-All-gold-steel-1-e1737110001171.jpg\",\"datePublished\":\"2016-08-05T14:44:47+00:00\",\"dateModified\":\"2026-01-07T09:53:47+00:00\",\"breadcrumb\":{\"@id\":\"https:\\\/\\\/gloniuz.com\\\/de\\\/product\\\/slow-jo-04-einzeigeruhr-komplett-gold\\\/#breadcrumb\"},\"inLanguage\":\"de\",\"potentialAction\":[{\"@type\":\"ReadAction\",\"target\":[\"https:\\\/\\\/gloniuz.com\\\/de\\\/product\\\/slow-jo-04-einzeigeruhr-komplett-gold\\\/\"]}]},{\"@type\":\"ImageObject\",\"inLanguage\":\"de\",\"@id\":\"https:\\\/\\\/gloniuz.com\\\/de\\\/product\\\/slow-jo-04-einzeigeruhr-komplett-gold\\\/#primaryimage\",\"url\":\"https:\\\/\\\/gloniuz.com\\\/wp-content\\\/uploads\\\/2016\\\/08\\\/slow-Jo-04-One-hand-wrist-watch-All-gold-steel-1-e1737110001171.jpg\",\"contentUrl\":\"https:\\\/\\\/gloniuz.com\\\/wp-content\\\/uploads\\\/2016\\\/08\\\/slow-Jo-04-One-hand-wrist-watch-All-gold-steel-1-e1737110001171.jpg\",\"width\":1000,\"height\":1000},{\"@type\":\"BreadcrumbList\",\"@id\":\"https:\\\/\\\/gloniuz.com\\\/de\\\/product\\\/slow-jo-04-einzeigeruhr-komplett-gold\\\/#breadcrumb\",\"itemListElement\":[{\"@type\":\"ListItem\",\"position\":1,\"name\":\"Home\",\"item\":\"https:\\\/\\\/de.slow-watches.com\\\/de\\\/\"},{\"@type\":\"ListItem\",\"position\":2,\"name\":\"Produkte\",\"item\":\"https:\\\/\\\/www.slow-watches.com\\\/shop\\\/\"},{\"@type\":\"ListItem\",\"position\":3,\"name\":\"Slow Jo 04\"}]},{\"@type\":\"WebSite\",\"@id\":\"https:\\\/\\\/fr.slow-watches.com\\\/fr\\\/#website\",\"url\":\"https:\\\/\\\/fr.slow-watches.com\\\/fr\\\/\",\"name\":\"slow watches\",\"description\":\"\",\"potentialAction\":[{\"@type\":\"SearchAction\",\"target\":{\"@type\":\"EntryPoint\",\"urlTemplate\":\"https:\\\/\\\/fr.slow-watches.com\\\/fr\\\/?s={search_term_string}\"},\"query-input\":{\"@type\":\"PropertyValueSpecification\",\"valueRequired\":true,\"valueName\":\"search_term_string\"}}],\"inLanguage\":\"de\"}]}<\/script>\n<meta property=\"product:price:amount\" content=\"320.00\" \/>\n<meta property=\"product:price:currency\" content=\"USD\" \/>\n<meta property=\"og:availability\" content=\"out of stock\" \/>\n<meta property=\"product:availability\" content=\"out of stock\" \/>\n<meta property=\"product:retailer_item_id\" content=\"8009600005035\" \/>\n<meta property=\"product:condition\" content=\"new\" \/>\n<!-- \/ Yoast SEO Premium plugin. -->","yoast_head_json":{"title":"Slow Jo 04 - slow watches","robots":{"index":"index","follow":"follow","max-snippet":"max-snippet:-1","max-image-preview":"max-image-preview:large","max-video-preview":"max-video-preview:-1"},"canonical":"https:\/\/gloniuz.com\/de\/product\/slow-jo-04-einzeigeruhr-komplett-gold\/","og_locale":"de_DE","og_type":"article","og_title":"Slow Jo 04","og_description":"All Gold Steel","og_url":"https:\/\/gloniuz.com\/de\/product\/slow-jo-04-einzeigeruhr-komplett-gold\/","og_site_name":"slow watches","article_publisher":"https:\/\/www.facebook.com\/theslowwatch\/","article_modified_time":"2026-01-07T09:53:47+00:00","og_image":[{"width":1000,"height":1000,"url":"https:\/\/kr.slow-watches.com\/wp-content\/uploads\/2016\/08\/slow-Jo-04-One-hand-wrist-watch-All-gold-steel-1.jpg","type":"image\/jpeg"}],"twitter_card":"summary_large_image","twitter_site":"@theslowwatch","twitter_misc":{"Preis":"&#36;320","Verf\u00fcgbarkeit":"ausverkauft"},"schema":{"@context":"https:\/\/schema.org","@graph":[{"@type":"WebPage","@id":"https:\/\/gloniuz.com\/de\/product\/slow-jo-04-einzeigeruhr-komplett-gold\/","url":"https:\/\/gloniuz.com\/de\/product\/slow-jo-04-einzeigeruhr-komplett-gold\/","name":"Slow Jo 04 - slow watches","isPartOf":{"@id":"https:\/\/fr.slow-watches.com\/fr\/#website"},"primaryImageOfPage":{"@id":"https:\/\/gloniuz.com\/de\/product\/slow-jo-04-einzeigeruhr-komplett-gold\/#primaryimage"},"image":{"@id":"https:\/\/gloniuz.com\/de\/product\/slow-jo-04-einzeigeruhr-komplett-gold\/#primaryimage"},"thumbnailUrl":"https:\/\/gloniuz.com\/wp-content\/uploads\/2016\/08\/slow-Jo-04-One-hand-wrist-watch-All-gold-steel-1-e1737110001171.jpg","datePublished":"2016-08-05T14:44:47+00:00","dateModified":"2026-01-07T09:53:47+00:00","breadcrumb":{"@id":"https:\/\/gloniuz.com\/de\/product\/slow-jo-04-einzeigeruhr-komplett-gold\/#breadcrumb"},"inLanguage":"de","potentialAction":[{"@type":"ReadAction","target":["https:\/\/gloniuz.com\/de\/product\/slow-jo-04-einzeigeruhr-komplett-gold\/"]}]},{"@type":"ImageObject","inLanguage":"de","@id":"https:\/\/gloniuz.com\/de\/product\/slow-jo-04-einzeigeruhr-komplett-gold\/#primaryimage","url":"https:\/\/gloniuz.com\/wp-content\/uploads\/2016\/08\/slow-Jo-04-One-hand-wrist-watch-All-gold-steel-1-e1737110001171.jpg","contentUrl":"https:\/\/gloniuz.com\/wp-content\/uploads\/2016\/08\/slow-Jo-04-One-hand-wrist-watch-All-gold-steel-1-e1737110001171.jpg","width":1000,"height":1000},{"@type":"BreadcrumbList","@id":"https:\/\/gloniuz.com\/de\/product\/slow-jo-04-einzeigeruhr-komplett-gold\/#breadcrumb","itemListElement":[{"@type":"ListItem","position":1,"name":"Home","item":"https:\/\/de.slow-watches.com\/de\/"},{"@type":"ListItem","position":2,"name":"Produkte","item":"https:\/\/www.slow-watches.com\/shop\/"},{"@type":"ListItem","position":3,"name":"Slow Jo 04"}]},{"@type":"WebSite","@id":"https:\/\/fr.slow-watches.com\/fr\/#website","url":"https:\/\/fr.slow-watches.com\/fr\/","name":"slow watches","description":"","potentialAction":[{"@type":"SearchAction","target":{"@type":"EntryPoint","urlTemplate":"https:\/\/fr.slow-watches.com\/fr\/?s={search_term_string}"},"query-input":{"@type":"PropertyValueSpecification","valueRequired":true,"valueName":"search_term_string"}}],"inLanguage":"de"}]},"product_price_amount":"320.00","product_price_currency":"USD","og_availability":"out of stock","product_availability":"out of stock","product_retailer_item_id":"8009600005035","product_condition":"new"},"_links":{"self":[{"href":"https:\/\/gloniuz.com\/de\/wp-json\/wp\/v2\/product\/7481","targetHints":{"allow":["GET"]}}],"collection":[{"href":"https:\/\/gloniuz.com\/de\/wp-json\/wp\/v2\/product"}],"about":[{"href":"https:\/\/gloniuz.com\/de\/wp-json\/wp\/v2\/types\/product"}],"replies":[{"embeddable":true,"href":"https:\/\/gloniuz.com\/de\/wp-json\/wp\/v2\/comments?post=7481"}],"version-history":[{"count":0,"href":"https:\/\/gloniuz.com\/de\/wp-json\/wp\/v2\/product\/7481\/revisions"}],"wp:featuredmedia":[{"embeddable":true,"href":"https:\/\/gloniuz.com\/de\/wp-json\/wp\/v2\/media\/22953"}],"wp:attachment":[{"href":"https:\/\/gloniuz.com\/de\/wp-json\/wp\/v2\/media?parent=7481"}],"wp:term":[{"taxonomy":"product_brand","embeddable":true,"href":"https:\/\/gloniuz.com\/de\/wp-json\/wp\/v2\/product_brand?post=7481"},{"taxonomy":"product_cat","embeddable":true,"href":"https:\/\/gloniuz.com\/de\/wp-json\/wp\/v2\/product_cat?post=7481"},{"taxonomy":"product_tag","embeddable":true,"href":"https:\/\/gloniuz.com\/de\/wp-json\/wp\/v2\/product_tag?post=7481"}],"curies":[{"name":"wp","href":"https:\/\/api.w.org\/{rel}","templated":true}]}}