{"id":7583,"date":"2016-08-05T16:57:54","date_gmt":"2016-08-05T14:57:54","guid":{"rendered":"http:\/\/www.slow-watches.com\/the-store\/slow-jo-05.html"},"modified":"2026-03-14T02:51:14","modified_gmt":"2026-03-14T01:51:14","slug":"slow-jo-05-schweizer-24-stunden-armbanduhr","status":"publish","type":"product","link":"https:\/\/gloniuz.com\/de\/product\/slow-jo-05-schweizer-24-stunden-armbanduhr\/","title":{"rendered":"Slow Jo 05"},"content":{"rendered":"<p>Diese Uhr wird durch die Verbindung von unserem\u00a0weichem italienischem Kalbsleder und silbernem\u00a0Stahlgeh\u00e4use zur perfekten Armbanduhr f\u00fcr jede Gelegenheit. Sie tr\u00e4gt sich super\u00a0komfortabel und passt durch ihre Anmut zu fast allen Outfits.<\/p>\n<ul>\n<li>Swiss Made, Schweizer GMT Quarzuhrwerk<\/li>\n<li>100 Meter wasserdicht<\/li>\n<li>38 mm silberfarbenes Geh\u00e4use aus rostfreiem Stahl<\/li>\n<li>Schwarzes Armband aus weichem Italienischen Kalbsleder<\/li>\n<\/ul>\n","protected":false},"excerpt":{"rendered":"<p>Black Leather, Silver Case, Silver Dial<\/p>\n","protected":false},"featured_media":22964,"comment_status":"open","ping_status":"closed","template":"","meta":{"_acf_changed":false,"footnotes":""},"product_brand":[],"product_cat":[34],"product_tag":[],"class_list":{"0":"post-7583","1":"product","2":"type-product","3":"status-publish","4":"has-post-thumbnail","6":"product_cat-slow-jo-38mm-de","8":"first","9":"instock","10":"featured","11":"taxable","12":"shipping-taxable","13":"purchasable","14":"product-type-simple"},"acf":[],"yoast_head":"<!-- This site is optimized with the Yoast SEO Premium plugin v27.5 (Yoast SEO v27.5) - https:\/\/yoast.com\/product\/yoast-seo-premium-wordpress\/ -->\n<title>Slow Jo 05 - slow watches<\/title>\n<meta name=\"robots\" content=\"index, follow, max-snippet:-1, max-image-preview:large, max-video-preview:-1\" \/>\n<link rel=\"canonical\" href=\"https:\/\/gloniuz.com\/de\/product\/slow-jo-05-schweizer-24-stunden-armbanduhr\/\" \/>\n<meta property=\"og:locale\" content=\"de_DE\" \/>\n<meta property=\"og:type\" content=\"article\" \/>\n<meta property=\"og:title\" content=\"Slow Jo 05\" \/>\n<meta property=\"og:description\" content=\"Black Leather, Silver Case, Silver Dial\" \/>\n<meta property=\"og:url\" content=\"https:\/\/gloniuz.com\/de\/product\/slow-jo-05-schweizer-24-stunden-armbanduhr\/\" \/>\n<meta property=\"og:site_name\" content=\"slow watches\" \/>\n<meta property=\"article:publisher\" content=\"https:\/\/www.facebook.com\/theslowwatch\/\" \/>\n<meta property=\"article:modified_time\" content=\"2026-03-14T01:51:14+00:00\" \/>\n<meta property=\"og:image\" content=\"https:\/\/dk.slow-watches.com\/wp-content\/uploads\/2016\/08\/slow-Jo-05-Single-Hand-watch-Silver-octagon-case-black-leather-band-1.jpg\" \/>\n\t<meta property=\"og:image:width\" content=\"1000\" \/>\n\t<meta property=\"og:image:height\" content=\"1000\" \/>\n\t<meta property=\"og:image:type\" content=\"image\/jpeg\" \/>\n<meta name=\"twitter:card\" content=\"summary_large_image\" \/>\n<meta name=\"twitter:site\" content=\"@theslowwatch\" \/>\n<meta name=\"twitter:label1\" content=\"Preis\" \/>\n\t<meta name=\"twitter:data1\" content=\"&#036;290\" \/>\n\t<meta name=\"twitter:label2\" content=\"Verf\u00fcgbarkeit\" \/>\n\t<meta name=\"twitter:data2\" content=\"Auf Lager\" \/>\n<script type=\"application\/ld+json\" class=\"yoast-schema-graph\">{\"@context\":\"https:\\\/\\\/schema.org\",\"@graph\":[{\"@type\":\"WebPage\",\"@id\":\"https:\\\/\\\/gloniuz.com\\\/de\\\/product\\\/slow-jo-05-schweizer-24-stunden-armbanduhr\\\/\",\"url\":\"https:\\\/\\\/gloniuz.com\\\/de\\\/product\\\/slow-jo-05-schweizer-24-stunden-armbanduhr\\\/\",\"name\":\"Slow Jo 05 - slow watches\",\"isPartOf\":{\"@id\":\"https:\\\/\\\/fr.slow-watches.com\\\/fr\\\/#website\"},\"primaryImageOfPage\":{\"@id\":\"https:\\\/\\\/gloniuz.com\\\/de\\\/product\\\/slow-jo-05-schweizer-24-stunden-armbanduhr\\\/#primaryimage\"},\"image\":{\"@id\":\"https:\\\/\\\/gloniuz.com\\\/de\\\/product\\\/slow-jo-05-schweizer-24-stunden-armbanduhr\\\/#primaryimage\"},\"thumbnailUrl\":\"https:\\\/\\\/gloniuz.com\\\/wp-content\\\/uploads\\\/2016\\\/08\\\/slow-Jo-05-Single-Hand-watch-Silver-octagon-case-black-leather-band-1-e1737110062950.jpg\",\"datePublished\":\"2016-08-05T14:57:54+00:00\",\"dateModified\":\"2026-03-14T01:51:14+00:00\",\"breadcrumb\":{\"@id\":\"https:\\\/\\\/gloniuz.com\\\/de\\\/product\\\/slow-jo-05-schweizer-24-stunden-armbanduhr\\\/#breadcrumb\"},\"inLanguage\":\"de\",\"potentialAction\":[{\"@type\":\"ReadAction\",\"target\":[\"https:\\\/\\\/gloniuz.com\\\/de\\\/product\\\/slow-jo-05-schweizer-24-stunden-armbanduhr\\\/\"]}]},{\"@type\":\"ImageObject\",\"inLanguage\":\"de\",\"@id\":\"https:\\\/\\\/gloniuz.com\\\/de\\\/product\\\/slow-jo-05-schweizer-24-stunden-armbanduhr\\\/#primaryimage\",\"url\":\"https:\\\/\\\/gloniuz.com\\\/wp-content\\\/uploads\\\/2016\\\/08\\\/slow-Jo-05-Single-Hand-watch-Silver-octagon-case-black-leather-band-1-e1737110062950.jpg\",\"contentUrl\":\"https:\\\/\\\/gloniuz.com\\\/wp-content\\\/uploads\\\/2016\\\/08\\\/slow-Jo-05-Single-Hand-watch-Silver-octagon-case-black-leather-band-1-e1737110062950.jpg\",\"width\":1000,\"height\":1000},{\"@type\":\"BreadcrumbList\",\"@id\":\"https:\\\/\\\/gloniuz.com\\\/de\\\/product\\\/slow-jo-05-schweizer-24-stunden-armbanduhr\\\/#breadcrumb\",\"itemListElement\":[{\"@type\":\"ListItem\",\"position\":1,\"name\":\"Home\",\"item\":\"https:\\\/\\\/de.slow-watches.com\\\/de\\\/\"},{\"@type\":\"ListItem\",\"position\":2,\"name\":\"Produkte\",\"item\":\"https:\\\/\\\/www.slow-watches.com\\\/shop\\\/\"},{\"@type\":\"ListItem\",\"position\":3,\"name\":\"Slow Jo 05\"}]},{\"@type\":\"WebSite\",\"@id\":\"https:\\\/\\\/fr.slow-watches.com\\\/fr\\\/#website\",\"url\":\"https:\\\/\\\/fr.slow-watches.com\\\/fr\\\/\",\"name\":\"slow watches\",\"description\":\"\",\"potentialAction\":[{\"@type\":\"SearchAction\",\"target\":{\"@type\":\"EntryPoint\",\"urlTemplate\":\"https:\\\/\\\/fr.slow-watches.com\\\/fr\\\/?s={search_term_string}\"},\"query-input\":{\"@type\":\"PropertyValueSpecification\",\"valueRequired\":true,\"valueName\":\"search_term_string\"}}],\"inLanguage\":\"de\"}]}<\/script>\n<meta property=\"product:price:amount\" content=\"290.00\" \/>\n<meta property=\"product:price:currency\" content=\"USD\" \/>\n<meta property=\"og:availability\" content=\"instock\" \/>\n<meta property=\"product:availability\" content=\"instock\" \/>\n<meta property=\"product:retailer_item_id\" content=\"8009600005042\" \/>\n<meta property=\"product:condition\" content=\"new\" \/>\n<!-- \/ Yoast SEO Premium plugin. -->","yoast_head_json":{"title":"Slow Jo 05 - slow watches","robots":{"index":"index","follow":"follow","max-snippet":"max-snippet:-1","max-image-preview":"max-image-preview:large","max-video-preview":"max-video-preview:-1"},"canonical":"https:\/\/gloniuz.com\/de\/product\/slow-jo-05-schweizer-24-stunden-armbanduhr\/","og_locale":"de_DE","og_type":"article","og_title":"Slow Jo 05","og_description":"Black Leather, Silver Case, Silver Dial","og_url":"https:\/\/gloniuz.com\/de\/product\/slow-jo-05-schweizer-24-stunden-armbanduhr\/","og_site_name":"slow watches","article_publisher":"https:\/\/www.facebook.com\/theslowwatch\/","article_modified_time":"2026-03-14T01:51:14+00:00","og_image":[{"width":1000,"height":1000,"url":"https:\/\/dk.slow-watches.com\/wp-content\/uploads\/2016\/08\/slow-Jo-05-Single-Hand-watch-Silver-octagon-case-black-leather-band-1.jpg","type":"image\/jpeg"}],"twitter_card":"summary_large_image","twitter_site":"@theslowwatch","twitter_misc":{"Preis":"&#36;290","Verf\u00fcgbarkeit":"Auf Lager"},"schema":{"@context":"https:\/\/schema.org","@graph":[{"@type":"WebPage","@id":"https:\/\/gloniuz.com\/de\/product\/slow-jo-05-schweizer-24-stunden-armbanduhr\/","url":"https:\/\/gloniuz.com\/de\/product\/slow-jo-05-schweizer-24-stunden-armbanduhr\/","name":"Slow Jo 05 - slow watches","isPartOf":{"@id":"https:\/\/fr.slow-watches.com\/fr\/#website"},"primaryImageOfPage":{"@id":"https:\/\/gloniuz.com\/de\/product\/slow-jo-05-schweizer-24-stunden-armbanduhr\/#primaryimage"},"image":{"@id":"https:\/\/gloniuz.com\/de\/product\/slow-jo-05-schweizer-24-stunden-armbanduhr\/#primaryimage"},"thumbnailUrl":"https:\/\/gloniuz.com\/wp-content\/uploads\/2016\/08\/slow-Jo-05-Single-Hand-watch-Silver-octagon-case-black-leather-band-1-e1737110062950.jpg","datePublished":"2016-08-05T14:57:54+00:00","dateModified":"2026-03-14T01:51:14+00:00","breadcrumb":{"@id":"https:\/\/gloniuz.com\/de\/product\/slow-jo-05-schweizer-24-stunden-armbanduhr\/#breadcrumb"},"inLanguage":"de","potentialAction":[{"@type":"ReadAction","target":["https:\/\/gloniuz.com\/de\/product\/slow-jo-05-schweizer-24-stunden-armbanduhr\/"]}]},{"@type":"ImageObject","inLanguage":"de","@id":"https:\/\/gloniuz.com\/de\/product\/slow-jo-05-schweizer-24-stunden-armbanduhr\/#primaryimage","url":"https:\/\/gloniuz.com\/wp-content\/uploads\/2016\/08\/slow-Jo-05-Single-Hand-watch-Silver-octagon-case-black-leather-band-1-e1737110062950.jpg","contentUrl":"https:\/\/gloniuz.com\/wp-content\/uploads\/2016\/08\/slow-Jo-05-Single-Hand-watch-Silver-octagon-case-black-leather-band-1-e1737110062950.jpg","width":1000,"height":1000},{"@type":"BreadcrumbList","@id":"https:\/\/gloniuz.com\/de\/product\/slow-jo-05-schweizer-24-stunden-armbanduhr\/#breadcrumb","itemListElement":[{"@type":"ListItem","position":1,"name":"Home","item":"https:\/\/de.slow-watches.com\/de\/"},{"@type":"ListItem","position":2,"name":"Produkte","item":"https:\/\/www.slow-watches.com\/shop\/"},{"@type":"ListItem","position":3,"name":"Slow Jo 05"}]},{"@type":"WebSite","@id":"https:\/\/fr.slow-watches.com\/fr\/#website","url":"https:\/\/fr.slow-watches.com\/fr\/","name":"slow watches","description":"","potentialAction":[{"@type":"SearchAction","target":{"@type":"EntryPoint","urlTemplate":"https:\/\/fr.slow-watches.com\/fr\/?s={search_term_string}"},"query-input":{"@type":"PropertyValueSpecification","valueRequired":true,"valueName":"search_term_string"}}],"inLanguage":"de"}]},"product_price_amount":"290.00","product_price_currency":"USD","og_availability":"instock","product_availability":"instock","product_retailer_item_id":"8009600005042","product_condition":"new"},"_links":{"self":[{"href":"https:\/\/gloniuz.com\/de\/wp-json\/wp\/v2\/product\/7583","targetHints":{"allow":["GET"]}}],"collection":[{"href":"https:\/\/gloniuz.com\/de\/wp-json\/wp\/v2\/product"}],"about":[{"href":"https:\/\/gloniuz.com\/de\/wp-json\/wp\/v2\/types\/product"}],"replies":[{"embeddable":true,"href":"https:\/\/gloniuz.com\/de\/wp-json\/wp\/v2\/comments?post=7583"}],"version-history":[{"count":0,"href":"https:\/\/gloniuz.com\/de\/wp-json\/wp\/v2\/product\/7583\/revisions"}],"wp:featuredmedia":[{"embeddable":true,"href":"https:\/\/gloniuz.com\/de\/wp-json\/wp\/v2\/media\/22964"}],"wp:attachment":[{"href":"https:\/\/gloniuz.com\/de\/wp-json\/wp\/v2\/media?parent=7583"}],"wp:term":[{"taxonomy":"product_brand","embeddable":true,"href":"https:\/\/gloniuz.com\/de\/wp-json\/wp\/v2\/product_brand?post=7583"},{"taxonomy":"product_cat","embeddable":true,"href":"https:\/\/gloniuz.com\/de\/wp-json\/wp\/v2\/product_cat?post=7583"},{"taxonomy":"product_tag","embeddable":true,"href":"https:\/\/gloniuz.com\/de\/wp-json\/wp\/v2\/product_tag?post=7583"}],"curies":[{"name":"wp","href":"https:\/\/api.w.org\/{rel}","templated":true}]}}