{"id":7695,"date":"2016-08-05T17:16:38","date_gmt":"2016-08-05T15:16:38","guid":{"rendered":"http:\/\/www.slow-watches.com\/the-store\/slow-jo-06-2-2.html"},"modified":"2026-03-26T16:30:13","modified_gmt":"2026-03-26T15:30:13","slug":"slow-jo-06-schweizer-24-stunden-einzeigeruhr","status":"publish","type":"product","link":"https:\/\/gloniuz.com\/de\/product\/slow-jo-06-schweizer-24-stunden-einzeigeruhr\/","title":{"rendered":"Slow Jo 06"},"content":{"rendered":"<p>Unser extra weiches italienisches Kalbsleder kombiniert mit einem silbernen Geh\u00e4use und schwarzen Zifferblatt schafft eine Armbanduhr, die wohl kaum anspruchsvoller sein k\u00f6nnte. Die perfekte Wahl f\u00fcr alle, die eine sch\u00f6ne, schlichte Uhr kaufen wollen, die man t\u00e4glich tragen kann.<\/p>\n<ul>\n<li>Swiss Made, Schweizer GMT Quarzuhrwerk<\/li>\n<li>100 Meter wasserdicht<\/li>\n<li>38 mm silberfarbenes Geh\u00e4use aus rostfreiem Stahl<\/li>\n<li>Schwarzes Armband aus weichem Italienischen Kalbsleder<\/li>\n<\/ul>\n","protected":false},"excerpt":{"rendered":"<p>Black Leather, Silver Case, Black\u00a0Dial<\/p>\n","protected":false},"featured_media":22977,"comment_status":"open","ping_status":"closed","template":"","meta":{"_acf_changed":false,"footnotes":""},"product_brand":[],"product_cat":[34],"product_tag":[],"class_list":{"0":"post-7695","1":"product","2":"type-product","3":"status-publish","4":"has-post-thumbnail","6":"product_cat-slow-jo-38mm-de","8":"first","9":"instock","10":"featured","11":"taxable","12":"shipping-taxable","13":"purchasable","14":"product-type-simple"},"acf":[],"yoast_head":"<!-- This site is optimized with the Yoast SEO Premium plugin v27.5 (Yoast SEO v27.5) - https:\/\/yoast.com\/product\/yoast-seo-premium-wordpress\/ -->\n<title>Slow Jo 06 - slow watches<\/title>\n<meta name=\"robots\" content=\"index, follow, max-snippet:-1, max-image-preview:large, max-video-preview:-1\" \/>\n<link rel=\"canonical\" href=\"https:\/\/gloniuz.com\/de\/product\/slow-jo-06-schweizer-24-stunden-einzeigeruhr\/\" \/>\n<meta property=\"og:locale\" content=\"de_DE\" \/>\n<meta property=\"og:type\" content=\"article\" \/>\n<meta property=\"og:title\" content=\"Slow Jo 06\" \/>\n<meta property=\"og:description\" content=\"Black Leather, Silver Case, Black\u00a0Dial\" \/>\n<meta property=\"og:url\" content=\"https:\/\/gloniuz.com\/de\/product\/slow-jo-06-schweizer-24-stunden-einzeigeruhr\/\" \/>\n<meta property=\"og:site_name\" content=\"slow watches\" \/>\n<meta property=\"article:publisher\" content=\"https:\/\/www.facebook.com\/theslowwatch\/\" \/>\n<meta property=\"article:modified_time\" content=\"2026-03-26T15:30:13+00:00\" \/>\n<meta property=\"og:image\" content=\"https:\/\/ch.slow-watches.com\/wp-content\/uploads\/2016\/08\/slow-Jo-06-Single-Hand-wrist-watch-Silver-Black-1.jpg\" \/>\n\t<meta property=\"og:image:width\" content=\"1000\" \/>\n\t<meta property=\"og:image:height\" content=\"1000\" \/>\n\t<meta property=\"og:image:type\" content=\"image\/jpeg\" \/>\n<meta name=\"twitter:card\" content=\"summary_large_image\" \/>\n<meta name=\"twitter:site\" content=\"@theslowwatch\" \/>\n<meta name=\"twitter:label1\" content=\"Preis\" \/>\n\t<meta name=\"twitter:data1\" content=\"&#036;290\" \/>\n\t<meta name=\"twitter:label2\" content=\"Verf\u00fcgbarkeit\" \/>\n\t<meta name=\"twitter:data2\" content=\"Auf Lager\" \/>\n<script type=\"application\/ld+json\" class=\"yoast-schema-graph\">{\"@context\":\"https:\\\/\\\/schema.org\",\"@graph\":[{\"@type\":\"WebPage\",\"@id\":\"https:\\\/\\\/gloniuz.com\\\/de\\\/product\\\/slow-jo-06-schweizer-24-stunden-einzeigeruhr\\\/\",\"url\":\"https:\\\/\\\/gloniuz.com\\\/de\\\/product\\\/slow-jo-06-schweizer-24-stunden-einzeigeruhr\\\/\",\"name\":\"Slow Jo 06 - slow watches\",\"isPartOf\":{\"@id\":\"https:\\\/\\\/fr.slow-watches.com\\\/fr\\\/#website\"},\"primaryImageOfPage\":{\"@id\":\"https:\\\/\\\/gloniuz.com\\\/de\\\/product\\\/slow-jo-06-schweizer-24-stunden-einzeigeruhr\\\/#primaryimage\"},\"image\":{\"@id\":\"https:\\\/\\\/gloniuz.com\\\/de\\\/product\\\/slow-jo-06-schweizer-24-stunden-einzeigeruhr\\\/#primaryimage\"},\"thumbnailUrl\":\"https:\\\/\\\/gloniuz.com\\\/wp-content\\\/uploads\\\/2016\\\/08\\\/slow-Jo-06-Single-Hand-wrist-watch-Silver-Black-1-e1734524859236.jpg\",\"datePublished\":\"2016-08-05T15:16:38+00:00\",\"dateModified\":\"2026-03-26T15:30:13+00:00\",\"breadcrumb\":{\"@id\":\"https:\\\/\\\/gloniuz.com\\\/de\\\/product\\\/slow-jo-06-schweizer-24-stunden-einzeigeruhr\\\/#breadcrumb\"},\"inLanguage\":\"de\",\"potentialAction\":[{\"@type\":\"ReadAction\",\"target\":[\"https:\\\/\\\/gloniuz.com\\\/de\\\/product\\\/slow-jo-06-schweizer-24-stunden-einzeigeruhr\\\/\"]}]},{\"@type\":\"ImageObject\",\"inLanguage\":\"de\",\"@id\":\"https:\\\/\\\/gloniuz.com\\\/de\\\/product\\\/slow-jo-06-schweizer-24-stunden-einzeigeruhr\\\/#primaryimage\",\"url\":\"https:\\\/\\\/gloniuz.com\\\/wp-content\\\/uploads\\\/2016\\\/08\\\/slow-Jo-06-Single-Hand-wrist-watch-Silver-Black-1-e1734524859236.jpg\",\"contentUrl\":\"https:\\\/\\\/gloniuz.com\\\/wp-content\\\/uploads\\\/2016\\\/08\\\/slow-Jo-06-Single-Hand-wrist-watch-Silver-Black-1-e1734524859236.jpg\",\"width\":1000,\"height\":1000},{\"@type\":\"BreadcrumbList\",\"@id\":\"https:\\\/\\\/gloniuz.com\\\/de\\\/product\\\/slow-jo-06-schweizer-24-stunden-einzeigeruhr\\\/#breadcrumb\",\"itemListElement\":[{\"@type\":\"ListItem\",\"position\":1,\"name\":\"Home\",\"item\":\"https:\\\/\\\/de.slow-watches.com\\\/de\\\/\"},{\"@type\":\"ListItem\",\"position\":2,\"name\":\"Produkte\",\"item\":\"https:\\\/\\\/www.slow-watches.com\\\/shop\\\/\"},{\"@type\":\"ListItem\",\"position\":3,\"name\":\"Slow Jo 06\"}]},{\"@type\":\"WebSite\",\"@id\":\"https:\\\/\\\/fr.slow-watches.com\\\/fr\\\/#website\",\"url\":\"https:\\\/\\\/fr.slow-watches.com\\\/fr\\\/\",\"name\":\"slow watches\",\"description\":\"\",\"potentialAction\":[{\"@type\":\"SearchAction\",\"target\":{\"@type\":\"EntryPoint\",\"urlTemplate\":\"https:\\\/\\\/fr.slow-watches.com\\\/fr\\\/?s={search_term_string}\"},\"query-input\":{\"@type\":\"PropertyValueSpecification\",\"valueRequired\":true,\"valueName\":\"search_term_string\"}}],\"inLanguage\":\"de\"}]}<\/script>\n<meta property=\"product:price:amount\" content=\"290.00\" \/>\n<meta property=\"product:price:currency\" content=\"USD\" \/>\n<meta property=\"og:availability\" content=\"instock\" \/>\n<meta property=\"product:availability\" content=\"instock\" \/>\n<meta property=\"product:retailer_item_id\" content=\"8009600005059\" \/>\n<meta property=\"product:condition\" content=\"new\" \/>\n<!-- \/ Yoast SEO Premium plugin. -->","yoast_head_json":{"title":"Slow Jo 06 - slow watches","robots":{"index":"index","follow":"follow","max-snippet":"max-snippet:-1","max-image-preview":"max-image-preview:large","max-video-preview":"max-video-preview:-1"},"canonical":"https:\/\/gloniuz.com\/de\/product\/slow-jo-06-schweizer-24-stunden-einzeigeruhr\/","og_locale":"de_DE","og_type":"article","og_title":"Slow Jo 06","og_description":"Black Leather, Silver Case, Black\u00a0Dial","og_url":"https:\/\/gloniuz.com\/de\/product\/slow-jo-06-schweizer-24-stunden-einzeigeruhr\/","og_site_name":"slow watches","article_publisher":"https:\/\/www.facebook.com\/theslowwatch\/","article_modified_time":"2026-03-26T15:30:13+00:00","og_image":[{"width":1000,"height":1000,"url":"https:\/\/ch.slow-watches.com\/wp-content\/uploads\/2016\/08\/slow-Jo-06-Single-Hand-wrist-watch-Silver-Black-1.jpg","type":"image\/jpeg"}],"twitter_card":"summary_large_image","twitter_site":"@theslowwatch","twitter_misc":{"Preis":"&#36;290","Verf\u00fcgbarkeit":"Auf Lager"},"schema":{"@context":"https:\/\/schema.org","@graph":[{"@type":"WebPage","@id":"https:\/\/gloniuz.com\/de\/product\/slow-jo-06-schweizer-24-stunden-einzeigeruhr\/","url":"https:\/\/gloniuz.com\/de\/product\/slow-jo-06-schweizer-24-stunden-einzeigeruhr\/","name":"Slow Jo 06 - slow watches","isPartOf":{"@id":"https:\/\/fr.slow-watches.com\/fr\/#website"},"primaryImageOfPage":{"@id":"https:\/\/gloniuz.com\/de\/product\/slow-jo-06-schweizer-24-stunden-einzeigeruhr\/#primaryimage"},"image":{"@id":"https:\/\/gloniuz.com\/de\/product\/slow-jo-06-schweizer-24-stunden-einzeigeruhr\/#primaryimage"},"thumbnailUrl":"https:\/\/gloniuz.com\/wp-content\/uploads\/2016\/08\/slow-Jo-06-Single-Hand-wrist-watch-Silver-Black-1-e1734524859236.jpg","datePublished":"2016-08-05T15:16:38+00:00","dateModified":"2026-03-26T15:30:13+00:00","breadcrumb":{"@id":"https:\/\/gloniuz.com\/de\/product\/slow-jo-06-schweizer-24-stunden-einzeigeruhr\/#breadcrumb"},"inLanguage":"de","potentialAction":[{"@type":"ReadAction","target":["https:\/\/gloniuz.com\/de\/product\/slow-jo-06-schweizer-24-stunden-einzeigeruhr\/"]}]},{"@type":"ImageObject","inLanguage":"de","@id":"https:\/\/gloniuz.com\/de\/product\/slow-jo-06-schweizer-24-stunden-einzeigeruhr\/#primaryimage","url":"https:\/\/gloniuz.com\/wp-content\/uploads\/2016\/08\/slow-Jo-06-Single-Hand-wrist-watch-Silver-Black-1-e1734524859236.jpg","contentUrl":"https:\/\/gloniuz.com\/wp-content\/uploads\/2016\/08\/slow-Jo-06-Single-Hand-wrist-watch-Silver-Black-1-e1734524859236.jpg","width":1000,"height":1000},{"@type":"BreadcrumbList","@id":"https:\/\/gloniuz.com\/de\/product\/slow-jo-06-schweizer-24-stunden-einzeigeruhr\/#breadcrumb","itemListElement":[{"@type":"ListItem","position":1,"name":"Home","item":"https:\/\/de.slow-watches.com\/de\/"},{"@type":"ListItem","position":2,"name":"Produkte","item":"https:\/\/www.slow-watches.com\/shop\/"},{"@type":"ListItem","position":3,"name":"Slow Jo 06"}]},{"@type":"WebSite","@id":"https:\/\/fr.slow-watches.com\/fr\/#website","url":"https:\/\/fr.slow-watches.com\/fr\/","name":"slow watches","description":"","potentialAction":[{"@type":"SearchAction","target":{"@type":"EntryPoint","urlTemplate":"https:\/\/fr.slow-watches.com\/fr\/?s={search_term_string}"},"query-input":{"@type":"PropertyValueSpecification","valueRequired":true,"valueName":"search_term_string"}}],"inLanguage":"de"}]},"product_price_amount":"290.00","product_price_currency":"USD","og_availability":"instock","product_availability":"instock","product_retailer_item_id":"8009600005059","product_condition":"new"},"_links":{"self":[{"href":"https:\/\/gloniuz.com\/de\/wp-json\/wp\/v2\/product\/7695","targetHints":{"allow":["GET"]}}],"collection":[{"href":"https:\/\/gloniuz.com\/de\/wp-json\/wp\/v2\/product"}],"about":[{"href":"https:\/\/gloniuz.com\/de\/wp-json\/wp\/v2\/types\/product"}],"replies":[{"embeddable":true,"href":"https:\/\/gloniuz.com\/de\/wp-json\/wp\/v2\/comments?post=7695"}],"version-history":[{"count":0,"href":"https:\/\/gloniuz.com\/de\/wp-json\/wp\/v2\/product\/7695\/revisions"}],"wp:featuredmedia":[{"embeddable":true,"href":"https:\/\/gloniuz.com\/de\/wp-json\/wp\/v2\/media\/22977"}],"wp:attachment":[{"href":"https:\/\/gloniuz.com\/de\/wp-json\/wp\/v2\/media?parent=7695"}],"wp:term":[{"taxonomy":"product_brand","embeddable":true,"href":"https:\/\/gloniuz.com\/de\/wp-json\/wp\/v2\/product_brand?post=7695"},{"taxonomy":"product_cat","embeddable":true,"href":"https:\/\/gloniuz.com\/de\/wp-json\/wp\/v2\/product_cat?post=7695"},{"taxonomy":"product_tag","embeddable":true,"href":"https:\/\/gloniuz.com\/de\/wp-json\/wp\/v2\/product_tag?post=7695"}],"curies":[{"name":"wp","href":"https:\/\/api.w.org\/{rel}","templated":true}]}}