{"id":9668,"date":"2016-08-09T14:21:22","date_gmt":"2016-08-09T12:21:22","guid":{"rendered":"http:\/\/www.slow-watches.com\/the-store\/slow-mo-07.html"},"modified":"2026-05-08T10:18:16","modified_gmt":"2026-05-08T08:18:16","slug":"slow-mo-07-einzeiger-armbanduhr","status":"publish","type":"product","link":"https:\/\/gloniuz.com\/de\/product\/slow-mo-07-einzeiger-armbanduhr\/","title":{"rendered":"Slow Mo 07"},"content":{"rendered":"<p>Eine echte Vintage-Uhr: Das kleine Octagon-Geh\u00e4use in Gold mit braunem Lederband. Eine sch\u00f6ne Erinnerung an alte Zeiten, in denen Uhren noch kleinere Ma\u00dfe hatten; aber nat\u00fcrlich mit moderner Note.<\/p>\n<ul>\n<li>Swiss Made, Schweizer GMT Quarzuhrwerk<\/li>\n<li>100 Meter wasserdicht<\/li>\n<li>34 mm goldfarbenes Geh\u00e4use aus rostfreiem Edelstahl<\/li>\n<li>Braunes Armband aus weichem Italienischen Kalbsleder<\/li>\n<\/ul>\n","protected":false},"excerpt":{"rendered":"<p>Brown Leather, Gold Case, Gold Dial<\/p>\n","protected":false},"featured_media":23565,"comment_status":"open","ping_status":"closed","template":"","meta":{"_acf_changed":false,"footnotes":""},"product_brand":[],"product_cat":[35],"product_tag":[],"class_list":{"0":"post-9668","1":"product","2":"type-product","3":"status-publish","4":"has-post-thumbnail","6":"product_cat-slow-mo-34mm-de","8":"first","9":"instock","10":"taxable","11":"shipping-taxable","12":"purchasable","13":"product-type-simple"},"acf":[],"yoast_head":"<!-- This site is optimized with the Yoast SEO Premium plugin v27.5 (Yoast SEO v27.5) - https:\/\/yoast.com\/product\/yoast-seo-premium-wordpress\/ -->\n<title>Slow Mo 07 - slow watches<\/title>\n<meta name=\"robots\" content=\"index, follow, max-snippet:-1, max-image-preview:large, max-video-preview:-1\" \/>\n<link rel=\"canonical\" href=\"https:\/\/gloniuz.com\/de\/product\/slow-mo-07-einzeiger-armbanduhr\/\" \/>\n<meta property=\"og:locale\" content=\"de_DE\" \/>\n<meta property=\"og:type\" content=\"article\" \/>\n<meta property=\"og:title\" content=\"Slow Mo 07\" \/>\n<meta property=\"og:description\" content=\"Brown Leather, Gold Case, Gold Dial\" \/>\n<meta property=\"og:url\" content=\"https:\/\/gloniuz.com\/de\/product\/slow-mo-07-einzeiger-armbanduhr\/\" \/>\n<meta property=\"og:site_name\" content=\"slow watches\" \/>\n<meta property=\"article:publisher\" content=\"https:\/\/www.facebook.com\/theslowwatch\/\" \/>\n<meta property=\"article:modified_time\" content=\"2026-05-08T08:18:16+00:00\" \/>\n<meta property=\"og:image\" content=\"https:\/\/de.slow-watches.com\/wp-content\/uploads\/2016\/08\/slow-Mo-07-Single-handed-wrist-watch-Gold-octagon-case-brown-leather-stral.jpg\" \/>\n\t<meta property=\"og:image:width\" content=\"1000\" \/>\n\t<meta property=\"og:image:height\" content=\"1000\" \/>\n\t<meta property=\"og:image:type\" content=\"image\/jpeg\" \/>\n<meta name=\"twitter:card\" content=\"summary_large_image\" \/>\n<meta name=\"twitter:site\" content=\"@theslowwatch\" \/>\n<meta name=\"twitter:label1\" content=\"Preis\" \/>\n\t<meta name=\"twitter:data1\" content=\"&#036;290\" \/>\n\t<meta name=\"twitter:label2\" content=\"Verf\u00fcgbarkeit\" \/>\n\t<meta name=\"twitter:data2\" content=\"Auf Lager\" \/>\n<script type=\"application\/ld+json\" class=\"yoast-schema-graph\">{\"@context\":\"https:\\\/\\\/schema.org\",\"@graph\":[{\"@type\":\"WebPage\",\"@id\":\"https:\\\/\\\/gloniuz.com\\\/de\\\/product\\\/slow-mo-07-einzeiger-armbanduhr\\\/\",\"url\":\"https:\\\/\\\/gloniuz.com\\\/de\\\/product\\\/slow-mo-07-einzeiger-armbanduhr\\\/\",\"name\":\"Slow Mo 07 - slow watches\",\"isPartOf\":{\"@id\":\"https:\\\/\\\/fr.slow-watches.com\\\/fr\\\/#website\"},\"primaryImageOfPage\":{\"@id\":\"https:\\\/\\\/gloniuz.com\\\/de\\\/product\\\/slow-mo-07-einzeiger-armbanduhr\\\/#primaryimage\"},\"image\":{\"@id\":\"https:\\\/\\\/gloniuz.com\\\/de\\\/product\\\/slow-mo-07-einzeiger-armbanduhr\\\/#primaryimage\"},\"thumbnailUrl\":\"https:\\\/\\\/gloniuz.com\\\/wp-content\\\/uploads\\\/2016\\\/08\\\/slow-Mo-07-Single-handed-wrist-watch-Gold-octagon-case-brown-leather-stral.jpg\",\"datePublished\":\"2016-08-09T12:21:22+00:00\",\"dateModified\":\"2026-05-08T08:18:16+00:00\",\"breadcrumb\":{\"@id\":\"https:\\\/\\\/gloniuz.com\\\/de\\\/product\\\/slow-mo-07-einzeiger-armbanduhr\\\/#breadcrumb\"},\"inLanguage\":\"de\",\"potentialAction\":[{\"@type\":\"ReadAction\",\"target\":[\"https:\\\/\\\/gloniuz.com\\\/de\\\/product\\\/slow-mo-07-einzeiger-armbanduhr\\\/\"]}]},{\"@type\":\"ImageObject\",\"inLanguage\":\"de\",\"@id\":\"https:\\\/\\\/gloniuz.com\\\/de\\\/product\\\/slow-mo-07-einzeiger-armbanduhr\\\/#primaryimage\",\"url\":\"https:\\\/\\\/gloniuz.com\\\/wp-content\\\/uploads\\\/2016\\\/08\\\/slow-Mo-07-Single-handed-wrist-watch-Gold-octagon-case-brown-leather-stral.jpg\",\"contentUrl\":\"https:\\\/\\\/gloniuz.com\\\/wp-content\\\/uploads\\\/2016\\\/08\\\/slow-Mo-07-Single-handed-wrist-watch-Gold-octagon-case-brown-leather-stral.jpg\",\"width\":1000,\"height\":1000},{\"@type\":\"BreadcrumbList\",\"@id\":\"https:\\\/\\\/gloniuz.com\\\/de\\\/product\\\/slow-mo-07-einzeiger-armbanduhr\\\/#breadcrumb\",\"itemListElement\":[{\"@type\":\"ListItem\",\"position\":1,\"name\":\"Home\",\"item\":\"https:\\\/\\\/de.slow-watches.com\\\/de\\\/\"},{\"@type\":\"ListItem\",\"position\":2,\"name\":\"Produkte\",\"item\":\"https:\\\/\\\/www.slow-watches.com\\\/shop\\\/\"},{\"@type\":\"ListItem\",\"position\":3,\"name\":\"Slow Mo 07\"}]},{\"@type\":\"WebSite\",\"@id\":\"https:\\\/\\\/fr.slow-watches.com\\\/fr\\\/#website\",\"url\":\"https:\\\/\\\/fr.slow-watches.com\\\/fr\\\/\",\"name\":\"slow watches\",\"description\":\"\",\"potentialAction\":[{\"@type\":\"SearchAction\",\"target\":{\"@type\":\"EntryPoint\",\"urlTemplate\":\"https:\\\/\\\/fr.slow-watches.com\\\/fr\\\/?s={search_term_string}\"},\"query-input\":{\"@type\":\"PropertyValueSpecification\",\"valueRequired\":true,\"valueName\":\"search_term_string\"}}],\"inLanguage\":\"de\"}]}<\/script>\n<meta property=\"product:price:amount\" content=\"290.00\" \/>\n<meta property=\"product:price:currency\" content=\"USD\" \/>\n<meta property=\"og:availability\" content=\"instock\" \/>\n<meta property=\"product:availability\" content=\"instock\" \/>\n<meta property=\"product:retailer_item_id\" content=\"8051766398469\" \/>\n<meta property=\"product:condition\" content=\"new\" \/>\n<!-- \/ Yoast SEO Premium plugin. -->","yoast_head_json":{"title":"Slow Mo 07 - slow watches","robots":{"index":"index","follow":"follow","max-snippet":"max-snippet:-1","max-image-preview":"max-image-preview:large","max-video-preview":"max-video-preview:-1"},"canonical":"https:\/\/gloniuz.com\/de\/product\/slow-mo-07-einzeiger-armbanduhr\/","og_locale":"de_DE","og_type":"article","og_title":"Slow Mo 07","og_description":"Brown Leather, Gold Case, Gold Dial","og_url":"https:\/\/gloniuz.com\/de\/product\/slow-mo-07-einzeiger-armbanduhr\/","og_site_name":"slow watches","article_publisher":"https:\/\/www.facebook.com\/theslowwatch\/","article_modified_time":"2026-05-08T08:18:16+00:00","og_image":[{"width":1000,"height":1000,"url":"https:\/\/de.slow-watches.com\/wp-content\/uploads\/2016\/08\/slow-Mo-07-Single-handed-wrist-watch-Gold-octagon-case-brown-leather-stral.jpg","type":"image\/jpeg"}],"twitter_card":"summary_large_image","twitter_site":"@theslowwatch","twitter_misc":{"Preis":"&#36;290","Verf\u00fcgbarkeit":"Auf Lager"},"schema":{"@context":"https:\/\/schema.org","@graph":[{"@type":"WebPage","@id":"https:\/\/gloniuz.com\/de\/product\/slow-mo-07-einzeiger-armbanduhr\/","url":"https:\/\/gloniuz.com\/de\/product\/slow-mo-07-einzeiger-armbanduhr\/","name":"Slow Mo 07 - slow watches","isPartOf":{"@id":"https:\/\/fr.slow-watches.com\/fr\/#website"},"primaryImageOfPage":{"@id":"https:\/\/gloniuz.com\/de\/product\/slow-mo-07-einzeiger-armbanduhr\/#primaryimage"},"image":{"@id":"https:\/\/gloniuz.com\/de\/product\/slow-mo-07-einzeiger-armbanduhr\/#primaryimage"},"thumbnailUrl":"https:\/\/gloniuz.com\/wp-content\/uploads\/2016\/08\/slow-Mo-07-Single-handed-wrist-watch-Gold-octagon-case-brown-leather-stral.jpg","datePublished":"2016-08-09T12:21:22+00:00","dateModified":"2026-05-08T08:18:16+00:00","breadcrumb":{"@id":"https:\/\/gloniuz.com\/de\/product\/slow-mo-07-einzeiger-armbanduhr\/#breadcrumb"},"inLanguage":"de","potentialAction":[{"@type":"ReadAction","target":["https:\/\/gloniuz.com\/de\/product\/slow-mo-07-einzeiger-armbanduhr\/"]}]},{"@type":"ImageObject","inLanguage":"de","@id":"https:\/\/gloniuz.com\/de\/product\/slow-mo-07-einzeiger-armbanduhr\/#primaryimage","url":"https:\/\/gloniuz.com\/wp-content\/uploads\/2016\/08\/slow-Mo-07-Single-handed-wrist-watch-Gold-octagon-case-brown-leather-stral.jpg","contentUrl":"https:\/\/gloniuz.com\/wp-content\/uploads\/2016\/08\/slow-Mo-07-Single-handed-wrist-watch-Gold-octagon-case-brown-leather-stral.jpg","width":1000,"height":1000},{"@type":"BreadcrumbList","@id":"https:\/\/gloniuz.com\/de\/product\/slow-mo-07-einzeiger-armbanduhr\/#breadcrumb","itemListElement":[{"@type":"ListItem","position":1,"name":"Home","item":"https:\/\/de.slow-watches.com\/de\/"},{"@type":"ListItem","position":2,"name":"Produkte","item":"https:\/\/www.slow-watches.com\/shop\/"},{"@type":"ListItem","position":3,"name":"Slow Mo 07"}]},{"@type":"WebSite","@id":"https:\/\/fr.slow-watches.com\/fr\/#website","url":"https:\/\/fr.slow-watches.com\/fr\/","name":"slow watches","description":"","potentialAction":[{"@type":"SearchAction","target":{"@type":"EntryPoint","urlTemplate":"https:\/\/fr.slow-watches.com\/fr\/?s={search_term_string}"},"query-input":{"@type":"PropertyValueSpecification","valueRequired":true,"valueName":"search_term_string"}}],"inLanguage":"de"}]},"product_price_amount":"290.00","product_price_currency":"USD","og_availability":"instock","product_availability":"instock","product_retailer_item_id":"8051766398469","product_condition":"new"},"_links":{"self":[{"href":"https:\/\/gloniuz.com\/de\/wp-json\/wp\/v2\/product\/9668","targetHints":{"allow":["GET"]}}],"collection":[{"href":"https:\/\/gloniuz.com\/de\/wp-json\/wp\/v2\/product"}],"about":[{"href":"https:\/\/gloniuz.com\/de\/wp-json\/wp\/v2\/types\/product"}],"replies":[{"embeddable":true,"href":"https:\/\/gloniuz.com\/de\/wp-json\/wp\/v2\/comments?post=9668"}],"version-history":[{"count":1,"href":"https:\/\/gloniuz.com\/de\/wp-json\/wp\/v2\/product\/9668\/revisions"}],"predecessor-version":[{"id":327971,"href":"https:\/\/gloniuz.com\/de\/wp-json\/wp\/v2\/product\/9668\/revisions\/327971"}],"wp:featuredmedia":[{"embeddable":true,"href":"https:\/\/gloniuz.com\/de\/wp-json\/wp\/v2\/media\/23565"}],"wp:attachment":[{"href":"https:\/\/gloniuz.com\/de\/wp-json\/wp\/v2\/media?parent=9668"}],"wp:term":[{"taxonomy":"product_brand","embeddable":true,"href":"https:\/\/gloniuz.com\/de\/wp-json\/wp\/v2\/product_brand?post=9668"},{"taxonomy":"product_cat","embeddable":true,"href":"https:\/\/gloniuz.com\/de\/wp-json\/wp\/v2\/product_cat?post=9668"},{"taxonomy":"product_tag","embeddable":true,"href":"https:\/\/gloniuz.com\/de\/wp-json\/wp\/v2\/product_tag?post=9668"}],"curies":[{"name":"wp","href":"https:\/\/api.w.org\/{rel}","templated":true}]}}