{"id":15584,"date":"2016-07-05T10:05:13","date_gmt":"2016-07-05T08:05:13","guid":{"rendered":"http:\/\/www.slow-watches.com\/es\/the-store\/"},"modified":"2024-07-03T13:15:21","modified_gmt":"2024-07-03T11:15:21","slug":"the-store","status":"publish","type":"page","link":"https:\/\/gloniuz.com\/es\/the-store\/","title":{"rendered":"RELOJES \/ CORREAS"},"content":{"rendered":"<div class=\"product-cat\">\n<h2 style=\"text-align: center;\">\u00bfCU\u00c1L ES TU ESTILO?<\/h2>\n<div class=\"sep-border\"><\/div>\n<div class=\"row slow-round\">\n<div class=\"col-sm-9\">\n<h2>NUEVO: Slow&nbsp;Solar<\/h2>\n<p>\t\t<a href=\"\/es\/the-store-category\/solar-40-mm-es\/\" target=\"_self\" class=\"vc_single_image-wrapper   vc_box_border_grey\" rel=\"noopener noreferrer\"><img loading=\"lazy\" decoding=\"async\" src=\"\/wp-content\/uploads\/2024\/07\/slow_solar_presenter.png\" class=\"vc_single_image-img attachment-full lazyload\" alt=\"\" data-src=\"\/wp-content\/uploads\/2024\/07\/slow_solar_presenter.png\" width=\"600\" height=\"276\"><\/a>\n\t<\/div>\n<div class=\"col-sm-3\">\n<h2>NUEVO: Slow&nbsp;Solar<\/h2>\n<p>Aprovecha el poder del sol con la nueva l\u00ednea SOLAR de slow. Con seis nuevos relojes, slow entra en la era del sol. Todos los modelos est\u00e1n fabricados con cajas de aluminio reciclado y correas de lona reciclada. Esto los hace no s\u00f3lo muy ligeros y c\u00f3modos de llevar, sino tambi\u00e9n sostenibles. Por supuesto, estos relojes tambi\u00e9n se presentan en nuestras nuevas cajas hechas de papel reciclado. 100% energ\u00eda lenta.<\/p>\n<p><a href=\"\/es\/the-store-category\/solar-40-mm-es\/\">A LA TIENDA<\/a><\/p>\n<\/p><\/div>\n<\/div>\n<div class=\"sep-border\"><\/div>\n<div class=\"row slow-round\">\n<div class=\"col-sm-9\">\n<h2>Slow&nbsp;Round Twelve<\/h2>\n<p>\t\t<a href=\"\/es\/the-store-category\/round-twelve-es\/\" target=\"_self\" class=\"vc_single_image-wrapper   vc_box_border_grey\" rel=\"noopener noreferrer\"><img loading=\"lazy\" decoding=\"async\" src=\"\/wp-content\/uploads\/2022\/09\/slow_twelve_presenter.png\" class=\"vc_single_image-img attachment-full lazyload\" alt=\"\" data-src=\"\/wp-content\/uploads\/2022\/09\/slow_twelve_presenter.png\" width=\"600\" height=\"276\"><\/a>\n\t<\/div>\n<div class=\"col-sm-3\">\n<h2>Slow&nbsp;Round Twelve<\/h2>\n<p>slow round twelve es la fusi\u00f3n de nuestros modelos de round y la antigua versi\u00f3n AM\/PM de slow Jo. Es una versi\u00f3n de 12 horas, como muchos de vosotros hab\u00e9is demandado durante mucho tiempo. Tenemos curiosidad por saber si os gusta.<\/p>\n<p><a href=\"\/es\/the-store-category\/round-twelve-es\/\">A LA TIENDA<\/a><\/p>\n<\/p><\/div>\n<\/div>\n<div class=\"sep-border\"><\/div>\n<div class=\"row slow-round\">\n<div class=\"col-sm-9\">\n<h2>Slow&nbsp;Round-S \u2013 34 MM<\/h2>\n<p>\t\t<a href=\"\/es\/the-store-category\/slow-round-s-es\/\" target=\"_self\" class=\"vc_single_image-wrapper   vc_box_border_grey\" rel=\"noopener noreferrer\"><img loading=\"lazy\" decoding=\"async\" src=\"\/wp-content\/uploads\/2020\/12\/slow_round_s_presenter.png\" class=\"vc_single_image-img attachment-full lazyload\" alt=\"\" data-src=\"\/wp-content\/uploads\/2020\/12\/slow_round_s_presenter.png\" width=\"600\" height=\"276\"><\/a>\n\t<\/div>\n<div class=\"col-sm-3\">\n<h2>Slow&nbsp;Round-S \u2013 <br \/>34 MM<\/h2>\n<p>Con el nuevo modelo slow Round-S ampliamos la familia slow con una versi\u00f3n m\u00e1s peque\u00f1a de la popular serie Slow Round. Para comenzar, hemos dise\u00f1ado 8 nuevos modelos, y \u00a1estamos deseando conocer qu\u00e9 les parecen!<\/p>\n<p><a href=\"\/es\/the-store-category\/slow-round-s-es\/\">A LA TIENDA<\/a><\/p>\n<\/p><\/div>\n<\/div>\n<div class=\"sep-border\"><\/div>\n<div class=\"row\">\n<div class=\"col-sm-9\">\n<h2>Slow&nbsp;Round \u2013 40 MM<\/h2>\n<p>\t\t<a href=\"\/es\/the-store-category\/slow-round-es\/\" target=\"_self\" class=\"vc_single_image-wrapper   vc_box_border_grey\" rel=\"noopener noreferrer\"><img loading=\"lazy\" decoding=\"async\" src=\"\/wp-content\/uploads\/2018\/05\/slow-round-cat-image-180523.png\" class=\"vc_single_image-img attachment-full lazyload\" alt=\"\" data-src=\"\/wp-content\/uploads\/2018\/05\/slow-round-cat-image-180523.png\" width=\"600\" height=\"276\"><\/a>\n\t<\/div>\n<div class=\"col-sm-3\">\n<h2>Slow&nbsp;Round \u2013 40 MM<\/h2>\n<p><strong>slow round<\/strong> es la evoluci\u00f3n l\u00f3gica de nuestras colecciones. Los dise\u00f1os exitosos del slow Jo original se fusionan a la perfecci\u00f3n con el nuevo slow round O. Para comenzar planeamos 8 modelos. \u00a1Nos da curiosidad tu opini\u00f3n!<\/p>\n<p><a href=\"\/es\/the-store-category\/slow-round-es\/\">A LA TIENDA<\/a><\/p>\n<\/p><\/div>\n<\/div>\n<div class=\"sep-border\"><\/div>\n<div class=\"row\">\n<div class=\"col-sm-9\">\n<h2>Slow Jo \u2013 38 mm<\/h2>\n<p>\t\t<a href=\"\/es\/the-store-category\/slow-jo-38mm-es\/\" target=\"_self\" class=\"vc_single_image-wrapper   vc_box_border_grey\" rel=\"noopener noreferrer\"><img loading=\"lazy\" decoding=\"async\" src=\"\/wp-content\/uploads\/2016\/03\/slow_jo_presenter.png\" class=\"vc_single_image-img attachment-full lazyload\" alt=\"\" data-src=\"\/wp-content\/uploads\/2016\/03\/slow_jo_presenter.png\" width=\"600\" height=\"276\"><\/a>\n\t<\/div>\n<div class=\"col-sm-3\">\n<h2>Slow Jo \u2013 38 mm<\/h2>\n<p><strong>slow Jo<\/strong> es el primer modelo de la familia de relojes de una aguja y 24 horas. Tiene una anchura de 38 mm, perfecta para cualquier mu\u00f1eca. Puedes elegir entre 20 modelos distintos con 6 tipos de correa (metal, cuero suave, cuero vintage, tela, nylon y malla met\u00e1lica).<\/p>\n<p><a href=\"\/es\/the-store-category\/slow-jo-38mm-es\/\">A LA TIENDA<\/a><\/p>\n<\/p><\/div>\n<\/div>\n<div class=\"sep-border\"><\/div>\n<div class=\"row\">\n<div class=\"col-sm-9\">\n<h2>Slow Mo \u2013 34 mm<\/h2>\n<p>\t\t<a href=\"\/es\/the-store-category\/slow-mo-34mm-es\/\" target=\"_self\" class=\"vc_single_image-wrapper   vc_box_border_grey\" rel=\"noopener noreferrer\"><img loading=\"lazy\" decoding=\"async\" src=\"\/wp-content\/uploads\/2016\/03\/slow_mo_presenter.png\" class=\"vc_single_image-img attachment-full lazyload\" alt=\"\" data-src=\"\/wp-content\/uploads\/2016\/03\/slow_mo_presenter.png\" width=\"600\" height=\"276\"><\/a>\n\t<\/div>\n<div class=\"col-sm-3\">\n<h2>Slow Mo \u2013 34 mm<\/h2>\n<p><strong>slow Mo<\/strong> es el hermano peque\u00f1o de slow Jo y el segundo modelo de la familia de relojes de una aguja y 24 horas. Tiene una caja de 34 mm y se adapta perfectamente a las mu\u00f1ecas m\u00e1s peque\u00f1as. Puedes elegir entre 10 modelos distintos con 2 tipos de correa (metal y cuero suave).<\/p>\n<p><a href=\"\/es\/the-store-category\/slow-mo-34mm-es\/\">A LA TIENDA<\/a><\/p>\n<\/p><\/div>\n<\/div>\n<div class=\"sep-border\"><\/div>\n<div class=\"row\">\n<div class=\"col-sm-9\">\n<h2>Slow O \u2013 42.5 MM<\/h2>\n<p>\t\t<a href=\"\/es\/the-store-category\/slow-o-es\/\" target=\"_self\" class=\"vc_single_image-wrapper   vc_box_border_grey\" rel=\"noopener noreferrer\"><img loading=\"lazy\" decoding=\"async\" src=\"\/wp-content\/uploads\/2016\/03\/slow_o_presenter.png\" class=\"vc_single_image-img attachment-full lazyload\" alt=\"\" data-src=\"\/wp-content\/uploads\/2016\/03\/slow_o_presenter.png\" width=\"600\" height=\"276\"><\/a>\n\t<\/div>\n<div class=\"col-sm-3\">\n<h2>Slow O \u2013 42.5 MM<\/h2>\n<p><strong>slow O<\/strong> es el reloj m\u00e1s suave que habr\u00e1s llevado. En cuanto a talla, es parecido al slow Jo (perfecto para la mu\u00f1eca est\u00e1ndar), pero hasta hoy no hemos visto una mano a la que no favorezca ;). Tienes 15 estilos y 6 correas donde elegir.<\/p>\n<p><a href=\"\/es\/the-store-category\/slow-o-es\/\">A LA TIENDA<\/a><\/p>\n<\/p><\/div>\n<\/div>\n<div class=\"sep-border\"><\/div>\n<\/div>\n<div class=\"row text-center\">\n<div class=\"col-sm-12\">\n<div class=\"content-bottom-all-brand\">\n<h2>GUIA DE TALLAS<\/h2>\n<div class=\"row\">\n<div class=\"col-sm-4\">\n<div class=\"img\"><img decoding=\"async\" src=\"\/wp-content\/uploads\/2017\/09\/slow-o.jpg\" class=\"img-responsive\" alt=\"\"><\/div>\n<h4>SLOW O<\/h4>\n<p style=\"text-align: center;\">La funda perfectamente redonda de 42,5 mm, con un buen agarre para todas las mu\u00f1ecas de los hombres, al igual que de las mujeres, que buscan un reloj un poco m\u00e1s grande.<\/p>\n<\/p><\/div>\n<div class=\"col-sm-4\">\n<div class=\"img\"><img decoding=\"async\" src=\"\/wp-content\/uploads\/2017\/09\/slow-jo.jpg\" class=\"img-responsive\" alt=\"\"><\/div>\n<h4>SLOW JO<\/h4>\n<p style=\"text-align: center;\">Funda octagonal de 38 mm. Ideal para las mu\u00f1ecas de hombres y mujeres promedio a quienes les gustan los relojes m\u00e1s grandes.<\/p>\n<\/p><\/div>\n<div class=\"col-sm-4\">\n<div class=\"img\"><img decoding=\"async\" src=\"\/wp-content\/uploads\/2017\/09\/slow-mo.jpg\" class=\"img-responsive\" alt=\"\"><\/div>\n<h4>SLOW MO<\/h4>\n<p style=\"text-align: center;\">Funda octagonal de 34 mm. Ideal para las mujeres y hombres promedio con brazos delgados.<\/p>\n<\/p><\/div>\n<\/p><\/div>\n<\/div>\n<\/div>\n<\/div>\n","protected":false},"excerpt":{"rendered":"<p>\u00bfCU\u00c1L ES TU ESTILO? NUEVO: Slow&nbsp;Solar NUEVO: Slow&nbsp;Solar Aprovecha el poder del sol con la nueva l\u00ednea SOLAR de slow. Con seis nuevos relojes, slow entra en la era del&#8230;<\/p>\n","protected":false},"author":1,"featured_media":0,"parent":0,"menu_order":0,"comment_status":"closed","ping_status":"closed","template":"","meta":{"_acf_changed":false,"footnotes":""},"class_list":["post-15584","page","type-page","status-publish","hentry"],"acf":[],"yoast_head":"<!-- This site is optimized with the Yoast SEO Premium plugin v27.5 (Yoast SEO v27.5) - https:\/\/yoast.com\/product\/yoast-seo-premium-wordpress\/ -->\n<title>RELOJES \/ CORREAS - slow watches<\/title>\n<meta name=\"robots\" content=\"index, follow, max-snippet:-1, max-image-preview:large, max-video-preview:-1\" \/>\n<link rel=\"canonical\" href=\"https:\/\/gloniuz.com\/es\/the-store\/\" \/>\n<meta property=\"og:locale\" content=\"es_ES\" \/>\n<meta property=\"og:type\" content=\"article\" \/>\n<meta property=\"og:title\" content=\"RELOJES \/ CORREAS\" \/>\n<meta property=\"og:description\" content=\"\u00bfCU\u00c1L ES TU ESTILO? NUEVO: Slow&nbsp;Solar NUEVO: Slow&nbsp;Solar Aprovecha el poder del sol con la nueva l\u00ednea SOLAR de slow. Con seis nuevos relojes, slow entra en la era del...\" \/>\n<meta property=\"og:url\" content=\"https:\/\/gloniuz.com\/es\/the-store\/\" \/>\n<meta property=\"og:site_name\" content=\"slow watches\" \/>\n<meta property=\"article:publisher\" content=\"https:\/\/www.facebook.com\/theslowwatch\/\" \/>\n<meta property=\"article:modified_time\" content=\"2024-07-03T11:15:21+00:00\" \/>\n<meta name=\"twitter:card\" content=\"summary_large_image\" \/>\n<meta name=\"twitter:site\" content=\"@theslowwatch\" \/>\n<meta name=\"twitter:label1\" content=\"Tiempo de lectura\" \/>\n\t<meta name=\"twitter:data1\" content=\"4 minutos\" \/>\n<script type=\"application\/ld+json\" class=\"yoast-schema-graph\">{\"@context\":\"https:\\\/\\\/schema.org\",\"@graph\":[{\"@type\":\"WebPage\",\"@id\":\"https:\\\/\\\/gloniuz.com\\\/es\\\/the-store\\\/\",\"url\":\"https:\\\/\\\/gloniuz.com\\\/es\\\/the-store\\\/\",\"name\":\"RELOJES \\\/ CORREAS - slow watches\",\"isPartOf\":{\"@id\":\"https:\\\/\\\/fr.slow-watches.com\\\/fr\\\/#website\"},\"datePublished\":\"2016-07-05T08:05:13+00:00\",\"dateModified\":\"2024-07-03T11:15:21+00:00\",\"breadcrumb\":{\"@id\":\"https:\\\/\\\/gloniuz.com\\\/es\\\/the-store\\\/#breadcrumb\"},\"inLanguage\":\"es\",\"potentialAction\":[{\"@type\":\"ReadAction\",\"target\":[\"https:\\\/\\\/gloniuz.com\\\/es\\\/the-store\\\/\"]}]},{\"@type\":\"BreadcrumbList\",\"@id\":\"https:\\\/\\\/gloniuz.com\\\/es\\\/the-store\\\/#breadcrumb\",\"itemListElement\":[{\"@type\":\"ListItem\",\"position\":1,\"name\":\"Home\",\"item\":\"https:\\\/\\\/de.slow-watches.com\\\/es\\\/\"},{\"@type\":\"ListItem\",\"position\":2,\"name\":\"RELOJES \\\/ CORREAS\"}]},{\"@type\":\"WebSite\",\"@id\":\"https:\\\/\\\/fr.slow-watches.com\\\/fr\\\/#website\",\"url\":\"https:\\\/\\\/fr.slow-watches.com\\\/fr\\\/\",\"name\":\"slow watches\",\"description\":\"\",\"potentialAction\":[{\"@type\":\"SearchAction\",\"target\":{\"@type\":\"EntryPoint\",\"urlTemplate\":\"https:\\\/\\\/fr.slow-watches.com\\\/fr\\\/?s={search_term_string}\"},\"query-input\":{\"@type\":\"PropertyValueSpecification\",\"valueRequired\":true,\"valueName\":\"search_term_string\"}}],\"inLanguage\":\"es\"}]}<\/script>\n<!-- \/ Yoast SEO Premium plugin. -->","yoast_head_json":{"title":"RELOJES \/ CORREAS - slow watches","robots":{"index":"index","follow":"follow","max-snippet":"max-snippet:-1","max-image-preview":"max-image-preview:large","max-video-preview":"max-video-preview:-1"},"canonical":"https:\/\/gloniuz.com\/es\/the-store\/","og_locale":"es_ES","og_type":"article","og_title":"RELOJES \/ CORREAS","og_description":"\u00bfCU\u00c1L ES TU ESTILO? NUEVO: Slow&nbsp;Solar NUEVO: Slow&nbsp;Solar Aprovecha el poder del sol con la nueva l\u00ednea SOLAR de slow. Con seis nuevos relojes, slow entra en la era del...","og_url":"https:\/\/gloniuz.com\/es\/the-store\/","og_site_name":"slow watches","article_publisher":"https:\/\/www.facebook.com\/theslowwatch\/","article_modified_time":"2024-07-03T11:15:21+00:00","twitter_card":"summary_large_image","twitter_site":"@theslowwatch","twitter_misc":{"Tiempo de lectura":"4 minutos"},"schema":{"@context":"https:\/\/schema.org","@graph":[{"@type":"WebPage","@id":"https:\/\/gloniuz.com\/es\/the-store\/","url":"https:\/\/gloniuz.com\/es\/the-store\/","name":"RELOJES \/ CORREAS - slow watches","isPartOf":{"@id":"https:\/\/fr.slow-watches.com\/fr\/#website"},"datePublished":"2016-07-05T08:05:13+00:00","dateModified":"2024-07-03T11:15:21+00:00","breadcrumb":{"@id":"https:\/\/gloniuz.com\/es\/the-store\/#breadcrumb"},"inLanguage":"es","potentialAction":[{"@type":"ReadAction","target":["https:\/\/gloniuz.com\/es\/the-store\/"]}]},{"@type":"BreadcrumbList","@id":"https:\/\/gloniuz.com\/es\/the-store\/#breadcrumb","itemListElement":[{"@type":"ListItem","position":1,"name":"Home","item":"https:\/\/de.slow-watches.com\/es\/"},{"@type":"ListItem","position":2,"name":"RELOJES \/ CORREAS"}]},{"@type":"WebSite","@id":"https:\/\/fr.slow-watches.com\/fr\/#website","url":"https:\/\/fr.slow-watches.com\/fr\/","name":"slow watches","description":"","potentialAction":[{"@type":"SearchAction","target":{"@type":"EntryPoint","urlTemplate":"https:\/\/fr.slow-watches.com\/fr\/?s={search_term_string}"},"query-input":{"@type":"PropertyValueSpecification","valueRequired":true,"valueName":"search_term_string"}}],"inLanguage":"es"}]}},"_links":{"self":[{"href":"https:\/\/gloniuz.com\/es\/wp-json\/wp\/v2\/pages\/15584","targetHints":{"allow":["GET"]}}],"collection":[{"href":"https:\/\/gloniuz.com\/es\/wp-json\/wp\/v2\/pages"}],"about":[{"href":"https:\/\/gloniuz.com\/es\/wp-json\/wp\/v2\/types\/page"}],"author":[{"embeddable":true,"href":"https:\/\/gloniuz.com\/es\/wp-json\/wp\/v2\/users\/1"}],"replies":[{"embeddable":true,"href":"https:\/\/gloniuz.com\/es\/wp-json\/wp\/v2\/comments?post=15584"}],"version-history":[{"count":3,"href":"https:\/\/gloniuz.com\/es\/wp-json\/wp\/v2\/pages\/15584\/revisions"}],"predecessor-version":[{"id":326393,"href":"https:\/\/gloniuz.com\/es\/wp-json\/wp\/v2\/pages\/15584\/revisions\/326393"}],"wp:attachment":[{"href":"https:\/\/gloniuz.com\/es\/wp-json\/wp\/v2\/media?parent=15584"}],"curies":[{"name":"wp","href":"https:\/\/api.w.org\/{rel}","templated":true}]}}