{"id":194705,"date":"2019-01-15T15:00:37","date_gmt":"2019-01-15T14:00:37","guid":{"rendered":"https:\/\/www.slow-watches.com\/?page_id=194705"},"modified":"2019-05-30T09:59:51","modified_gmt":"2019-05-30T07:59:51","slug":"ser-slow","status":"publish","type":"page","link":"https:\/\/gloniuz.com\/es\/ser-slow\/","title":{"rendered":"ser slow"},"content":{"rendered":"<div class=\"be-slow\">\n<div class=\"row\">\n<div class=\"col-sm-12\">\n<h1 style=\"text-align: center;\">\u00bfEST\u00c1S LISTO PARA SER SLOW?<\/h1>\n<p class=\"p1\" style=\"text-align: center;\"><b>slow<\/b>&nbsp;slow no describe la velocidad. Es un estado mental que muchos hemos acabado por perder de vista.<\/p>\n<p class=\"p1\" style=\"text-align: center;\">Por culpa del ajetreo de nuestro ritmo de vida, solemos olvidar que, en realidad, podemos elegir c\u00f3mo vivir. El&nbsp;<b>slow<\/b>&nbsp;reloj es un peque\u00f1o recordatorio de que el tiempo es lo m\u00e1s valioso que tenemos, que hay que disfrutar de lo que uno hace y dejar de perseguir los minutos.<\/p>\n<p><span class=\"tlid-translation translation\"><span title=\"\">Es por eso que una vigilancia&nbsp;<strong>slow<\/strong> tiene solo una mano y se emite cada 24 horas en el dial.<\/span> <span title=\"\">Esto permite una visi\u00f3n hol\u00edstica del d\u00eda y nos permite percibir el tiempo de una manera natural.<\/span> <span title=\"\">Una mirada r\u00e1pida es suficiente para seguir leyendo el tiempo con la suficiente precisi\u00f3n.<\/span><\/span><\/p>\n<p><span class=\"\" title=\"\">\u00bfY es realmente tan importante, ya sea 10:07 o 10:08?<\/span><\/p>\n<\/p><\/div>\n<\/div>\n<div class=\"row\">\n<div class=\"col-sm-6\">\n<div class=\"inner\">\n<h2><a href=\"\/es\/the-store-category\/slow-jo-38mm-es\/\">Slow Jo<\/a><\/h2>\n<div class=\"img\"><a href=\"\/es\/the-store-category\/slow-jo-38mm-es\/\" target=\"_self\"><img decoding=\"async\" src=\"\/wp-content\/uploads\/2018\/12\/slow_jo_500x333.jpeg\" class=\"img-responsive\" alt=\"\"><\/a>\n\t\t\t\t<\/div>\n<\/p><\/div>\n<\/p><\/div>\n<div class=\"col-sm-6\">\n<div class=\"inner\">\n<h2><a href=\"\/es\/the-store-category\/slow-round-es\/\">slow Round<\/a><\/h2>\n<div class=\"img\"><a href=\"\/es\/the-store-category\/slow-round-es\/\" target=\"_self\"><img decoding=\"async\" src=\"\/wp-content\/uploads\/2018\/12\/slow_round_11_500x333.jpeg\" class=\"img-responsive\" alt=\"\"><\/a>\n\t\t\t\t<\/div>\n<\/p><\/div>\n<\/p><\/div>\n<div class=\"col-sm-12\">\n\t\t\t<a href=\"\/es\/all-watch\/\" class=\"btn-link\">VER TODOS LOS RELOJES<\/a>\n\t\t<\/div>\n<\/p><\/div>\n<\/div>\n","protected":false},"excerpt":{"rendered":"<p>\u00bfEST\u00c1S LISTO PARA SER SLOW? slow&nbsp;slow no describe la velocidad. Es un estado mental que muchos hemos acabado por perder de vista. Por culpa del ajetreo de nuestro ritmo de&#8230;<\/p>\n","protected":false},"author":1,"featured_media":0,"parent":0,"menu_order":0,"comment_status":"closed","ping_status":"closed","template":"page-Fullwidth.php","meta":{"_acf_changed":false,"footnotes":""},"class_list":["post-194705","page","type-page","status-publish","hentry"],"acf":[],"yoast_head":"<!-- This site is optimized with the Yoast SEO Premium plugin v27.5 (Yoast SEO v27.5) - https:\/\/yoast.com\/product\/yoast-seo-premium-wordpress\/ -->\n<title>ser slow - slow watches<\/title>\n<meta name=\"robots\" content=\"index, follow, max-snippet:-1, max-image-preview:large, max-video-preview:-1\" \/>\n<link rel=\"canonical\" href=\"https:\/\/gloniuz.com\/es\/ser-slow\/\" \/>\n<meta property=\"og:locale\" content=\"es_ES\" \/>\n<meta property=\"og:type\" content=\"article\" \/>\n<meta property=\"og:title\" content=\"ser slow\" \/>\n<meta property=\"og:description\" content=\"\u00bfEST\u00c1S LISTO PARA SER SLOW? slow&nbsp;slow no describe la velocidad. Es un estado mental que muchos hemos acabado por perder de vista. Por culpa del ajetreo de nuestro ritmo de...\" \/>\n<meta property=\"og:url\" content=\"https:\/\/gloniuz.com\/es\/ser-slow\/\" \/>\n<meta property=\"og:site_name\" content=\"slow watches\" \/>\n<meta property=\"article:publisher\" content=\"https:\/\/www.facebook.com\/theslowwatch\/\" \/>\n<meta property=\"article:modified_time\" content=\"2019-05-30T07:59:51+00:00\" \/>\n<meta property=\"og:image\" content=\"https:\/\/gloniuz.com\/wp-content\/uploads\/2018\/12\/slow_jo_500x333.jpeg\" \/>\n<meta name=\"twitter:card\" content=\"summary_large_image\" \/>\n<meta name=\"twitter:site\" content=\"@theslowwatch\" \/>\n<meta name=\"twitter:label1\" content=\"Tiempo de lectura\" \/>\n\t<meta name=\"twitter:data1\" content=\"1 minuto\" \/>\n<script type=\"application\/ld+json\" class=\"yoast-schema-graph\">{\"@context\":\"https:\\\/\\\/schema.org\",\"@graph\":[{\"@type\":\"WebPage\",\"@id\":\"https:\\\/\\\/gloniuz.com\\\/es\\\/ser-slow\\\/\",\"url\":\"https:\\\/\\\/gloniuz.com\\\/es\\\/ser-slow\\\/\",\"name\":\"ser slow - slow watches\",\"isPartOf\":{\"@id\":\"https:\\\/\\\/fr.slow-watches.com\\\/fr\\\/#website\"},\"datePublished\":\"2019-01-15T14:00:37+00:00\",\"dateModified\":\"2019-05-30T07:59:51+00:00\",\"breadcrumb\":{\"@id\":\"https:\\\/\\\/gloniuz.com\\\/es\\\/ser-slow\\\/#breadcrumb\"},\"inLanguage\":\"es\",\"potentialAction\":[{\"@type\":\"ReadAction\",\"target\":[\"https:\\\/\\\/gloniuz.com\\\/es\\\/ser-slow\\\/\"]}]},{\"@type\":\"BreadcrumbList\",\"@id\":\"https:\\\/\\\/gloniuz.com\\\/es\\\/ser-slow\\\/#breadcrumb\",\"itemListElement\":[{\"@type\":\"ListItem\",\"position\":1,\"name\":\"Home\",\"item\":\"https:\\\/\\\/de.slow-watches.com\\\/es\\\/\"},{\"@type\":\"ListItem\",\"position\":2,\"name\":\"ser slow\"}]},{\"@type\":\"WebSite\",\"@id\":\"https:\\\/\\\/fr.slow-watches.com\\\/fr\\\/#website\",\"url\":\"https:\\\/\\\/fr.slow-watches.com\\\/fr\\\/\",\"name\":\"slow watches\",\"description\":\"\",\"potentialAction\":[{\"@type\":\"SearchAction\",\"target\":{\"@type\":\"EntryPoint\",\"urlTemplate\":\"https:\\\/\\\/fr.slow-watches.com\\\/fr\\\/?s={search_term_string}\"},\"query-input\":{\"@type\":\"PropertyValueSpecification\",\"valueRequired\":true,\"valueName\":\"search_term_string\"}}],\"inLanguage\":\"es\"}]}<\/script>\n<!-- \/ Yoast SEO Premium plugin. -->","yoast_head_json":{"title":"ser slow - slow watches","robots":{"index":"index","follow":"follow","max-snippet":"max-snippet:-1","max-image-preview":"max-image-preview:large","max-video-preview":"max-video-preview:-1"},"canonical":"https:\/\/gloniuz.com\/es\/ser-slow\/","og_locale":"es_ES","og_type":"article","og_title":"ser slow","og_description":"\u00bfEST\u00c1S LISTO PARA SER SLOW? slow&nbsp;slow no describe la velocidad. Es un estado mental que muchos hemos acabado por perder de vista. Por culpa del ajetreo de nuestro ritmo de...","og_url":"https:\/\/gloniuz.com\/es\/ser-slow\/","og_site_name":"slow watches","article_publisher":"https:\/\/www.facebook.com\/theslowwatch\/","article_modified_time":"2019-05-30T07:59:51+00:00","og_image":[{"url":"https:\/\/gloniuz.com\/wp-content\/uploads\/2018\/12\/slow_jo_500x333.jpeg","type":"","width":"","height":""}],"twitter_card":"summary_large_image","twitter_site":"@theslowwatch","twitter_misc":{"Tiempo de lectura":"1 minuto"},"schema":{"@context":"https:\/\/schema.org","@graph":[{"@type":"WebPage","@id":"https:\/\/gloniuz.com\/es\/ser-slow\/","url":"https:\/\/gloniuz.com\/es\/ser-slow\/","name":"ser slow - slow watches","isPartOf":{"@id":"https:\/\/fr.slow-watches.com\/fr\/#website"},"datePublished":"2019-01-15T14:00:37+00:00","dateModified":"2019-05-30T07:59:51+00:00","breadcrumb":{"@id":"https:\/\/gloniuz.com\/es\/ser-slow\/#breadcrumb"},"inLanguage":"es","potentialAction":[{"@type":"ReadAction","target":["https:\/\/gloniuz.com\/es\/ser-slow\/"]}]},{"@type":"BreadcrumbList","@id":"https:\/\/gloniuz.com\/es\/ser-slow\/#breadcrumb","itemListElement":[{"@type":"ListItem","position":1,"name":"Home","item":"https:\/\/de.slow-watches.com\/es\/"},{"@type":"ListItem","position":2,"name":"ser slow"}]},{"@type":"WebSite","@id":"https:\/\/fr.slow-watches.com\/fr\/#website","url":"https:\/\/fr.slow-watches.com\/fr\/","name":"slow watches","description":"","potentialAction":[{"@type":"SearchAction","target":{"@type":"EntryPoint","urlTemplate":"https:\/\/fr.slow-watches.com\/fr\/?s={search_term_string}"},"query-input":{"@type":"PropertyValueSpecification","valueRequired":true,"valueName":"search_term_string"}}],"inLanguage":"es"}]}},"_links":{"self":[{"href":"https:\/\/gloniuz.com\/es\/wp-json\/wp\/v2\/pages\/194705","targetHints":{"allow":["GET"]}}],"collection":[{"href":"https:\/\/gloniuz.com\/es\/wp-json\/wp\/v2\/pages"}],"about":[{"href":"https:\/\/gloniuz.com\/es\/wp-json\/wp\/v2\/types\/page"}],"author":[{"embeddable":true,"href":"https:\/\/gloniuz.com\/es\/wp-json\/wp\/v2\/users\/1"}],"replies":[{"embeddable":true,"href":"https:\/\/gloniuz.com\/es\/wp-json\/wp\/v2\/comments?post=194705"}],"version-history":[{"count":0,"href":"https:\/\/gloniuz.com\/es\/wp-json\/wp\/v2\/pages\/194705\/revisions"}],"wp:attachment":[{"href":"https:\/\/gloniuz.com\/es\/wp-json\/wp\/v2\/media?parent=194705"}],"curies":[{"name":"wp","href":"https:\/\/api.w.org\/{rel}","templated":true}]}}