{"id":283388,"date":"2021-04-23T13:52:00","date_gmt":"2021-04-23T11:52:00","guid":{"rendered":"https:\/\/www.slow-watches.com\/?page_id=283388"},"modified":"2021-04-23T13:52:00","modified_gmt":"2021-04-23T11:52:00","slug":"bangles","status":"publish","type":"page","link":"https:\/\/gloniuz.com\/es\/bangles\/","title":{"rendered":"Bangles"},"content":{"rendered":"<div class=\"the-product\">\n<div class=\"row row1\">\n<div class=\"col-sm-12\">\n<h1 class=\"bigger mgt30\" style=\"text-align: center;\">BANGLES<\/h1>\n<\/p><\/div>\n<\/p><\/div>\n<\/div>\n<div class=\"row people press bangles\">\n<div class=\"col-sm-12\">\n<p>\u00bfYa tienes un <strong>slow<\/strong> o a\u00fan no puedes decidir cu\u00e1l te gustar\u00eda tener? \u00bfPero todav\u00eda quieres usar algo <strong>slow<\/strong> en tu mu\u00f1eca ahora? \u00bfQu\u00e9 tal un brazalete <strong>slow<\/strong>? Una pulsera que recuerda ser <strong>slow<\/strong>.<br \/>\nLos brazaletes <strong>slow<\/strong> est\u00e1n disponibles en cuatro formas diferentes y es posible tener un grabado individual. Si est\u00e1 interesado y para obtener m\u00e1s informaci\u00f3n, escr\u00edbanos a (jo@slow-watches.com), aqu\u00ed est\u00e1n las cuatro variantes:<\/p>\n<\/div>\n<div class=\"col-sm-3\"><a class=\"fancybox\" href=\"\/wp-content\/uploads\/2021\/04\/slow_bangles_199-018-A-600.jpg\" rel=\"roadtrip\" style=\"height: 200px\"><img decoding=\"async\" src=\"\/wp-content\/uploads\/2021\/04\/slow_bangles_199-018-A-600.jpg\" alt=\"be slow\" \/><\/a>\n<\/div>\n<div class=\"col-sm-3\"><a class=\"fancybox\" href=\"\/wp-content\/uploads\/2021\/04\/slow_bangles_199-018-A-601.jpg\" rel=\"roadtrip\" style=\"height: 200px;\"><img decoding=\"async\" src=\"\/wp-content\/uploads\/2021\/04\/slow_bangles_199-018-A-601.jpg\" alt=\"be slow\" \/><\/a>\n<\/div>\n<div class=\"col-sm-3\"><a class=\"fancybox\" href=\"\/wp-content\/uploads\/2021\/04\/slow_bangles_199-018-A-605.jpg\" rel=\"roadtrip\" style=\"height: 200px\"><img decoding=\"async\" src=\"\/wp-content\/uploads\/2021\/04\/slow_bangles_199-018-A-605.jpg\" alt=\"be slow\" \/><\/a>\n<\/div>\n<div class=\"col-sm-3\"><a class=\"fancybox\" href=\"\/wp-content\/uploads\/2021\/04\/slow_bangles_199-018-A-607.jpg\" rel=\"roadtrip\" style=\"height: 200px\"><img decoding=\"async\" src=\"\/wp-content\/uploads\/2021\/04\/slow_bangles_199-018-A-607.jpg\" alt=\"be slow\" \/><\/a>\n<\/div>\n<\/div>\n","protected":false},"excerpt":{"rendered":"<p>BANGLES \u00bfYa tienes un slow o a\u00fan no puedes decidir cu\u00e1l te gustar\u00eda tener? \u00bfPero todav\u00eda quieres usar algo slow en tu mu\u00f1eca ahora? \u00bfQu\u00e9 tal un brazalete slow? Una&#8230;<\/p>\n","protected":false},"author":11,"featured_media":0,"parent":0,"menu_order":0,"comment_status":"closed","ping_status":"closed","template":"","meta":{"_acf_changed":false,"footnotes":""},"class_list":["post-283388","page","type-page","status-publish","hentry"],"acf":[],"yoast_head":"<!-- This site is optimized with the Yoast SEO Premium plugin v27.5 (Yoast SEO v27.5) - https:\/\/yoast.com\/product\/yoast-seo-premium-wordpress\/ -->\n<title>Bangles - slow watches<\/title>\n<meta name=\"robots\" content=\"index, follow, max-snippet:-1, max-image-preview:large, max-video-preview:-1\" \/>\n<link rel=\"canonical\" href=\"https:\/\/gloniuz.com\/es\/bangles\/\" \/>\n<meta property=\"og:locale\" content=\"es_ES\" \/>\n<meta property=\"og:type\" content=\"article\" \/>\n<meta property=\"og:title\" content=\"Bangles\" \/>\n<meta property=\"og:description\" content=\"BANGLES \u00bfYa tienes un slow o a\u00fan no puedes decidir cu\u00e1l te gustar\u00eda tener? \u00bfPero todav\u00eda quieres usar algo slow en tu mu\u00f1eca ahora? \u00bfQu\u00e9 tal un brazalete slow? Una...\" \/>\n<meta property=\"og:url\" content=\"https:\/\/gloniuz.com\/es\/bangles\/\" \/>\n<meta property=\"og:site_name\" content=\"slow watches\" \/>\n<meta property=\"article:publisher\" content=\"https:\/\/www.facebook.com\/theslowwatch\/\" \/>\n<meta property=\"og:image\" content=\"https:\/\/gloniuz.com\/wp-content\/uploads\/2021\/04\/slow_bangles_199-018-A-600.jpg\" \/>\n<meta name=\"twitter:card\" content=\"summary_large_image\" \/>\n<meta name=\"twitter:site\" content=\"@theslowwatch\" \/>\n<script type=\"application\/ld+json\" class=\"yoast-schema-graph\">{\"@context\":\"https:\\\/\\\/schema.org\",\"@graph\":[{\"@type\":\"WebPage\",\"@id\":\"https:\\\/\\\/gloniuz.com\\\/es\\\/bangles\\\/\",\"url\":\"https:\\\/\\\/gloniuz.com\\\/es\\\/bangles\\\/\",\"name\":\"Bangles - slow watches\",\"isPartOf\":{\"@id\":\"https:\\\/\\\/fr.slow-watches.com\\\/fr\\\/#website\"},\"datePublished\":\"2021-04-23T11:52:00+00:00\",\"breadcrumb\":{\"@id\":\"https:\\\/\\\/gloniuz.com\\\/es\\\/bangles\\\/#breadcrumb\"},\"inLanguage\":\"es\",\"potentialAction\":[{\"@type\":\"ReadAction\",\"target\":[\"https:\\\/\\\/gloniuz.com\\\/es\\\/bangles\\\/\"]}]},{\"@type\":\"BreadcrumbList\",\"@id\":\"https:\\\/\\\/gloniuz.com\\\/es\\\/bangles\\\/#breadcrumb\",\"itemListElement\":[{\"@type\":\"ListItem\",\"position\":1,\"name\":\"Home\",\"item\":\"https:\\\/\\\/de.slow-watches.com\\\/es\\\/\"},{\"@type\":\"ListItem\",\"position\":2,\"name\":\"Bangles\"}]},{\"@type\":\"WebSite\",\"@id\":\"https:\\\/\\\/fr.slow-watches.com\\\/fr\\\/#website\",\"url\":\"https:\\\/\\\/fr.slow-watches.com\\\/fr\\\/\",\"name\":\"slow watches\",\"description\":\"\",\"potentialAction\":[{\"@type\":\"SearchAction\",\"target\":{\"@type\":\"EntryPoint\",\"urlTemplate\":\"https:\\\/\\\/fr.slow-watches.com\\\/fr\\\/?s={search_term_string}\"},\"query-input\":{\"@type\":\"PropertyValueSpecification\",\"valueRequired\":true,\"valueName\":\"search_term_string\"}}],\"inLanguage\":\"es\"}]}<\/script>\n<!-- \/ Yoast SEO Premium plugin. -->","yoast_head_json":{"title":"Bangles - slow watches","robots":{"index":"index","follow":"follow","max-snippet":"max-snippet:-1","max-image-preview":"max-image-preview:large","max-video-preview":"max-video-preview:-1"},"canonical":"https:\/\/gloniuz.com\/es\/bangles\/","og_locale":"es_ES","og_type":"article","og_title":"Bangles","og_description":"BANGLES \u00bfYa tienes un slow o a\u00fan no puedes decidir cu\u00e1l te gustar\u00eda tener? \u00bfPero todav\u00eda quieres usar algo slow en tu mu\u00f1eca ahora? \u00bfQu\u00e9 tal un brazalete slow? Una...","og_url":"https:\/\/gloniuz.com\/es\/bangles\/","og_site_name":"slow watches","article_publisher":"https:\/\/www.facebook.com\/theslowwatch\/","og_image":[{"url":"https:\/\/gloniuz.com\/wp-content\/uploads\/2021\/04\/slow_bangles_199-018-A-600.jpg","type":"","width":"","height":""}],"twitter_card":"summary_large_image","twitter_site":"@theslowwatch","schema":{"@context":"https:\/\/schema.org","@graph":[{"@type":"WebPage","@id":"https:\/\/gloniuz.com\/es\/bangles\/","url":"https:\/\/gloniuz.com\/es\/bangles\/","name":"Bangles - slow watches","isPartOf":{"@id":"https:\/\/fr.slow-watches.com\/fr\/#website"},"datePublished":"2021-04-23T11:52:00+00:00","breadcrumb":{"@id":"https:\/\/gloniuz.com\/es\/bangles\/#breadcrumb"},"inLanguage":"es","potentialAction":[{"@type":"ReadAction","target":["https:\/\/gloniuz.com\/es\/bangles\/"]}]},{"@type":"BreadcrumbList","@id":"https:\/\/gloniuz.com\/es\/bangles\/#breadcrumb","itemListElement":[{"@type":"ListItem","position":1,"name":"Home","item":"https:\/\/de.slow-watches.com\/es\/"},{"@type":"ListItem","position":2,"name":"Bangles"}]},{"@type":"WebSite","@id":"https:\/\/fr.slow-watches.com\/fr\/#website","url":"https:\/\/fr.slow-watches.com\/fr\/","name":"slow watches","description":"","potentialAction":[{"@type":"SearchAction","target":{"@type":"EntryPoint","urlTemplate":"https:\/\/fr.slow-watches.com\/fr\/?s={search_term_string}"},"query-input":{"@type":"PropertyValueSpecification","valueRequired":true,"valueName":"search_term_string"}}],"inLanguage":"es"}]}},"_links":{"self":[{"href":"https:\/\/gloniuz.com\/es\/wp-json\/wp\/v2\/pages\/283388","targetHints":{"allow":["GET"]}}],"collection":[{"href":"https:\/\/gloniuz.com\/es\/wp-json\/wp\/v2\/pages"}],"about":[{"href":"https:\/\/gloniuz.com\/es\/wp-json\/wp\/v2\/types\/page"}],"author":[{"embeddable":true,"href":"https:\/\/gloniuz.com\/es\/wp-json\/wp\/v2\/users\/11"}],"replies":[{"embeddable":true,"href":"https:\/\/gloniuz.com\/es\/wp-json\/wp\/v2\/comments?post=283388"}],"version-history":[{"count":0,"href":"https:\/\/gloniuz.com\/es\/wp-json\/wp\/v2\/pages\/283388\/revisions"}],"wp:attachment":[{"href":"https:\/\/gloniuz.com\/es\/wp-json\/wp\/v2\/media?parent=283388"}],"curies":[{"name":"wp","href":"https:\/\/api.w.org\/{rel}","templated":true}]}}