{"id":329373,"date":"2025-03-12T20:52:08","date_gmt":"2025-03-12T19:52:08","guid":{"rendered":"https:\/\/slow-watches.com\/slow-sale\/"},"modified":"2025-03-12T20:52:08","modified_gmt":"2025-03-12T19:52:08","slug":"slow-sale","status":"publish","type":"page","link":"https:\/\/gloniuz.com\/es\/slow-sale\/","title":{"rendered":"slow sale"},"content":{"rendered":"<div class=\"row\">\n<div class=\"col-sm-12\">\n<p align=\"center\"><img decoding=\"async\" src=\"\/wp-content\/uploads\/2017\/12\/slowJo17_mood_salespage.jpg\" class=\"img-responsive\" alt=\"\"><\/p>\n<p>\u00a0<\/p>\n<h1 style=\"text-align: center;\">Estos modelos lentos est\u00e1n rebajados, \u00bfcu\u00e1l es el tuyo?<\/h1>\n<p>\u00a0<\/p>\n<\/div>\n<\/div>\n<div class=\"row\">\n<div class=\"col-sm-12\">\n<div class=\"bestseller\">\n\t<div class=\"woocommerce columns-5 \"><ul class=\"products columns-5\">\n<li class=\"post-66781 product type-product status-publish has-post-thumbnail product_cat-slow-mo-34mm-es first instock sale taxable shipping-taxable purchasable product-type-simple\">\r\n\t<a href=\"https:\/\/gloniuz.com\/es\/producto\/slow-mo-15\/\" class=\"woocommerce-LoopProduct-link woocommerce-loop-product__link\">\n\t<span class=\"onsale\">\u00a1Oferta!<\/span>\n\t<img loading=\"lazy\" decoding=\"async\" width=\"400\" height=\"400\" src=\"https:\/\/gloniuz.com\/wp-content\/uploads\/2017\/10\/slow-Mo-15-Swiss-single-handed-watch-rose-gold-white-1.jpg\" class=\"attachment-woocommerce_thumbnail size-woocommerce_thumbnail\" alt=\"Slow Mo 15\" \/><h2 class=\"woocommerce-loop-product__title\">Slow Mo 15<\/h2><div class=\"star-rating\" role=\"img\" aria-label=\"Valorado con 5.00 de 5\"><span style=\"width:100%\">Valorado con <strong class=\"rating\">5.00<\/strong> de 5<\/span><\/div>\n\t<span class=\"price\"><del aria-hidden=\"true\"><span class=\"woocommerce-Price-amount amount\"><bdi><span class=\"woocommerce-Price-currencySymbol\">&#36;<\/span>290<\/bdi><\/span><\/del> <span class=\"screen-reader-text\">El precio original era: &#036;290.<\/span><ins aria-hidden=\"true\"><span class=\"woocommerce-Price-amount amount\"><bdi><span class=\"woocommerce-Price-currencySymbol\">&#36;<\/span>240<\/bdi><\/span><\/ins><span class=\"screen-reader-text\">El precio actual es: &#036;240.<\/span><\/span>\n<\/a><a href=\"\/es\/wp-json\/wp\/v2\/pages\/329373?add-to-cart=66781\" aria-describedby=\"woocommerce_loop_add_to_cart_link_describedby_66781\" data-quantity=\"1\" class=\"button product_type_simple add_to_cart_button ajax_add_to_cart\" data-product_id=\"66781\" data-product_sku=\"8055002796149\" aria-label=\"A\u00f1adir al carrito: &ldquo;Slow Mo 15&rdquo;\" rel=\"nofollow\" data-success_message=\"\u00abSlow Mo 15\u00bb se ha a\u00f1adido a tu carrito\">A\u00f1adir al carrito<\/a>\t<span id=\"woocommerce_loop_add_to_cart_link_describedby_66781\" class=\"screen-reader-text\">\n\t\t\t<\/span>\n<span class=\"gtm4wp_productdata\" style=\"display:none; visibility:hidden;\" data-gtm4wp_product_data=\"{&quot;internal_id&quot;:66781,&quot;item_id&quot;:&quot;8055002796149&quot;,&quot;item_name&quot;:&quot;Slow Mo 15&quot;,&quot;sku&quot;:&quot;8055002796149&quot;,&quot;price&quot;:240,&quot;stocklevel&quot;:109,&quot;stockstatus&quot;:&quot;instock&quot;,&quot;google_business_vertical&quot;:&quot;retail&quot;,&quot;item_category&quot;:&quot;Mo (34mm)&quot;,&quot;id&quot;:&quot;8055002796149&quot;,&quot;productlink&quot;:&quot;https:\\\/\\\/gloniuz.com\\\/es\\\/producto\\\/slow-mo-15\\\/&quot;,&quot;item_list_name&quot;:&quot;Productos en oferta&quot;,&quot;index&quot;:1,&quot;product_type&quot;:&quot;simple&quot;,&quot;item_brand&quot;:&quot;&quot;}\"><\/span>\t<div class=\"woocommerce-product-rating\" itemprop=\"aggregateRating\" itemscope itemtype=\"http:\/\/schema.org\/AggregateRating\">\r\n\t\t\t\t<div class=\"star-rating\" title=\"Valorado con 5.00 de 5\">\r\n\r\n\t\t\t\t<span style=\"width:100%\">\r\n\r\n\t\t\t\t\t<strong itemprop=\"ratingValue\" class=\"rating\">5.00<\/strong> out of <span itemprop=\"bestRating\">5<\/span>\r\n\t\t\t\t\tbased on <span itemprop=\"ratingCount\" class=\"rating\">1<\/span> customer rating\r\n\t\t\t\t<\/span>\r\n\r\n\t\t\t<\/div>\r\n\r\n\t       \t<div class=\"star-rating-num\">(5.00\/ 5)<\/div>\r\n\r\n\t\t\t<a href=\"https:\/\/gloniuz.com\/es\/producto\/slow-mo-15\/#reviews\" class=\"woocommerce-review-links\" rel=\"nofollow\"><span itemprop=\"reviewCount\" class=\"count\">1<\/span> Review(s)<\/a>\t\t<\/div>\r\n\r\n<\/li>\r\n<li class=\"post-279806 product type-product status-publish has-post-thumbnail product_cat-slow-round-s-es  instock sale taxable shipping-taxable purchasable product-type-simple\">\r\n\t<a href=\"https:\/\/gloniuz.com\/es\/producto\/slow-round-s-02\/\" class=\"woocommerce-LoopProduct-link woocommerce-loop-product__link\">\n\t<span class=\"onsale\">\u00a1Oferta!<\/span>\n\t<img loading=\"lazy\" decoding=\"async\" width=\"400\" height=\"400\" src=\"https:\/\/gloniuz.com\/wp-content\/uploads\/2020\/11\/WBJ0096-007_01-400x400.jpg\" class=\"attachment-woocommerce_thumbnail size-woocommerce_thumbnail\" alt=\"Slow Round-S 02\" \/><h2 class=\"woocommerce-loop-product__title\">Slow Round-S 02<\/h2>\n\t<span class=\"price\"><del aria-hidden=\"true\"><span class=\"woocommerce-Price-amount amount\"><bdi><span class=\"woocommerce-Price-currencySymbol\">&#36;<\/span>290<\/bdi><\/span><\/del> <span class=\"screen-reader-text\">El precio original era: &#036;290.<\/span><ins aria-hidden=\"true\"><span class=\"woocommerce-Price-amount amount\"><bdi><span class=\"woocommerce-Price-currencySymbol\">&#36;<\/span>230<\/bdi><\/span><\/ins><span class=\"screen-reader-text\">El precio actual es: &#036;230.<\/span><\/span>\n<\/a><a href=\"\/es\/wp-json\/wp\/v2\/pages\/329373?add-to-cart=279806\" aria-describedby=\"woocommerce_loop_add_to_cart_link_describedby_279806\" data-quantity=\"1\" class=\"button product_type_simple add_to_cart_button ajax_add_to_cart\" data-product_id=\"279806\" data-product_sku=\"8058265103730\" aria-label=\"A\u00f1adir al carrito: &ldquo;Slow Round-S 02&rdquo;\" rel=\"nofollow\" data-success_message=\"\u00abSlow Round-S 02\u00bb se ha a\u00f1adido a tu carrito\">A\u00f1adir al carrito<\/a>\t<span id=\"woocommerce_loop_add_to_cart_link_describedby_279806\" class=\"screen-reader-text\">\n\t\t\t<\/span>\n<span class=\"gtm4wp_productdata\" style=\"display:none; visibility:hidden;\" data-gtm4wp_product_data=\"{&quot;internal_id&quot;:279806,&quot;item_id&quot;:&quot;8058265103730&quot;,&quot;item_name&quot;:&quot;Slow Round-S 02&quot;,&quot;sku&quot;:&quot;8058265103730&quot;,&quot;price&quot;:230,&quot;stocklevel&quot;:123,&quot;stockstatus&quot;:&quot;instock&quot;,&quot;google_business_vertical&quot;:&quot;retail&quot;,&quot;item_category&quot;:&quot;Round-S (34mm)&quot;,&quot;id&quot;:&quot;8058265103730&quot;,&quot;productlink&quot;:&quot;https:\\\/\\\/gloniuz.com\\\/es\\\/producto\\\/slow-round-s-02\\\/&quot;,&quot;item_list_name&quot;:&quot;Productos en oferta&quot;,&quot;index&quot;:2,&quot;product_type&quot;:&quot;simple&quot;,&quot;item_brand&quot;:&quot;&quot;}\"><\/span>\t<div class=\"woocommerce-product-rating\" itemprop=\"aggregateRating\" itemscope itemtype=\"http:\/\/schema.org\/AggregateRating\">\r\n\t\t<\/div>\r\n\r\n<\/li>\r\n<li class=\"post-290596 product type-product status-publish has-post-thumbnail product_cat-round-twelve-es  instock sale taxable shipping-taxable purchasable product-type-simple\">\r\n\t<a href=\"https:\/\/gloniuz.com\/es\/producto\/slow-twelve-02\/\" class=\"woocommerce-LoopProduct-link woocommerce-loop-product__link\">\n\t<span class=\"onsale\">\u00a1Oferta!<\/span>\n\t<img loading=\"lazy\" decoding=\"async\" width=\"400\" height=\"400\" src=\"https:\/\/gloniuz.com\/wp-content\/uploads\/2022\/07\/20220603_Slow_04_1-400x400.jpg\" class=\"attachment-woocommerce_thumbnail size-woocommerce_thumbnail\" alt=\"Slow Twelve 02\" \/><h2 class=\"woocommerce-loop-product__title\">Slow Twelve 02<\/h2><div class=\"star-rating\" role=\"img\" aria-label=\"Valorado con 5.00 de 5\"><span style=\"width:100%\">Valorado con <strong class=\"rating\">5.00<\/strong> de 5<\/span><\/div>\n\t<span class=\"price\"><del aria-hidden=\"true\"><span class=\"woocommerce-Price-amount amount\"><bdi><span class=\"woocommerce-Price-currencySymbol\">&#36;<\/span>290<\/bdi><\/span><\/del> <span class=\"screen-reader-text\">El precio original era: &#036;290.<\/span><ins aria-hidden=\"true\"><span class=\"woocommerce-Price-amount amount\"><bdi><span class=\"woocommerce-Price-currencySymbol\">&#36;<\/span>240<\/bdi><\/span><\/ins><span class=\"screen-reader-text\">El precio actual es: &#036;240.<\/span><\/span>\n<\/a><a href=\"\/es\/wp-json\/wp\/v2\/pages\/329373?add-to-cart=290596\" aria-describedby=\"woocommerce_loop_add_to_cart_link_describedby_290596\" data-quantity=\"1\" class=\"button product_type_simple add_to_cart_button ajax_add_to_cart\" data-product_id=\"290596\" data-product_sku=\"8058265103969\" aria-label=\"A\u00f1adir al carrito: &ldquo;Slow Twelve 02&rdquo;\" rel=\"nofollow\" data-success_message=\"\u00abSlow Twelve 02\u00bb se ha a\u00f1adido a tu carrito\">A\u00f1adir al carrito<\/a>\t<span id=\"woocommerce_loop_add_to_cart_link_describedby_290596\" class=\"screen-reader-text\">\n\t\t\t<\/span>\n<span class=\"gtm4wp_productdata\" style=\"display:none; visibility:hidden;\" data-gtm4wp_product_data=\"{&quot;internal_id&quot;:290596,&quot;item_id&quot;:&quot;8058265103969&quot;,&quot;item_name&quot;:&quot;Slow Twelve 02&quot;,&quot;sku&quot;:&quot;8058265103969&quot;,&quot;price&quot;:240,&quot;stocklevel&quot;:65,&quot;stockstatus&quot;:&quot;instock&quot;,&quot;google_business_vertical&quot;:&quot;retail&quot;,&quot;item_category&quot;:&quot;Round Twelve&quot;,&quot;id&quot;:&quot;8058265103969&quot;,&quot;productlink&quot;:&quot;https:\\\/\\\/gloniuz.com\\\/es\\\/producto\\\/slow-twelve-02\\\/&quot;,&quot;item_list_name&quot;:&quot;Productos en oferta&quot;,&quot;index&quot;:3,&quot;product_type&quot;:&quot;simple&quot;,&quot;item_brand&quot;:&quot;&quot;}\"><\/span>\t<div class=\"woocommerce-product-rating\" itemprop=\"aggregateRating\" itemscope itemtype=\"http:\/\/schema.org\/AggregateRating\">\r\n\t\t\t\t<div class=\"star-rating\" title=\"Valorado con 5.00 de 5\">\r\n\r\n\t\t\t\t<span style=\"width:100%\">\r\n\r\n\t\t\t\t\t<strong itemprop=\"ratingValue\" class=\"rating\">5.00<\/strong> out of <span itemprop=\"bestRating\">5<\/span>\r\n\t\t\t\t\tbased on <span itemprop=\"ratingCount\" class=\"rating\">1<\/span> customer rating\r\n\t\t\t\t<\/span>\r\n\r\n\t\t\t<\/div>\r\n\r\n\t       \t<div class=\"star-rating-num\">(5.00\/ 5)<\/div>\r\n\r\n\t\t\t<a href=\"https:\/\/gloniuz.com\/es\/producto\/slow-twelve-02\/#reviews\" class=\"woocommerce-review-links\" rel=\"nofollow\"><span itemprop=\"reviewCount\" class=\"count\">1<\/span> Review(s)<\/a>\t\t<\/div>\r\n\r\n<\/li>\r\n<li class=\"post-290661 product type-product status-publish has-post-thumbnail product_cat-round-twelve-es  instock sale taxable shipping-taxable purchasable product-type-simple\">\r\n\t<a href=\"https:\/\/gloniuz.com\/es\/producto\/slow-twelve-03\/\" class=\"woocommerce-LoopProduct-link woocommerce-loop-product__link\">\n\t<span class=\"onsale\">\u00a1Oferta!<\/span>\n\t<img loading=\"lazy\" decoding=\"async\" width=\"400\" height=\"400\" src=\"https:\/\/gloniuz.com\/wp-content\/uploads\/2022\/07\/20220603_Slow_02_1-400x400.jpg\" class=\"attachment-woocommerce_thumbnail size-woocommerce_thumbnail\" alt=\"Slow Twelve 03\" \/><h2 class=\"woocommerce-loop-product__title\">Slow Twelve 03<\/h2><div class=\"star-rating\" role=\"img\" aria-label=\"Valorado con 5.00 de 5\"><span style=\"width:100%\">Valorado con <strong class=\"rating\">5.00<\/strong> de 5<\/span><\/div>\n\t<span class=\"price\"><del aria-hidden=\"true\"><span class=\"woocommerce-Price-amount amount\"><bdi><span class=\"woocommerce-Price-currencySymbol\">&#36;<\/span>290<\/bdi><\/span><\/del> <span class=\"screen-reader-text\">El precio original era: &#036;290.<\/span><ins aria-hidden=\"true\"><span class=\"woocommerce-Price-amount amount\"><bdi><span class=\"woocommerce-Price-currencySymbol\">&#36;<\/span>240<\/bdi><\/span><\/ins><span class=\"screen-reader-text\">El precio actual es: &#036;240.<\/span><\/span>\n<\/a><a href=\"\/es\/wp-json\/wp\/v2\/pages\/329373?add-to-cart=290661\" aria-describedby=\"woocommerce_loop_add_to_cart_link_describedby_290661\" data-quantity=\"1\" class=\"button product_type_simple add_to_cart_button ajax_add_to_cart\" data-product_id=\"290661\" data-product_sku=\"8056999583101\" aria-label=\"A\u00f1adir al carrito: &ldquo;Slow Twelve 03&rdquo;\" rel=\"nofollow\" data-success_message=\"\u00abSlow Twelve 03\u00bb se ha a\u00f1adido a tu carrito\">A\u00f1adir al carrito<\/a>\t<span id=\"woocommerce_loop_add_to_cart_link_describedby_290661\" class=\"screen-reader-text\">\n\t\t\t<\/span>\n<span class=\"gtm4wp_productdata\" style=\"display:none; visibility:hidden;\" data-gtm4wp_product_data=\"{&quot;internal_id&quot;:290661,&quot;item_id&quot;:&quot;8056999583101&quot;,&quot;item_name&quot;:&quot;Slow Twelve 03&quot;,&quot;sku&quot;:&quot;8056999583101&quot;,&quot;price&quot;:240,&quot;stocklevel&quot;:5,&quot;stockstatus&quot;:&quot;instock&quot;,&quot;google_business_vertical&quot;:&quot;retail&quot;,&quot;item_category&quot;:&quot;Round Twelve&quot;,&quot;id&quot;:&quot;8056999583101&quot;,&quot;productlink&quot;:&quot;https:\\\/\\\/gloniuz.com\\\/es\\\/producto\\\/slow-twelve-03\\\/&quot;,&quot;item_list_name&quot;:&quot;Productos en oferta&quot;,&quot;index&quot;:4,&quot;product_type&quot;:&quot;simple&quot;,&quot;item_brand&quot;:&quot;&quot;}\"><\/span>\t<div class=\"woocommerce-product-rating\" itemprop=\"aggregateRating\" itemscope itemtype=\"http:\/\/schema.org\/AggregateRating\">\r\n\t\t\t\t<div class=\"star-rating\" title=\"Valorado con 5.00 de 5\">\r\n\r\n\t\t\t\t<span style=\"width:100%\">\r\n\r\n\t\t\t\t\t<strong itemprop=\"ratingValue\" class=\"rating\">5.00<\/strong> out of <span itemprop=\"bestRating\">5<\/span>\r\n\t\t\t\t\tbased on <span itemprop=\"ratingCount\" class=\"rating\">4<\/span> customer ratings\r\n\t\t\t\t<\/span>\r\n\r\n\t\t\t<\/div>\r\n\r\n\t       \t<div class=\"star-rating-num\">(5.00\/ 5)<\/div>\r\n\r\n\t\t\t<a href=\"https:\/\/gloniuz.com\/es\/producto\/slow-twelve-03\/#reviews\" class=\"woocommerce-review-links\" rel=\"nofollow\"><span itemprop=\"reviewCount\" class=\"count\">4<\/span> Review(s)<\/a>\t\t<\/div>\r\n\r\n<\/li>\r\n<li class=\"post-326065 product type-product status-publish has-post-thumbnail product_cat-solar-40-mm-es last instock sale featured taxable shipping-taxable purchasable product-type-simple\">\r\n\t<a href=\"https:\/\/gloniuz.com\/es\/producto\/solar-03\/\" class=\"woocommerce-LoopProduct-link woocommerce-loop-product__link\">\n\t<span class=\"onsale\">\u00a1Oferta!<\/span>\n\t<img loading=\"lazy\" decoding=\"async\" width=\"400\" height=\"400\" src=\"https:\/\/gloniuz.com\/wp-content\/uploads\/2024\/06\/20240423_Slow_03_01-400x400.jpg\" class=\"attachment-woocommerce_thumbnail size-woocommerce_thumbnail\" alt=\"Solar 03\" \/><h2 class=\"woocommerce-loop-product__title\">Solar 03<\/h2>\n\t<span class=\"price\"><del aria-hidden=\"true\"><span class=\"woocommerce-Price-amount amount\"><bdi><span class=\"woocommerce-Price-currencySymbol\">&#36;<\/span>280<\/bdi><\/span><\/del> <span class=\"screen-reader-text\">El precio original era: &#036;280.<\/span><ins aria-hidden=\"true\"><span class=\"woocommerce-Price-amount amount\"><bdi><span class=\"woocommerce-Price-currencySymbol\">&#36;<\/span>260<\/bdi><\/span><\/ins><span class=\"screen-reader-text\">El precio actual es: &#036;260.<\/span><\/span>\n<\/a><a href=\"\/es\/wp-json\/wp\/v2\/pages\/329373?add-to-cart=326065\" aria-describedby=\"woocommerce_loop_add_to_cart_link_describedby_326065\" data-quantity=\"1\" class=\"button product_type_simple add_to_cart_button ajax_add_to_cart\" data-product_id=\"326065\" data-product_sku=\"8056999583293\" aria-label=\"A\u00f1adir al carrito: &ldquo;Solar 03&rdquo;\" rel=\"nofollow\" data-success_message=\"\u00abSolar 03\u00bb se ha a\u00f1adido a tu carrito\">A\u00f1adir al carrito<\/a>\t<span id=\"woocommerce_loop_add_to_cart_link_describedby_326065\" class=\"screen-reader-text\">\n\t\t\t<\/span>\n<span class=\"gtm4wp_productdata\" style=\"display:none; visibility:hidden;\" data-gtm4wp_product_data=\"{&quot;internal_id&quot;:326065,&quot;item_id&quot;:&quot;8056999583293&quot;,&quot;item_name&quot;:&quot;Solar 03&quot;,&quot;sku&quot;:&quot;8056999583293&quot;,&quot;price&quot;:260,&quot;stocklevel&quot;:68,&quot;stockstatus&quot;:&quot;instock&quot;,&quot;google_business_vertical&quot;:&quot;retail&quot;,&quot;item_category&quot;:&quot;Solar (40 MM)&quot;,&quot;id&quot;:&quot;8056999583293&quot;,&quot;productlink&quot;:&quot;https:\\\/\\\/gloniuz.com\\\/es\\\/producto\\\/solar-03\\\/&quot;,&quot;item_list_name&quot;:&quot;Productos en oferta&quot;,&quot;index&quot;:5,&quot;product_type&quot;:&quot;simple&quot;,&quot;item_brand&quot;:&quot;&quot;}\"><\/span>\t<div class=\"woocommerce-product-rating\" itemprop=\"aggregateRating\" itemscope itemtype=\"http:\/\/schema.org\/AggregateRating\">\r\n\t\t<\/div>\r\n\r\n<\/li>\r\n<li class=\"post-325867 product type-product status-publish has-post-thumbnail product_cat-solar-40-mm-es first instock sale featured taxable shipping-taxable purchasable product-type-simple\">\r\n\t<a href=\"https:\/\/gloniuz.com\/es\/producto\/solar-05\/\" class=\"woocommerce-LoopProduct-link woocommerce-loop-product__link\">\n\t<span class=\"onsale\">\u00a1Oferta!<\/span>\n\t<img loading=\"lazy\" decoding=\"async\" width=\"400\" height=\"400\" src=\"https:\/\/gloniuz.com\/wp-content\/uploads\/2024\/06\/20240423_Slow_05_01-400x400.jpg\" class=\"attachment-woocommerce_thumbnail size-woocommerce_thumbnail\" alt=\"Solar 05\" \/><h2 class=\"woocommerce-loop-product__title\">Solar 05<\/h2><div class=\"star-rating\" role=\"img\" aria-label=\"Valorado con 4.00 de 5\"><span style=\"width:80%\">Valorado con <strong class=\"rating\">4.00<\/strong> de 5<\/span><\/div>\n\t<span class=\"price\"><del aria-hidden=\"true\"><span class=\"woocommerce-Price-amount amount\"><bdi><span class=\"woocommerce-Price-currencySymbol\">&#36;<\/span>280<\/bdi><\/span><\/del> <span class=\"screen-reader-text\">El precio original era: &#036;280.<\/span><ins aria-hidden=\"true\"><span class=\"woocommerce-Price-amount amount\"><bdi><span class=\"woocommerce-Price-currencySymbol\">&#36;<\/span>240<\/bdi><\/span><\/ins><span class=\"screen-reader-text\">El precio actual es: &#036;240.<\/span><\/span>\n<\/a><a href=\"\/es\/wp-json\/wp\/v2\/pages\/329373?add-to-cart=325867\" aria-describedby=\"woocommerce_loop_add_to_cart_link_describedby_325867\" data-quantity=\"1\" class=\"button product_type_simple add_to_cart_button ajax_add_to_cart\" data-product_id=\"325867\" data-product_sku=\"8057587283021\" aria-label=\"A\u00f1adir al carrito: &ldquo;Solar 05&rdquo;\" rel=\"nofollow\" data-success_message=\"\u00abSolar 05\u00bb se ha a\u00f1adido a tu carrito\">A\u00f1adir al carrito<\/a>\t<span id=\"woocommerce_loop_add_to_cart_link_describedby_325867\" class=\"screen-reader-text\">\n\t\t\t<\/span>\n<span class=\"gtm4wp_productdata\" style=\"display:none; visibility:hidden;\" data-gtm4wp_product_data=\"{&quot;internal_id&quot;:325867,&quot;item_id&quot;:&quot;8057587283021&quot;,&quot;item_name&quot;:&quot;Solar 05&quot;,&quot;sku&quot;:&quot;8057587283021&quot;,&quot;price&quot;:240,&quot;stocklevel&quot;:54,&quot;stockstatus&quot;:&quot;instock&quot;,&quot;google_business_vertical&quot;:&quot;retail&quot;,&quot;item_category&quot;:&quot;Solar (40 MM)&quot;,&quot;id&quot;:&quot;8057587283021&quot;,&quot;productlink&quot;:&quot;https:\\\/\\\/gloniuz.com\\\/es\\\/producto\\\/solar-05\\\/&quot;,&quot;item_list_name&quot;:&quot;Productos en oferta&quot;,&quot;index&quot;:6,&quot;product_type&quot;:&quot;simple&quot;,&quot;item_brand&quot;:&quot;&quot;}\"><\/span>\t<div class=\"woocommerce-product-rating\" itemprop=\"aggregateRating\" itemscope itemtype=\"http:\/\/schema.org\/AggregateRating\">\r\n\t\t\t\t<div class=\"star-rating\" title=\"Valorado con 4.00 de 5\">\r\n\r\n\t\t\t\t<span style=\"width:80%\">\r\n\r\n\t\t\t\t\t<strong itemprop=\"ratingValue\" class=\"rating\">4.00<\/strong> out of <span itemprop=\"bestRating\">5<\/span>\r\n\t\t\t\t\tbased on <span itemprop=\"ratingCount\" class=\"rating\">1<\/span> customer rating\r\n\t\t\t\t<\/span>\r\n\r\n\t\t\t<\/div>\r\n\r\n\t       \t<div class=\"star-rating-num\">(4.00\/ 5)<\/div>\r\n\r\n\t\t\t<a href=\"https:\/\/gloniuz.com\/es\/producto\/solar-05\/#reviews\" class=\"woocommerce-review-links\" rel=\"nofollow\"><span itemprop=\"reviewCount\" class=\"count\">1<\/span> Review(s)<\/a>\t\t<\/div>\r\n\r\n<\/li>\r\n<\/ul>\n<\/div><\/p>\n<p align=\"center\"><a class=\"btn\" href=\"\/es\/all-watch\/\" title=\"\">TODOS LOS RELOJES<\/a><\/p>\n<p>\u00a0<\/p>\n<h4 class=\"line-through\"><span>ENV\u00cdO Y DEVOLUCI\u00d3N GRATIS | POL\u00cdTICA DE DEVOLUCI\u00d3N DE 30 D\u00cdAS | PAGO SEGURO | 2 A\u00d1OS DE GARANT\u00cdA<\/span><\/h4>\n<\/div>\n<\/div>\n<\/div>\n","protected":false},"excerpt":{"rendered":"<p>\u00a0 Estos modelos lentos est\u00e1n rebajados, \u00bfcu\u00e1l es el tuyo? \u00a0 TODOS LOS RELOJES \u00a0 ENV\u00cdO Y DEVOLUCI\u00d3N GRATIS | POL\u00cdTICA DE DEVOLUCI\u00d3N DE 30 D\u00cdAS | PAGO SEGURO |&#8230;<\/p>\n","protected":false},"author":1,"featured_media":0,"parent":0,"menu_order":0,"comment_status":"closed","ping_status":"closed","template":"page-Fullwidth.php","meta":{"_acf_changed":false,"footnotes":""},"class_list":["post-329373","page","type-page","status-publish","hentry"],"acf":[],"yoast_head":"<!-- This site is optimized with the Yoast SEO Premium plugin v27.5 (Yoast SEO v27.5) - https:\/\/yoast.com\/product\/yoast-seo-premium-wordpress\/ -->\n<title>slow sale - slow watches<\/title>\n<meta name=\"robots\" content=\"index, follow, max-snippet:-1, max-image-preview:large, max-video-preview:-1\" \/>\n<link rel=\"canonical\" href=\"https:\/\/gloniuz.com\/es\/slow-sale\/\" \/>\n<meta property=\"og:locale\" content=\"es_ES\" \/>\n<meta property=\"og:type\" content=\"article\" \/>\n<meta property=\"og:title\" content=\"slow sale\" \/>\n<meta property=\"og:description\" content=\"\u00a0 Estos modelos lentos est\u00e1n rebajados, \u00bfcu\u00e1l es el tuyo? \u00a0 TODOS LOS RELOJES \u00a0 ENV\u00cdO Y DEVOLUCI\u00d3N GRATIS | POL\u00cdTICA DE DEVOLUCI\u00d3N DE 30 D\u00cdAS | PAGO SEGURO |...\" \/>\n<meta property=\"og:url\" content=\"https:\/\/gloniuz.com\/es\/slow-sale\/\" \/>\n<meta property=\"og:site_name\" content=\"slow watches\" \/>\n<meta property=\"article:publisher\" content=\"https:\/\/www.facebook.com\/theslowwatch\/\" \/>\n<meta name=\"twitter:card\" content=\"summary_large_image\" \/>\n<meta name=\"twitter:site\" content=\"@theslowwatch\" \/>\n<script type=\"application\/ld+json\" class=\"yoast-schema-graph\">{\"@context\":\"https:\\\/\\\/schema.org\",\"@graph\":[{\"@type\":\"WebPage\",\"@id\":\"https:\\\/\\\/gloniuz.com\\\/es\\\/slow-sale\\\/\",\"url\":\"https:\\\/\\\/gloniuz.com\\\/es\\\/slow-sale\\\/\",\"name\":\"slow sale - slow watches\",\"isPartOf\":{\"@id\":\"https:\\\/\\\/fr.slow-watches.com\\\/fr\\\/#website\"},\"datePublished\":\"2025-03-12T19:52:08+00:00\",\"breadcrumb\":{\"@id\":\"https:\\\/\\\/gloniuz.com\\\/es\\\/slow-sale\\\/#breadcrumb\"},\"inLanguage\":\"es\",\"potentialAction\":[{\"@type\":\"ReadAction\",\"target\":[\"https:\\\/\\\/gloniuz.com\\\/es\\\/slow-sale\\\/\"]}]},{\"@type\":\"BreadcrumbList\",\"@id\":\"https:\\\/\\\/gloniuz.com\\\/es\\\/slow-sale\\\/#breadcrumb\",\"itemListElement\":[{\"@type\":\"ListItem\",\"position\":1,\"name\":\"Home\",\"item\":\"https:\\\/\\\/de.slow-watches.com\\\/es\\\/\"},{\"@type\":\"ListItem\",\"position\":2,\"name\":\"slow sale\"}]},{\"@type\":\"WebSite\",\"@id\":\"https:\\\/\\\/fr.slow-watches.com\\\/fr\\\/#website\",\"url\":\"https:\\\/\\\/fr.slow-watches.com\\\/fr\\\/\",\"name\":\"slow watches\",\"description\":\"\",\"potentialAction\":[{\"@type\":\"SearchAction\",\"target\":{\"@type\":\"EntryPoint\",\"urlTemplate\":\"https:\\\/\\\/fr.slow-watches.com\\\/fr\\\/?s={search_term_string}\"},\"query-input\":{\"@type\":\"PropertyValueSpecification\",\"valueRequired\":true,\"valueName\":\"search_term_string\"}}],\"inLanguage\":\"es\"}]}<\/script>\n<!-- \/ Yoast SEO Premium plugin. -->","yoast_head_json":{"title":"slow sale - slow watches","robots":{"index":"index","follow":"follow","max-snippet":"max-snippet:-1","max-image-preview":"max-image-preview:large","max-video-preview":"max-video-preview:-1"},"canonical":"https:\/\/gloniuz.com\/es\/slow-sale\/","og_locale":"es_ES","og_type":"article","og_title":"slow sale","og_description":"\u00a0 Estos modelos lentos est\u00e1n rebajados, \u00bfcu\u00e1l es el tuyo? \u00a0 TODOS LOS RELOJES \u00a0 ENV\u00cdO Y DEVOLUCI\u00d3N GRATIS | POL\u00cdTICA DE DEVOLUCI\u00d3N DE 30 D\u00cdAS | PAGO SEGURO |...","og_url":"https:\/\/gloniuz.com\/es\/slow-sale\/","og_site_name":"slow watches","article_publisher":"https:\/\/www.facebook.com\/theslowwatch\/","twitter_card":"summary_large_image","twitter_site":"@theslowwatch","schema":{"@context":"https:\/\/schema.org","@graph":[{"@type":"WebPage","@id":"https:\/\/gloniuz.com\/es\/slow-sale\/","url":"https:\/\/gloniuz.com\/es\/slow-sale\/","name":"slow sale - slow watches","isPartOf":{"@id":"https:\/\/fr.slow-watches.com\/fr\/#website"},"datePublished":"2025-03-12T19:52:08+00:00","breadcrumb":{"@id":"https:\/\/gloniuz.com\/es\/slow-sale\/#breadcrumb"},"inLanguage":"es","potentialAction":[{"@type":"ReadAction","target":["https:\/\/gloniuz.com\/es\/slow-sale\/"]}]},{"@type":"BreadcrumbList","@id":"https:\/\/gloniuz.com\/es\/slow-sale\/#breadcrumb","itemListElement":[{"@type":"ListItem","position":1,"name":"Home","item":"https:\/\/de.slow-watches.com\/es\/"},{"@type":"ListItem","position":2,"name":"slow sale"}]},{"@type":"WebSite","@id":"https:\/\/fr.slow-watches.com\/fr\/#website","url":"https:\/\/fr.slow-watches.com\/fr\/","name":"slow watches","description":"","potentialAction":[{"@type":"SearchAction","target":{"@type":"EntryPoint","urlTemplate":"https:\/\/fr.slow-watches.com\/fr\/?s={search_term_string}"},"query-input":{"@type":"PropertyValueSpecification","valueRequired":true,"valueName":"search_term_string"}}],"inLanguage":"es"}]}},"_links":{"self":[{"href":"https:\/\/gloniuz.com\/es\/wp-json\/wp\/v2\/pages\/329373","targetHints":{"allow":["GET"]}}],"collection":[{"href":"https:\/\/gloniuz.com\/es\/wp-json\/wp\/v2\/pages"}],"about":[{"href":"https:\/\/gloniuz.com\/es\/wp-json\/wp\/v2\/types\/page"}],"author":[{"embeddable":true,"href":"https:\/\/gloniuz.com\/es\/wp-json\/wp\/v2\/users\/1"}],"replies":[{"embeddable":true,"href":"https:\/\/gloniuz.com\/es\/wp-json\/wp\/v2\/comments?post=329373"}],"version-history":[{"count":0,"href":"https:\/\/gloniuz.com\/es\/wp-json\/wp\/v2\/pages\/329373\/revisions"}],"wp:attachment":[{"href":"https:\/\/gloniuz.com\/es\/wp-json\/wp\/v2\/media?parent=329373"}],"curies":[{"name":"wp","href":"https:\/\/api.w.org\/{rel}","templated":true}]}}