{"id":57536,"date":"2017-09-19T13:28:21","date_gmt":"2017-09-19T11:28:21","guid":{"rendered":"https:\/\/www.slow-watches.com\/?page_id=57536\/"},"modified":"2019-05-30T08:30:52","modified_gmt":"2019-05-30T06:30:52","slug":"bands","status":"publish","type":"page","link":"https:\/\/gloniuz.com\/es\/bands\/","title":{"rendered":"Bands"},"content":{"rendered":"<div class=\"product-cat-bands\">\n<div class=\"row\">\n<div class=\"col-sm-12\">\n<h2 style=\"text-align: center;\">\u00bfQU\u00c9 HAY DE UNA CORREA EXTRA?<\/h2>\n<p style=\"text-align: center;\">Y si ya tienes un&nbsp;slow&nbsp;a tu gusto, \u00bfpor qu\u00e9 no lo combinas con una correa distinta?<\/p>\n<p style=\"text-align: center;\">Te enviaremos una peque\u00f1a herramienta con cada correa para que puedas cambiarlas f\u00e1cilmente. \u00a1As\u00ed tendr\u00e1s dos slow en uno! Usa las m\u00e1s peque\u00f1as para Mo, y las de 22 mm para Jo y O.<\/p>\n<\/p><\/div>\n<\/p><\/div>\n<div class=\"row\">\n<div class=\"col-sm-4\">\n<div class=\"inner\">\n<h2><a href=\"\/es\/the-store-category\/slow-jo-bands-22mm-es\/\">Slow Jo \u2013 Bands (22 mm)<\/a><\/h2>\n<p>\t\t\t<a href=\"\/es\/the-store-category\/slow-jo-bands-22mm-es\/\" target=\"_self\"><img decoding=\"async\" src=\"\/wp-content\/uploads\/2016\/03\/slow_jo_band-200x210.png\" class=\"img-responsive\" alt=\"\"><\/a><\/p>\n<p><a href=\"\/es\/the-store-category\/slow-jo-bands-22mm-es\/\" class=\"btn\">A LA TIENDA<\/a><\/p>\n<\/p><\/div>\n<\/div>\n<div class=\"col-sm-4\">\n<div class=\"inner\">\n<h2><a href=\"\/es\/the-store-category\/slow-mo-bands-20mm-es\/\">Slow Mo\/Round \u2013 Bands (20 mm)<\/a><\/h2>\n<p>\t\t\t<a href=\"\/es\/the-store-category\/slow-mo-bands-20mm-es\/\" target=\"_self\"><img decoding=\"async\" src=\"\/wp-content\/uploads\/2016\/03\/slow_mo_band-200x210.png\" class=\"img-responsive\" alt=\"\"><\/a><\/p>\n<p><a href=\"\/es\/the-store-category\/slow-mo-bands-20mm-es\/\" class=\"btn\">A LA TIENDA<\/a><\/p>\n<\/p><\/div>\n<\/div>\n<div class=\"col-sm-4\">\n<div class=\"inner\">\n<h2><a href=\"\/es\/the-store-category\/slow-o-bands-22mm-es\/\">Slow O \u2013 Bands (22 mm)<\/a><\/h2>\n<p>\t\t\t<a href=\"\/es\/the-store-category\/slow-o-bands-22mm-es\/\" target=\"_self\"><img decoding=\"async\" src=\"\/wp-content\/uploads\/2016\/03\/slow_o_band-200x210.png\" class=\"img-responsive\" alt=\"\"><\/a><\/p>\n<p><a href=\"\/es\/the-store-category\/slow-o-bands-22mm-es\/\" class=\"btn\">A LA TIENDA<\/a><\/p>\n<\/p><\/div>\n<\/div><\/div>\n<\/div>\n<div class=\"row\">\n<div class=\"col-sm-12\">\n<h2 style=\"text-align: center;\">C\u00d3MO INTERCAMBIAR LAS CORREAS<\/h2>\n<p>&nbsp;<\/p>\n<div class=\"video_wrapper\">\n<div class=\"brlbs-cmpnt-container brlbs-cmpnt-content-blocker brlbs-cmpnt-with-individual-styles\" data-borlabs-cookie-content-blocker-id=\"youtube-content-blocker\" data-borlabs-cookie-content=\"PGlmcmFtZSBzcmM9Imh0dHBzOi8vd3d3LnlvdXR1YmUtbm9jb29raWUuY29tL2VtYmVkL0Z1QkJCQmwzM0w0P3JlbD0wIiBhbGxvd2Z1bGxzY3JlZW49IiIgd2lkdGg9IjUwMCIgaGVpZ2h0PSIyODEiIGZyYW1lYm9yZGVyPSIwIj48L2lmcmFtZT4=\">\n<div class=\"brlbs-cmpnt-cb-preset-c brlbs-cmpnt-cb-youtube\">\n<div class=\"brlbs-cmpnt-cb-thumbnail\" style=\"background-image: url('https:\/\/gloniuz.com\/wp-content\/uploads\/borlabs-cookie\/1\/yt_FuBBBBl33L4_hqdefault.jpg')\"><\/div>\n<div class=\"brlbs-cmpnt-cb-main\">\n<div class=\"brlbs-cmpnt-cb-play-button\"><\/div>\n<div class=\"brlbs-cmpnt-cb-content\">\n<p class=\"brlbs-cmpnt-cb-description\">Est\u00e1s viendo un contenido de marcador de posici\u00f3n de <strong>YouTube<\/strong>. Para acceder al contenido real, haz clic en el siguiente bot\u00f3n. Ten en cuenta que al hacerlo compartir\u00e1s datos con terceros proveedores.<\/p>\n<p> <a class=\"brlbs-cmpnt-cb-provider-toggle\" href=\"#\" data-borlabs-cookie-show-provider-information role=\"button\">M\u00e1s informaci\u00f3n<\/a> <\/div>\n<div class=\"brlbs-cmpnt-cb-buttons\"> <a class=\"brlbs-cmpnt-cb-btn\" href=\"#\" data-borlabs-cookie-unblock role=\"button\">Desbloquear contenido<\/a> <a class=\"brlbs-cmpnt-cb-btn\" href=\"#\" data-borlabs-cookie-accept-service role=\"button\" style=\"display: inherit\">Aceptar el servicio requerido y desbloquear los contenidos<\/a> <\/div>\n<\/p><\/div>\n<\/p><\/div>\n<\/div>\n<\/div>\n<p>&nbsp;<\/p>\n<\/div>\n<\/div>\n","protected":false},"excerpt":{"rendered":"<p>\u00bfQU\u00c9 HAY DE UNA CORREA EXTRA? Y si ya tienes un&nbsp;slow&nbsp;a tu gusto, \u00bfpor qu\u00e9 no lo combinas con una correa distinta? Te enviaremos una peque\u00f1a herramienta con cada correa&#8230;<\/p>\n","protected":false},"author":1,"featured_media":0,"parent":0,"menu_order":0,"comment_status":"closed","ping_status":"closed","template":"","meta":{"_acf_changed":false,"footnotes":""},"class_list":["post-57536","page","type-page","status-publish","hentry"],"acf":[],"yoast_head":"<!-- This site is optimized with the Yoast SEO Premium plugin v27.5 (Yoast SEO v27.5) - https:\/\/yoast.com\/product\/yoast-seo-premium-wordpress\/ -->\n<title>Bands - slow watches<\/title>\n<meta name=\"robots\" content=\"index, follow, max-snippet:-1, max-image-preview:large, max-video-preview:-1\" \/>\n<link rel=\"canonical\" href=\"https:\/\/gloniuz.com\/es\/bands\/\" \/>\n<meta property=\"og:locale\" content=\"es_ES\" \/>\n<meta property=\"og:type\" content=\"article\" \/>\n<meta property=\"og:title\" content=\"Bands\" \/>\n<meta property=\"og:description\" content=\"\u00bfQU\u00c9 HAY DE UNA CORREA EXTRA? Y si ya tienes un&nbsp;slow&nbsp;a tu gusto, \u00bfpor qu\u00e9 no lo combinas con una correa distinta? Te enviaremos una peque\u00f1a herramienta con cada correa...\" \/>\n<meta property=\"og:url\" content=\"https:\/\/gloniuz.com\/es\/bands\/\" \/>\n<meta property=\"og:site_name\" content=\"slow watches\" \/>\n<meta property=\"article:publisher\" content=\"https:\/\/www.facebook.com\/theslowwatch\/\" \/>\n<meta property=\"article:modified_time\" content=\"2019-05-30T06:30:52+00:00\" \/>\n<meta property=\"og:image\" content=\"https:\/\/gloniuz.com\/wp-content\/uploads\/2016\/03\/slow_jo_band-200x210.png\" \/>\n<meta name=\"twitter:card\" content=\"summary_large_image\" \/>\n<meta name=\"twitter:site\" content=\"@theslowwatch\" \/>\n<script type=\"application\/ld+json\" class=\"yoast-schema-graph\">{\"@context\":\"https:\\\/\\\/schema.org\",\"@graph\":[{\"@type\":\"WebPage\",\"@id\":\"https:\\\/\\\/gloniuz.com\\\/es\\\/bands\\\/\",\"url\":\"https:\\\/\\\/gloniuz.com\\\/es\\\/bands\\\/\",\"name\":\"Bands - slow watches\",\"isPartOf\":{\"@id\":\"https:\\\/\\\/fr.slow-watches.com\\\/fr\\\/#website\"},\"datePublished\":\"2017-09-19T11:28:21+00:00\",\"dateModified\":\"2019-05-30T06:30:52+00:00\",\"breadcrumb\":{\"@id\":\"https:\\\/\\\/gloniuz.com\\\/es\\\/bands\\\/#breadcrumb\"},\"inLanguage\":\"es\",\"potentialAction\":[{\"@type\":\"ReadAction\",\"target\":[\"https:\\\/\\\/gloniuz.com\\\/es\\\/bands\\\/\"]}]},{\"@type\":\"BreadcrumbList\",\"@id\":\"https:\\\/\\\/gloniuz.com\\\/es\\\/bands\\\/#breadcrumb\",\"itemListElement\":[{\"@type\":\"ListItem\",\"position\":1,\"name\":\"Home\",\"item\":\"https:\\\/\\\/de.slow-watches.com\\\/es\\\/\"},{\"@type\":\"ListItem\",\"position\":2,\"name\":\"Bands\"}]},{\"@type\":\"WebSite\",\"@id\":\"https:\\\/\\\/fr.slow-watches.com\\\/fr\\\/#website\",\"url\":\"https:\\\/\\\/fr.slow-watches.com\\\/fr\\\/\",\"name\":\"slow watches\",\"description\":\"\",\"potentialAction\":[{\"@type\":\"SearchAction\",\"target\":{\"@type\":\"EntryPoint\",\"urlTemplate\":\"https:\\\/\\\/fr.slow-watches.com\\\/fr\\\/?s={search_term_string}\"},\"query-input\":{\"@type\":\"PropertyValueSpecification\",\"valueRequired\":true,\"valueName\":\"search_term_string\"}}],\"inLanguage\":\"es\"}]}<\/script>\n<!-- \/ Yoast SEO Premium plugin. -->","yoast_head_json":{"title":"Bands - slow watches","robots":{"index":"index","follow":"follow","max-snippet":"max-snippet:-1","max-image-preview":"max-image-preview:large","max-video-preview":"max-video-preview:-1"},"canonical":"https:\/\/gloniuz.com\/es\/bands\/","og_locale":"es_ES","og_type":"article","og_title":"Bands","og_description":"\u00bfQU\u00c9 HAY DE UNA CORREA EXTRA? Y si ya tienes un&nbsp;slow&nbsp;a tu gusto, \u00bfpor qu\u00e9 no lo combinas con una correa distinta? Te enviaremos una peque\u00f1a herramienta con cada correa...","og_url":"https:\/\/gloniuz.com\/es\/bands\/","og_site_name":"slow watches","article_publisher":"https:\/\/www.facebook.com\/theslowwatch\/","article_modified_time":"2019-05-30T06:30:52+00:00","og_image":[{"url":"https:\/\/gloniuz.com\/wp-content\/uploads\/2016\/03\/slow_jo_band-200x210.png","type":"","width":"","height":""}],"twitter_card":"summary_large_image","twitter_site":"@theslowwatch","schema":{"@context":"https:\/\/schema.org","@graph":[{"@type":"WebPage","@id":"https:\/\/gloniuz.com\/es\/bands\/","url":"https:\/\/gloniuz.com\/es\/bands\/","name":"Bands - slow watches","isPartOf":{"@id":"https:\/\/fr.slow-watches.com\/fr\/#website"},"datePublished":"2017-09-19T11:28:21+00:00","dateModified":"2019-05-30T06:30:52+00:00","breadcrumb":{"@id":"https:\/\/gloniuz.com\/es\/bands\/#breadcrumb"},"inLanguage":"es","potentialAction":[{"@type":"ReadAction","target":["https:\/\/gloniuz.com\/es\/bands\/"]}]},{"@type":"BreadcrumbList","@id":"https:\/\/gloniuz.com\/es\/bands\/#breadcrumb","itemListElement":[{"@type":"ListItem","position":1,"name":"Home","item":"https:\/\/de.slow-watches.com\/es\/"},{"@type":"ListItem","position":2,"name":"Bands"}]},{"@type":"WebSite","@id":"https:\/\/fr.slow-watches.com\/fr\/#website","url":"https:\/\/fr.slow-watches.com\/fr\/","name":"slow watches","description":"","potentialAction":[{"@type":"SearchAction","target":{"@type":"EntryPoint","urlTemplate":"https:\/\/fr.slow-watches.com\/fr\/?s={search_term_string}"},"query-input":{"@type":"PropertyValueSpecification","valueRequired":true,"valueName":"search_term_string"}}],"inLanguage":"es"}]}},"_links":{"self":[{"href":"https:\/\/gloniuz.com\/es\/wp-json\/wp\/v2\/pages\/57536","targetHints":{"allow":["GET"]}}],"collection":[{"href":"https:\/\/gloniuz.com\/es\/wp-json\/wp\/v2\/pages"}],"about":[{"href":"https:\/\/gloniuz.com\/es\/wp-json\/wp\/v2\/types\/page"}],"author":[{"embeddable":true,"href":"https:\/\/gloniuz.com\/es\/wp-json\/wp\/v2\/users\/1"}],"replies":[{"embeddable":true,"href":"https:\/\/gloniuz.com\/es\/wp-json\/wp\/v2\/comments?post=57536"}],"version-history":[{"count":0,"href":"https:\/\/gloniuz.com\/es\/wp-json\/wp\/v2\/pages\/57536\/revisions"}],"wp:attachment":[{"href":"https:\/\/gloniuz.com\/es\/wp-json\/wp\/v2\/media?parent=57536"}],"curies":[{"name":"wp","href":"https:\/\/api.w.org\/{rel}","templated":true}]}}