{"id":13956,"date":"2016-08-04T15:55:18","date_gmt":"2016-08-04T13:55:18","guid":{"rendered":"http:\/\/www.slow-watches.com\/the-store\/slow-band-2201.html"},"modified":"2025-12-22T00:12:34","modified_gmt":"2025-12-21T23:12:34","slug":"slow-band-2201","status":"publish","type":"product","link":"https:\/\/gloniuz.com\/es\/producto\/slow-band-2201\/","title":{"rendered":"slow band 22\/01"},"content":{"rendered":"<p>Una correa met\u00e1lica \u00fanica con elegantes eslabones vintage, pero hecha de acero inoxidable de alta calidad. Es un poco m\u00e1s fina que las correas met\u00e1licas habituales, lo que la hace m\u00e1s c\u00f3moda y le quita peso al reloj.<\/p>\n<ul>\n<li>Fuerte acero inoxidable con un distintivo cierre de mariposa totalmente integrado.<\/li>\n<li>22 mm de ancho, reducido a 20 mm, se adapta a todas las mu\u00f1ecas de 135 &#8211; 200 mm. Ajustar a la mu\u00f1eca en relojer\u00eda.<\/li>\n<li>Queda genial con cualquier caja slow Jo plateada, pero \u00bfpor qu\u00e9 no probar una combinaci\u00f3n de dos colores con la caja negra?<\/li>\n<li>Incluye una herramienta para intercambiar las correas<\/li>\n<\/ul>\n","protected":false},"excerpt":{"rendered":"<p>Silver Metal Band<\/p>\n","protected":false},"featured_media":6860,"comment_status":"open","ping_status":"closed","template":"","meta":{"_acf_changed":false,"footnotes":""},"product_brand":[],"product_cat":[88],"product_tag":[],"class_list":{"0":"post-13956","1":"product","2":"type-product","3":"status-publish","4":"has-post-thumbnail","6":"product_cat-slow-jo-bands-22mm-es","8":"first","9":"instock","10":"taxable","11":"shipping-taxable","12":"purchasable","13":"product-type-simple"},"acf":[],"yoast_head":"<!-- This site is optimized with the Yoast SEO Premium plugin v27.5 (Yoast SEO v27.5) - https:\/\/yoast.com\/product\/yoast-seo-premium-wordpress\/ -->\n<title>slow band 22\/01 - slow watches<\/title>\n<meta name=\"robots\" content=\"index, follow, max-snippet:-1, max-image-preview:large, max-video-preview:-1\" \/>\n<link rel=\"canonical\" href=\"https:\/\/gloniuz.com\/es\/producto\/slow-band-2201\/\" \/>\n<meta property=\"og:locale\" content=\"es_ES\" \/>\n<meta property=\"og:type\" content=\"article\" \/>\n<meta property=\"og:title\" content=\"slow band 22\/01\" \/>\n<meta property=\"og:description\" content=\"Silver Metal Band\" \/>\n<meta property=\"og:url\" content=\"https:\/\/gloniuz.com\/es\/producto\/slow-band-2201\/\" \/>\n<meta property=\"og:site_name\" content=\"slow watches\" \/>\n<meta property=\"article:publisher\" content=\"https:\/\/www.facebook.com\/theslowwatch\/\" \/>\n<meta property=\"article:modified_time\" content=\"2025-12-21T23:12:34+00:00\" \/>\n<meta property=\"og:image\" content=\"https:\/\/www.slow-watches.com\/wp-content\/uploads\/2016\/08\/slow_band_22-01_-_silver_metal_band_-_1-1.jpg\" \/>\n\t<meta property=\"og:image:width\" content=\"1000\" \/>\n\t<meta property=\"og:image:height\" content=\"1000\" \/>\n\t<meta property=\"og:image:type\" content=\"image\/jpeg\" \/>\n<meta name=\"twitter:card\" content=\"summary_large_image\" \/>\n<meta name=\"twitter:site\" content=\"@theslowwatch\" \/>\n<meta name=\"twitter:label1\" content=\"Precio\" \/>\n\t<meta name=\"twitter:data1\" content=\"&#036;90\" \/>\n\t<meta name=\"twitter:label2\" content=\"Disponibilidad\" \/>\n\t<meta name=\"twitter:data2\" content=\"Disponible\" \/>\n<script type=\"application\/ld+json\" class=\"yoast-schema-graph\">{\"@context\":\"https:\\\/\\\/schema.org\",\"@graph\":[{\"@type\":\"WebPage\",\"@id\":\"https:\\\/\\\/gloniuz.com\\\/es\\\/producto\\\/slow-band-2201\\\/\",\"url\":\"https:\\\/\\\/gloniuz.com\\\/es\\\/producto\\\/slow-band-2201\\\/\",\"name\":\"slow band 22\\\/01 - slow watches\",\"isPartOf\":{\"@id\":\"https:\\\/\\\/fr.slow-watches.com\\\/fr\\\/#website\"},\"primaryImageOfPage\":{\"@id\":\"https:\\\/\\\/gloniuz.com\\\/es\\\/producto\\\/slow-band-2201\\\/#primaryimage\"},\"image\":{\"@id\":\"https:\\\/\\\/gloniuz.com\\\/es\\\/producto\\\/slow-band-2201\\\/#primaryimage\"},\"thumbnailUrl\":\"https:\\\/\\\/gloniuz.com\\\/wp-content\\\/uploads\\\/2016\\\/08\\\/slow_band_22-01_-_silver_metal_band_-_1-1.jpg\",\"datePublished\":\"2016-08-04T13:55:18+00:00\",\"dateModified\":\"2025-12-21T23:12:34+00:00\",\"breadcrumb\":{\"@id\":\"https:\\\/\\\/gloniuz.com\\\/es\\\/producto\\\/slow-band-2201\\\/#breadcrumb\"},\"inLanguage\":\"es\",\"potentialAction\":[{\"@type\":\"ReadAction\",\"target\":[\"https:\\\/\\\/gloniuz.com\\\/es\\\/producto\\\/slow-band-2201\\\/\"]}]},{\"@type\":\"ImageObject\",\"inLanguage\":\"es\",\"@id\":\"https:\\\/\\\/gloniuz.com\\\/es\\\/producto\\\/slow-band-2201\\\/#primaryimage\",\"url\":\"https:\\\/\\\/gloniuz.com\\\/wp-content\\\/uploads\\\/2016\\\/08\\\/slow_band_22-01_-_silver_metal_band_-_1-1.jpg\",\"contentUrl\":\"https:\\\/\\\/gloniuz.com\\\/wp-content\\\/uploads\\\/2016\\\/08\\\/slow_band_22-01_-_silver_metal_band_-_1-1.jpg\",\"width\":1000,\"height\":1000},{\"@type\":\"BreadcrumbList\",\"@id\":\"https:\\\/\\\/gloniuz.com\\\/es\\\/producto\\\/slow-band-2201\\\/#breadcrumb\",\"itemListElement\":[{\"@type\":\"ListItem\",\"position\":1,\"name\":\"Home\",\"item\":\"https:\\\/\\\/de.slow-watches.com\\\/es\\\/\"},{\"@type\":\"ListItem\",\"position\":2,\"name\":\"Productos\",\"item\":\"https:\\\/\\\/www.slow-watches.com\\\/shop\\\/\"},{\"@type\":\"ListItem\",\"position\":3,\"name\":\"slow band 22\\\/01\"}]},{\"@type\":\"WebSite\",\"@id\":\"https:\\\/\\\/fr.slow-watches.com\\\/fr\\\/#website\",\"url\":\"https:\\\/\\\/fr.slow-watches.com\\\/fr\\\/\",\"name\":\"slow watches\",\"description\":\"\",\"potentialAction\":[{\"@type\":\"SearchAction\",\"target\":{\"@type\":\"EntryPoint\",\"urlTemplate\":\"https:\\\/\\\/fr.slow-watches.com\\\/fr\\\/?s={search_term_string}\"},\"query-input\":{\"@type\":\"PropertyValueSpecification\",\"valueRequired\":true,\"valueName\":\"search_term_string\"}}],\"inLanguage\":\"es\"}]}<\/script>\n<meta property=\"product:price:amount\" content=\"90.00\" \/>\n<meta property=\"product:price:currency\" content=\"USD\" \/>\n<meta property=\"og:availability\" content=\"instock\" \/>\n<meta property=\"product:availability\" content=\"instock\" \/>\n<meta property=\"product:retailer_item_id\" content=\"8009600007947\" \/>\n<meta property=\"product:condition\" content=\"new\" \/>\n<!-- \/ Yoast SEO Premium plugin. -->","yoast_head_json":{"title":"slow band 22\/01 - slow watches","robots":{"index":"index","follow":"follow","max-snippet":"max-snippet:-1","max-image-preview":"max-image-preview:large","max-video-preview":"max-video-preview:-1"},"canonical":"https:\/\/gloniuz.com\/es\/producto\/slow-band-2201\/","og_locale":"es_ES","og_type":"article","og_title":"slow band 22\/01","og_description":"Silver Metal Band","og_url":"https:\/\/gloniuz.com\/es\/producto\/slow-band-2201\/","og_site_name":"slow watches","article_publisher":"https:\/\/www.facebook.com\/theslowwatch\/","article_modified_time":"2025-12-21T23:12:34+00:00","og_image":[{"width":1000,"height":1000,"url":"https:\/\/www.slow-watches.com\/wp-content\/uploads\/2016\/08\/slow_band_22-01_-_silver_metal_band_-_1-1.jpg","type":"image\/jpeg"}],"twitter_card":"summary_large_image","twitter_site":"@theslowwatch","twitter_misc":{"Precio":"&#36;90","Disponibilidad":"Disponible"},"schema":{"@context":"https:\/\/schema.org","@graph":[{"@type":"WebPage","@id":"https:\/\/gloniuz.com\/es\/producto\/slow-band-2201\/","url":"https:\/\/gloniuz.com\/es\/producto\/slow-band-2201\/","name":"slow band 22\/01 - slow watches","isPartOf":{"@id":"https:\/\/fr.slow-watches.com\/fr\/#website"},"primaryImageOfPage":{"@id":"https:\/\/gloniuz.com\/es\/producto\/slow-band-2201\/#primaryimage"},"image":{"@id":"https:\/\/gloniuz.com\/es\/producto\/slow-band-2201\/#primaryimage"},"thumbnailUrl":"https:\/\/gloniuz.com\/wp-content\/uploads\/2016\/08\/slow_band_22-01_-_silver_metal_band_-_1-1.jpg","datePublished":"2016-08-04T13:55:18+00:00","dateModified":"2025-12-21T23:12:34+00:00","breadcrumb":{"@id":"https:\/\/gloniuz.com\/es\/producto\/slow-band-2201\/#breadcrumb"},"inLanguage":"es","potentialAction":[{"@type":"ReadAction","target":["https:\/\/gloniuz.com\/es\/producto\/slow-band-2201\/"]}]},{"@type":"ImageObject","inLanguage":"es","@id":"https:\/\/gloniuz.com\/es\/producto\/slow-band-2201\/#primaryimage","url":"https:\/\/gloniuz.com\/wp-content\/uploads\/2016\/08\/slow_band_22-01_-_silver_metal_band_-_1-1.jpg","contentUrl":"https:\/\/gloniuz.com\/wp-content\/uploads\/2016\/08\/slow_band_22-01_-_silver_metal_band_-_1-1.jpg","width":1000,"height":1000},{"@type":"BreadcrumbList","@id":"https:\/\/gloniuz.com\/es\/producto\/slow-band-2201\/#breadcrumb","itemListElement":[{"@type":"ListItem","position":1,"name":"Home","item":"https:\/\/de.slow-watches.com\/es\/"},{"@type":"ListItem","position":2,"name":"Productos","item":"https:\/\/www.slow-watches.com\/shop\/"},{"@type":"ListItem","position":3,"name":"slow band 22\/01"}]},{"@type":"WebSite","@id":"https:\/\/fr.slow-watches.com\/fr\/#website","url":"https:\/\/fr.slow-watches.com\/fr\/","name":"slow watches","description":"","potentialAction":[{"@type":"SearchAction","target":{"@type":"EntryPoint","urlTemplate":"https:\/\/fr.slow-watches.com\/fr\/?s={search_term_string}"},"query-input":{"@type":"PropertyValueSpecification","valueRequired":true,"valueName":"search_term_string"}}],"inLanguage":"es"}]},"product_price_amount":"90.00","product_price_currency":"USD","og_availability":"instock","product_availability":"instock","product_retailer_item_id":"8009600007947","product_condition":"new"},"_links":{"self":[{"href":"https:\/\/gloniuz.com\/es\/wp-json\/wp\/v2\/product\/13956","targetHints":{"allow":["GET"]}}],"collection":[{"href":"https:\/\/gloniuz.com\/es\/wp-json\/wp\/v2\/product"}],"about":[{"href":"https:\/\/gloniuz.com\/es\/wp-json\/wp\/v2\/types\/product"}],"replies":[{"embeddable":true,"href":"https:\/\/gloniuz.com\/es\/wp-json\/wp\/v2\/comments?post=13956"}],"version-history":[{"count":0,"href":"https:\/\/gloniuz.com\/es\/wp-json\/wp\/v2\/product\/13956\/revisions"}],"wp:featuredmedia":[{"embeddable":true,"href":"https:\/\/gloniuz.com\/es\/wp-json\/wp\/v2\/media\/6860"}],"wp:attachment":[{"href":"https:\/\/gloniuz.com\/es\/wp-json\/wp\/v2\/media?parent=13956"}],"wp:term":[{"taxonomy":"product_brand","embeddable":true,"href":"https:\/\/gloniuz.com\/es\/wp-json\/wp\/v2\/product_brand?post=13956"},{"taxonomy":"product_cat","embeddable":true,"href":"https:\/\/gloniuz.com\/es\/wp-json\/wp\/v2\/product_cat?post=13956"},{"taxonomy":"product_tag","embeddable":true,"href":"https:\/\/gloniuz.com\/es\/wp-json\/wp\/v2\/product_tag?post=13956"}],"curies":[{"name":"wp","href":"https:\/\/api.w.org\/{rel}","templated":true}]}}