{"id":14007,"date":"2016-08-03T17:57:10","date_gmt":"2016-08-03T15:57:10","guid":{"rendered":"http:\/\/www.slow-watches.com\/the-store\/slow-band-2227.html"},"modified":"2020-05-05T14:47:14","modified_gmt":"2020-05-05T12:47:14","slug":"slow-band-2227","status":"publish","type":"product","link":"https:\/\/gloniuz.com\/es\/producto\/slow-band-2227\/","title":{"rendered":"slow band 22\/27"},"content":{"rendered":"<p>Muy recomendado: ll\u00e9vate la correa de nylon negra y consigue el aut\u00e9ntico look militar. Tambi\u00e9n es perfecta si quieres usar el reloj en el agua.<\/p>\n<ul>\n<li>Fuerte correa de nylon negro con cierre y trabillas negras de acero inoxidable.<\/li>\n<li>22 mm de ancho, se adapta a todas las mu\u00f1ecas de 145 &#8211; 200 mm.<\/li>\n<li>Queda genial con cualquier caja negra slow Jo<\/li>\n<li>Incluye una herramienta para intercambiar las correas<\/li>\n<\/ul>\n","protected":false},"excerpt":{"rendered":"<p>Black Nylon Strap, Black\u00a0Buckle<\/p>\n","protected":false},"featured_media":13087,"comment_status":"open","ping_status":"closed","template":"","meta":{"_acf_changed":false,"footnotes":""},"product_brand":[],"product_cat":[88],"product_tag":[],"class_list":{"0":"post-14007","1":"product","2":"type-product","3":"status-publish","4":"has-post-thumbnail","6":"product_cat-slow-jo-bands-22mm-es","8":"first","9":"instock","10":"taxable","11":"shipping-taxable","12":"purchasable","13":"product-type-simple"},"acf":[],"yoast_head":"<!-- This site is optimized with the Yoast SEO Premium plugin v27.5 (Yoast SEO v27.5) - https:\/\/yoast.com\/product\/yoast-seo-premium-wordpress\/ -->\n<title>slow band 22\/27 - slow watches<\/title>\n<meta name=\"robots\" content=\"index, follow, max-snippet:-1, max-image-preview:large, max-video-preview:-1\" \/>\n<link rel=\"canonical\" href=\"https:\/\/gloniuz.com\/es\/producto\/slow-band-2227\/\" \/>\n<meta property=\"og:locale\" content=\"es_ES\" \/>\n<meta property=\"og:type\" content=\"article\" \/>\n<meta property=\"og:title\" content=\"slow band 22\/27\" \/>\n<meta property=\"og:description\" content=\"Black Nylon Strap, Black\u00a0Buckle\" \/>\n<meta property=\"og:url\" content=\"https:\/\/gloniuz.com\/es\/producto\/slow-band-2227\/\" \/>\n<meta property=\"og:site_name\" content=\"slow watches\" \/>\n<meta property=\"article:publisher\" content=\"https:\/\/www.facebook.com\/theslowwatch\/\" \/>\n<meta property=\"article:modified_time\" content=\"2020-05-05T12:47:14+00:00\" \/>\n<meta property=\"og:image\" content=\"https:\/\/ro.slow-watches.com\/wp-content\/uploads\/2016\/08\/slow-band-22-27-black-nylon-strap-with-black-buckle-1.jpg\" \/>\n\t<meta property=\"og:image:width\" content=\"1719\" \/>\n\t<meta property=\"og:image:height\" content=\"1719\" \/>\n\t<meta property=\"og:image:type\" content=\"image\/jpeg\" \/>\n<meta name=\"twitter:card\" content=\"summary_large_image\" \/>\n<meta name=\"twitter:site\" content=\"@theslowwatch\" \/>\n<meta name=\"twitter:label1\" content=\"Precio\" \/>\n\t<meta name=\"twitter:data1\" content=\"&#036;70\" \/>\n\t<meta name=\"twitter:label2\" content=\"Disponibilidad\" \/>\n\t<meta name=\"twitter:data2\" content=\"Disponible\" \/>\n<script type=\"application\/ld+json\" class=\"yoast-schema-graph\">{\"@context\":\"https:\\\/\\\/schema.org\",\"@graph\":[{\"@type\":\"WebPage\",\"@id\":\"https:\\\/\\\/gloniuz.com\\\/es\\\/producto\\\/slow-band-2227\\\/\",\"url\":\"https:\\\/\\\/gloniuz.com\\\/es\\\/producto\\\/slow-band-2227\\\/\",\"name\":\"slow band 22\\\/27 - slow watches\",\"isPartOf\":{\"@id\":\"https:\\\/\\\/fr.slow-watches.com\\\/fr\\\/#website\"},\"primaryImageOfPage\":{\"@id\":\"https:\\\/\\\/gloniuz.com\\\/es\\\/producto\\\/slow-band-2227\\\/#primaryimage\"},\"image\":{\"@id\":\"https:\\\/\\\/gloniuz.com\\\/es\\\/producto\\\/slow-band-2227\\\/#primaryimage\"},\"thumbnailUrl\":\"https:\\\/\\\/gloniuz.com\\\/wp-content\\\/uploads\\\/2016\\\/08\\\/slow-band-22-27-black-nylon-strap-with-black-buckle-1.jpg\",\"datePublished\":\"2016-08-03T15:57:10+00:00\",\"dateModified\":\"2020-05-05T12:47:14+00:00\",\"breadcrumb\":{\"@id\":\"https:\\\/\\\/gloniuz.com\\\/es\\\/producto\\\/slow-band-2227\\\/#breadcrumb\"},\"inLanguage\":\"es\",\"potentialAction\":[{\"@type\":\"ReadAction\",\"target\":[\"https:\\\/\\\/gloniuz.com\\\/es\\\/producto\\\/slow-band-2227\\\/\"]}]},{\"@type\":\"ImageObject\",\"inLanguage\":\"es\",\"@id\":\"https:\\\/\\\/gloniuz.com\\\/es\\\/producto\\\/slow-band-2227\\\/#primaryimage\",\"url\":\"https:\\\/\\\/gloniuz.com\\\/wp-content\\\/uploads\\\/2016\\\/08\\\/slow-band-22-27-black-nylon-strap-with-black-buckle-1.jpg\",\"contentUrl\":\"https:\\\/\\\/gloniuz.com\\\/wp-content\\\/uploads\\\/2016\\\/08\\\/slow-band-22-27-black-nylon-strap-with-black-buckle-1.jpg\",\"width\":1719,\"height\":1719},{\"@type\":\"BreadcrumbList\",\"@id\":\"https:\\\/\\\/gloniuz.com\\\/es\\\/producto\\\/slow-band-2227\\\/#breadcrumb\",\"itemListElement\":[{\"@type\":\"ListItem\",\"position\":1,\"name\":\"Home\",\"item\":\"https:\\\/\\\/de.slow-watches.com\\\/es\\\/\"},{\"@type\":\"ListItem\",\"position\":2,\"name\":\"Productos\",\"item\":\"https:\\\/\\\/www.slow-watches.com\\\/shop\\\/\"},{\"@type\":\"ListItem\",\"position\":3,\"name\":\"slow band 22\\\/27\"}]},{\"@type\":\"WebSite\",\"@id\":\"https:\\\/\\\/fr.slow-watches.com\\\/fr\\\/#website\",\"url\":\"https:\\\/\\\/fr.slow-watches.com\\\/fr\\\/\",\"name\":\"slow watches\",\"description\":\"\",\"potentialAction\":[{\"@type\":\"SearchAction\",\"target\":{\"@type\":\"EntryPoint\",\"urlTemplate\":\"https:\\\/\\\/fr.slow-watches.com\\\/fr\\\/?s={search_term_string}\"},\"query-input\":{\"@type\":\"PropertyValueSpecification\",\"valueRequired\":true,\"valueName\":\"search_term_string\"}}],\"inLanguage\":\"es\"}]}<\/script>\n<meta property=\"product:price:amount\" content=\"70.00\" \/>\n<meta property=\"product:price:currency\" content=\"USD\" \/>\n<meta property=\"og:availability\" content=\"instock\" \/>\n<meta property=\"product:availability\" content=\"instock\" \/>\n<meta property=\"product:retailer_item_id\" content=\"8009600010107\" \/>\n<meta property=\"product:condition\" content=\"new\" \/>\n<!-- \/ Yoast SEO Premium plugin. -->","yoast_head_json":{"title":"slow band 22\/27 - slow watches","robots":{"index":"index","follow":"follow","max-snippet":"max-snippet:-1","max-image-preview":"max-image-preview:large","max-video-preview":"max-video-preview:-1"},"canonical":"https:\/\/gloniuz.com\/es\/producto\/slow-band-2227\/","og_locale":"es_ES","og_type":"article","og_title":"slow band 22\/27","og_description":"Black Nylon Strap, Black\u00a0Buckle","og_url":"https:\/\/gloniuz.com\/es\/producto\/slow-band-2227\/","og_site_name":"slow watches","article_publisher":"https:\/\/www.facebook.com\/theslowwatch\/","article_modified_time":"2020-05-05T12:47:14+00:00","og_image":[{"width":1719,"height":1719,"url":"https:\/\/ro.slow-watches.com\/wp-content\/uploads\/2016\/08\/slow-band-22-27-black-nylon-strap-with-black-buckle-1.jpg","type":"image\/jpeg"}],"twitter_card":"summary_large_image","twitter_site":"@theslowwatch","twitter_misc":{"Precio":"&#36;70","Disponibilidad":"Disponible"},"schema":{"@context":"https:\/\/schema.org","@graph":[{"@type":"WebPage","@id":"https:\/\/gloniuz.com\/es\/producto\/slow-band-2227\/","url":"https:\/\/gloniuz.com\/es\/producto\/slow-band-2227\/","name":"slow band 22\/27 - slow watches","isPartOf":{"@id":"https:\/\/fr.slow-watches.com\/fr\/#website"},"primaryImageOfPage":{"@id":"https:\/\/gloniuz.com\/es\/producto\/slow-band-2227\/#primaryimage"},"image":{"@id":"https:\/\/gloniuz.com\/es\/producto\/slow-band-2227\/#primaryimage"},"thumbnailUrl":"https:\/\/gloniuz.com\/wp-content\/uploads\/2016\/08\/slow-band-22-27-black-nylon-strap-with-black-buckle-1.jpg","datePublished":"2016-08-03T15:57:10+00:00","dateModified":"2020-05-05T12:47:14+00:00","breadcrumb":{"@id":"https:\/\/gloniuz.com\/es\/producto\/slow-band-2227\/#breadcrumb"},"inLanguage":"es","potentialAction":[{"@type":"ReadAction","target":["https:\/\/gloniuz.com\/es\/producto\/slow-band-2227\/"]}]},{"@type":"ImageObject","inLanguage":"es","@id":"https:\/\/gloniuz.com\/es\/producto\/slow-band-2227\/#primaryimage","url":"https:\/\/gloniuz.com\/wp-content\/uploads\/2016\/08\/slow-band-22-27-black-nylon-strap-with-black-buckle-1.jpg","contentUrl":"https:\/\/gloniuz.com\/wp-content\/uploads\/2016\/08\/slow-band-22-27-black-nylon-strap-with-black-buckle-1.jpg","width":1719,"height":1719},{"@type":"BreadcrumbList","@id":"https:\/\/gloniuz.com\/es\/producto\/slow-band-2227\/#breadcrumb","itemListElement":[{"@type":"ListItem","position":1,"name":"Home","item":"https:\/\/de.slow-watches.com\/es\/"},{"@type":"ListItem","position":2,"name":"Productos","item":"https:\/\/www.slow-watches.com\/shop\/"},{"@type":"ListItem","position":3,"name":"slow band 22\/27"}]},{"@type":"WebSite","@id":"https:\/\/fr.slow-watches.com\/fr\/#website","url":"https:\/\/fr.slow-watches.com\/fr\/","name":"slow watches","description":"","potentialAction":[{"@type":"SearchAction","target":{"@type":"EntryPoint","urlTemplate":"https:\/\/fr.slow-watches.com\/fr\/?s={search_term_string}"},"query-input":{"@type":"PropertyValueSpecification","valueRequired":true,"valueName":"search_term_string"}}],"inLanguage":"es"}]},"product_price_amount":"70.00","product_price_currency":"USD","og_availability":"instock","product_availability":"instock","product_retailer_item_id":"8009600010107","product_condition":"new"},"_links":{"self":[{"href":"https:\/\/gloniuz.com\/es\/wp-json\/wp\/v2\/product\/14007","targetHints":{"allow":["GET"]}}],"collection":[{"href":"https:\/\/gloniuz.com\/es\/wp-json\/wp\/v2\/product"}],"about":[{"href":"https:\/\/gloniuz.com\/es\/wp-json\/wp\/v2\/types\/product"}],"replies":[{"embeddable":true,"href":"https:\/\/gloniuz.com\/es\/wp-json\/wp\/v2\/comments?post=14007"}],"version-history":[{"count":0,"href":"https:\/\/gloniuz.com\/es\/wp-json\/wp\/v2\/product\/14007\/revisions"}],"wp:featuredmedia":[{"embeddable":true,"href":"https:\/\/gloniuz.com\/es\/wp-json\/wp\/v2\/media\/13087"}],"wp:attachment":[{"href":"https:\/\/gloniuz.com\/es\/wp-json\/wp\/v2\/media?parent=14007"}],"wp:term":[{"taxonomy":"product_brand","embeddable":true,"href":"https:\/\/gloniuz.com\/es\/wp-json\/wp\/v2\/product_brand?post=14007"},{"taxonomy":"product_cat","embeddable":true,"href":"https:\/\/gloniuz.com\/es\/wp-json\/wp\/v2\/product_cat?post=14007"},{"taxonomy":"product_tag","embeddable":true,"href":"https:\/\/gloniuz.com\/es\/wp-json\/wp\/v2\/product_tag?post=14007"}],"curies":[{"name":"wp","href":"https:\/\/api.w.org\/{rel}","templated":true}]}}