{"id":14332,"date":"2016-03-28T10:18:56","date_gmt":"2016-03-28T08:18:56","guid":{"rendered":"http:\/\/www.slow-watches.com\/the-store\/slow-jo-01.html"},"modified":"2026-03-14T02:39:12","modified_gmt":"2026-03-14T01:39:12","slug":"slow-jo-01","status":"publish","type":"product","link":"https:\/\/gloniuz.com\/es\/producto\/slow-jo-01\/","title":{"rendered":"Slow Jo 01"},"content":{"rendered":"<p>Todo un cl\u00e1sico: un reloj suizo de acero inoxidable plateado. Una pieza unisex con un dise\u00f1o monocrom\u00e1tico que le da un punto discreto. Le sienta de maravilla a cualquier prenda de tu armario. Muchos eligen este reloj por su toque vintage, \u00bfy t\u00fa?<\/p>\n<ul>\n<li>Fabricado en Suiza, movimiento de cuarzo suizo GMT<\/li>\n<li>Resistente al agua 100 metros<\/li>\n<li>Caja de acero inoxidable de 38 mm<\/li>\n<li>Correa plateada de acero inoxidable; f\u00e1cil de ajustar en cualquier relojer\u00eda<\/li>\n<\/ul>\n","protected":false},"excerpt":{"rendered":"<p>All Silver Steel, Silver Dial<\/p>\n","protected":false},"featured_media":328717,"comment_status":"open","ping_status":"closed","template":"","meta":{"_acf_changed":false,"footnotes":""},"product_brand":[],"product_cat":[50],"product_tag":[],"class_list":{"0":"post-14332","1":"product","2":"type-product","3":"status-publish","4":"has-post-thumbnail","6":"product_cat-slow-jo-38mm-es","8":"first","9":"instock","10":"featured","11":"taxable","12":"shipping-taxable","13":"purchasable","14":"product-type-simple"},"acf":[],"yoast_head":"<!-- This site is optimized with the Yoast SEO Premium plugin v27.5 (Yoast SEO v27.5) - https:\/\/yoast.com\/product\/yoast-seo-premium-wordpress\/ -->\n<title>Slow Jo 01 - slow watches<\/title>\n<meta name=\"robots\" content=\"index, follow, max-snippet:-1, max-image-preview:large, max-video-preview:-1\" \/>\n<link rel=\"canonical\" href=\"https:\/\/gloniuz.com\/es\/producto\/slow-jo-01\/\" \/>\n<meta property=\"og:locale\" content=\"es_ES\" \/>\n<meta property=\"og:type\" content=\"article\" \/>\n<meta property=\"og:title\" content=\"Slow Jo 01\" \/>\n<meta property=\"og:description\" content=\"All Silver Steel, Silver Dial\" \/>\n<meta property=\"og:url\" content=\"https:\/\/gloniuz.com\/es\/producto\/slow-jo-01\/\" \/>\n<meta property=\"og:site_name\" content=\"slow watches\" \/>\n<meta property=\"article:publisher\" content=\"https:\/\/www.facebook.com\/theslowwatch\/\" \/>\n<meta property=\"article:modified_time\" content=\"2026-03-14T01:39:12+00:00\" \/>\n<meta property=\"og:image\" content=\"https:\/\/ro.slow-watches.com\/wp-content\/uploads\/2016\/03\/slow-Jo-01-One-hand-watch-all-silver-steel-Swiss-Made-1.jpg\" \/>\n\t<meta property=\"og:image:width\" content=\"1000\" \/>\n\t<meta property=\"og:image:height\" content=\"1000\" \/>\n\t<meta property=\"og:image:type\" content=\"image\/jpeg\" \/>\n<meta name=\"twitter:card\" content=\"summary_large_image\" \/>\n<meta name=\"twitter:site\" content=\"@theslowwatch\" \/>\n<meta name=\"twitter:label1\" content=\"Precio\" \/>\n\t<meta name=\"twitter:data1\" content=\"&#036;320\" \/>\n\t<meta name=\"twitter:label2\" content=\"Disponibilidad\" \/>\n\t<meta name=\"twitter:data2\" content=\"Sin existencias\" \/>\n<script type=\"application\/ld+json\" class=\"yoast-schema-graph\">{\"@context\":\"https:\\\/\\\/schema.org\",\"@graph\":[{\"@type\":\"WebPage\",\"@id\":\"https:\\\/\\\/gloniuz.com\\\/es\\\/producto\\\/slow-jo-01\\\/\",\"url\":\"https:\\\/\\\/gloniuz.com\\\/es\\\/producto\\\/slow-jo-01\\\/\",\"name\":\"Slow Jo 01 - slow watches\",\"isPartOf\":{\"@id\":\"https:\\\/\\\/fr.slow-watches.com\\\/fr\\\/#website\"},\"primaryImageOfPage\":{\"@id\":\"https:\\\/\\\/gloniuz.com\\\/es\\\/producto\\\/slow-jo-01\\\/#primaryimage\"},\"image\":{\"@id\":\"https:\\\/\\\/gloniuz.com\\\/es\\\/producto\\\/slow-jo-01\\\/#primaryimage\"},\"thumbnailUrl\":\"https:\\\/\\\/gloniuz.com\\\/wp-content\\\/uploads\\\/2016\\\/03\\\/Bildschirmfoto-2024-12-18-um-13.18.34.jpg\",\"datePublished\":\"2016-03-28T08:18:56+00:00\",\"dateModified\":\"2026-03-14T01:39:12+00:00\",\"breadcrumb\":{\"@id\":\"https:\\\/\\\/gloniuz.com\\\/es\\\/producto\\\/slow-jo-01\\\/#breadcrumb\"},\"inLanguage\":\"es\",\"potentialAction\":[{\"@type\":\"ReadAction\",\"target\":[\"https:\\\/\\\/gloniuz.com\\\/es\\\/producto\\\/slow-jo-01\\\/\"]}]},{\"@type\":\"ImageObject\",\"inLanguage\":\"es\",\"@id\":\"https:\\\/\\\/gloniuz.com\\\/es\\\/producto\\\/slow-jo-01\\\/#primaryimage\",\"url\":\"https:\\\/\\\/gloniuz.com\\\/wp-content\\\/uploads\\\/2016\\\/03\\\/Bildschirmfoto-2024-12-18-um-13.18.34.jpg\",\"contentUrl\":\"https:\\\/\\\/gloniuz.com\\\/wp-content\\\/uploads\\\/2016\\\/03\\\/Bildschirmfoto-2024-12-18-um-13.18.34.jpg\",\"width\":1252,\"height\":1246},{\"@type\":\"BreadcrumbList\",\"@id\":\"https:\\\/\\\/gloniuz.com\\\/es\\\/producto\\\/slow-jo-01\\\/#breadcrumb\",\"itemListElement\":[{\"@type\":\"ListItem\",\"position\":1,\"name\":\"Home\",\"item\":\"https:\\\/\\\/de.slow-watches.com\\\/es\\\/\"},{\"@type\":\"ListItem\",\"position\":2,\"name\":\"Productos\",\"item\":\"https:\\\/\\\/www.slow-watches.com\\\/shop\\\/\"},{\"@type\":\"ListItem\",\"position\":3,\"name\":\"Slow Jo 01\"}]},{\"@type\":\"WebSite\",\"@id\":\"https:\\\/\\\/fr.slow-watches.com\\\/fr\\\/#website\",\"url\":\"https:\\\/\\\/fr.slow-watches.com\\\/fr\\\/\",\"name\":\"slow watches\",\"description\":\"\",\"potentialAction\":[{\"@type\":\"SearchAction\",\"target\":{\"@type\":\"EntryPoint\",\"urlTemplate\":\"https:\\\/\\\/fr.slow-watches.com\\\/fr\\\/?s={search_term_string}\"},\"query-input\":{\"@type\":\"PropertyValueSpecification\",\"valueRequired\":true,\"valueName\":\"search_term_string\"}}],\"inLanguage\":\"es\"}]}<\/script>\n<meta property=\"product:price:amount\" content=\"320.00\" \/>\n<meta property=\"product:price:currency\" content=\"USD\" \/>\n<meta property=\"og:availability\" content=\"out of stock\" \/>\n<meta property=\"product:availability\" content=\"out of stock\" \/>\n<meta property=\"product:retailer_item_id\" content=\"8009600005004\" \/>\n<meta property=\"product:condition\" content=\"new\" \/>\n<!-- \/ Yoast SEO Premium plugin. -->","yoast_head_json":{"title":"Slow Jo 01 - slow watches","robots":{"index":"index","follow":"follow","max-snippet":"max-snippet:-1","max-image-preview":"max-image-preview:large","max-video-preview":"max-video-preview:-1"},"canonical":"https:\/\/gloniuz.com\/es\/producto\/slow-jo-01\/","og_locale":"es_ES","og_type":"article","og_title":"Slow Jo 01","og_description":"All Silver Steel, Silver Dial","og_url":"https:\/\/gloniuz.com\/es\/producto\/slow-jo-01\/","og_site_name":"slow watches","article_publisher":"https:\/\/www.facebook.com\/theslowwatch\/","article_modified_time":"2026-03-14T01:39:12+00:00","og_image":[{"width":1000,"height":1000,"url":"https:\/\/ro.slow-watches.com\/wp-content\/uploads\/2016\/03\/slow-Jo-01-One-hand-watch-all-silver-steel-Swiss-Made-1.jpg","type":"image\/jpeg"}],"twitter_card":"summary_large_image","twitter_site":"@theslowwatch","twitter_misc":{"Precio":"&#36;320","Disponibilidad":"Sin existencias"},"schema":{"@context":"https:\/\/schema.org","@graph":[{"@type":"WebPage","@id":"https:\/\/gloniuz.com\/es\/producto\/slow-jo-01\/","url":"https:\/\/gloniuz.com\/es\/producto\/slow-jo-01\/","name":"Slow Jo 01 - slow watches","isPartOf":{"@id":"https:\/\/fr.slow-watches.com\/fr\/#website"},"primaryImageOfPage":{"@id":"https:\/\/gloniuz.com\/es\/producto\/slow-jo-01\/#primaryimage"},"image":{"@id":"https:\/\/gloniuz.com\/es\/producto\/slow-jo-01\/#primaryimage"},"thumbnailUrl":"https:\/\/gloniuz.com\/wp-content\/uploads\/2016\/03\/Bildschirmfoto-2024-12-18-um-13.18.34.jpg","datePublished":"2016-03-28T08:18:56+00:00","dateModified":"2026-03-14T01:39:12+00:00","breadcrumb":{"@id":"https:\/\/gloniuz.com\/es\/producto\/slow-jo-01\/#breadcrumb"},"inLanguage":"es","potentialAction":[{"@type":"ReadAction","target":["https:\/\/gloniuz.com\/es\/producto\/slow-jo-01\/"]}]},{"@type":"ImageObject","inLanguage":"es","@id":"https:\/\/gloniuz.com\/es\/producto\/slow-jo-01\/#primaryimage","url":"https:\/\/gloniuz.com\/wp-content\/uploads\/2016\/03\/Bildschirmfoto-2024-12-18-um-13.18.34.jpg","contentUrl":"https:\/\/gloniuz.com\/wp-content\/uploads\/2016\/03\/Bildschirmfoto-2024-12-18-um-13.18.34.jpg","width":1252,"height":1246},{"@type":"BreadcrumbList","@id":"https:\/\/gloniuz.com\/es\/producto\/slow-jo-01\/#breadcrumb","itemListElement":[{"@type":"ListItem","position":1,"name":"Home","item":"https:\/\/de.slow-watches.com\/es\/"},{"@type":"ListItem","position":2,"name":"Productos","item":"https:\/\/www.slow-watches.com\/shop\/"},{"@type":"ListItem","position":3,"name":"Slow Jo 01"}]},{"@type":"WebSite","@id":"https:\/\/fr.slow-watches.com\/fr\/#website","url":"https:\/\/fr.slow-watches.com\/fr\/","name":"slow watches","description":"","potentialAction":[{"@type":"SearchAction","target":{"@type":"EntryPoint","urlTemplate":"https:\/\/fr.slow-watches.com\/fr\/?s={search_term_string}"},"query-input":{"@type":"PropertyValueSpecification","valueRequired":true,"valueName":"search_term_string"}}],"inLanguage":"es"}]},"product_price_amount":"320.00","product_price_currency":"USD","og_availability":"out of stock","product_availability":"out of stock","product_retailer_item_id":"8009600005004","product_condition":"new"},"_links":{"self":[{"href":"https:\/\/gloniuz.com\/es\/wp-json\/wp\/v2\/product\/14332","targetHints":{"allow":["GET"]}}],"collection":[{"href":"https:\/\/gloniuz.com\/es\/wp-json\/wp\/v2\/product"}],"about":[{"href":"https:\/\/gloniuz.com\/es\/wp-json\/wp\/v2\/types\/product"}],"replies":[{"embeddable":true,"href":"https:\/\/gloniuz.com\/es\/wp-json\/wp\/v2\/comments?post=14332"}],"version-history":[{"count":0,"href":"https:\/\/gloniuz.com\/es\/wp-json\/wp\/v2\/product\/14332\/revisions"}],"wp:featuredmedia":[{"embeddable":true,"href":"https:\/\/gloniuz.com\/es\/wp-json\/wp\/v2\/media\/328717"}],"wp:attachment":[{"href":"https:\/\/gloniuz.com\/es\/wp-json\/wp\/v2\/media?parent=14332"}],"wp:term":[{"taxonomy":"product_brand","embeddable":true,"href":"https:\/\/gloniuz.com\/es\/wp-json\/wp\/v2\/product_brand?post=14332"},{"taxonomy":"product_cat","embeddable":true,"href":"https:\/\/gloniuz.com\/es\/wp-json\/wp\/v2\/product_cat?post=14332"},{"taxonomy":"product_tag","embeddable":true,"href":"https:\/\/gloniuz.com\/es\/wp-json\/wp\/v2\/product_tag?post=14332"}],"curies":[{"name":"wp","href":"https:\/\/api.w.org\/{rel}","templated":true}]}}