{"id":14364,"date":"2016-08-08T15:46:42","date_gmt":"2016-08-08T13:46:42","guid":{"rendered":"http:\/\/www.slow-watches.com\/the-store\/slow-jo-26.html"},"modified":"2017-03-30T14:51:40","modified_gmt":"2017-03-30T12:51:40","slug":"slow-jo-26","status":"publish","type":"product","link":"https:\/\/gloniuz.com\/es\/producto\/slow-jo-26\/","title":{"rendered":"Slow Jo 26"},"content":{"rendered":"<p>\u00a1Claro que s\u00ed! Con este estilo veraniego en tu mu\u00f1eca le sacar\u00e1s el mayor partido al sol. Su correa de nylon gris clara con rayas azules aporta al reloj un fant\u00e1stico toque n\u00e1utico y deportivo.<\/p>\n<ul>\n<li>Swiss Made, Swiss GMT Quartz movement<\/li>\n<li>Time can be read as accurate as +- 1 to 2 minutes<\/li>\n<li>38 mm silver stainless steel case, 100 M water resistant<\/li>\n<li>Grey\/blue\u00a0nylon strap<\/li>\n<\/ul>\n","protected":false},"excerpt":{"rendered":"<p>Grey\/blue Nylon, Silver Case, Silver Dial<\/p>\n","protected":false},"featured_media":23086,"comment_status":"open","ping_status":"closed","template":"","meta":{"_acf_changed":false,"footnotes":""},"product_brand":[],"product_cat":[50],"product_tag":[],"class_list":{"0":"post-14364","1":"product","2":"type-product","3":"status-publish","4":"has-post-thumbnail","6":"product_cat-slow-jo-38mm-es","8":"first","9":"outofstock","10":"taxable","11":"shipping-taxable","12":"purchasable","13":"product-type-simple"},"acf":[],"yoast_head":"<!-- This site is optimized with the Yoast SEO Premium plugin v27.5 (Yoast SEO v27.5) - https:\/\/yoast.com\/product\/yoast-seo-premium-wordpress\/ -->\n<title>Slow Jo 26 - slow watches<\/title>\n<meta name=\"robots\" content=\"index, follow, max-snippet:-1, max-image-preview:large, max-video-preview:-1\" \/>\n<link rel=\"canonical\" href=\"https:\/\/gloniuz.com\/es\/producto\/slow-jo-26\/\" \/>\n<meta property=\"og:locale\" content=\"es_ES\" \/>\n<meta property=\"og:type\" content=\"article\" \/>\n<meta property=\"og:title\" content=\"Slow Jo 26\" \/>\n<meta property=\"og:description\" content=\"Grey\/blue Nylon, Silver Case, Silver Dial\" \/>\n<meta property=\"og:url\" content=\"https:\/\/gloniuz.com\/es\/producto\/slow-jo-26\/\" \/>\n<meta property=\"og:site_name\" content=\"slow watches\" \/>\n<meta property=\"article:publisher\" content=\"https:\/\/www.facebook.com\/theslowwatch\/\" \/>\n<meta property=\"article:modified_time\" content=\"2017-03-30T12:51:40+00:00\" \/>\n<meta property=\"og:image\" content=\"https:\/\/www.slow-watches.com\/wp-content\/uploads\/2016\/08\/slow-Jo-26-Swiss-single-handed-watch-silver-blue-1.jpg\" \/>\n\t<meta property=\"og:image:width\" content=\"1000\" \/>\n\t<meta property=\"og:image:height\" content=\"1000\" \/>\n\t<meta property=\"og:image:type\" content=\"image\/jpeg\" \/>\n<meta name=\"twitter:card\" content=\"summary_large_image\" \/>\n<meta name=\"twitter:site\" content=\"@theslowwatch\" \/>\n<meta name=\"twitter:label1\" content=\"Precio\" \/>\n\t<meta name=\"twitter:data1\" content=\"&#036;270\" \/>\n\t<meta name=\"twitter:label2\" content=\"Disponibilidad\" \/>\n\t<meta name=\"twitter:data2\" content=\"Sin existencias\" \/>\n<script type=\"application\/ld+json\" class=\"yoast-schema-graph\">{\"@context\":\"https:\\\/\\\/schema.org\",\"@graph\":[{\"@type\":\"WebPage\",\"@id\":\"https:\\\/\\\/gloniuz.com\\\/es\\\/producto\\\/slow-jo-26\\\/\",\"url\":\"https:\\\/\\\/gloniuz.com\\\/es\\\/producto\\\/slow-jo-26\\\/\",\"name\":\"Slow Jo 26 - slow watches\",\"isPartOf\":{\"@id\":\"https:\\\/\\\/fr.slow-watches.com\\\/fr\\\/#website\"},\"primaryImageOfPage\":{\"@id\":\"https:\\\/\\\/gloniuz.com\\\/es\\\/producto\\\/slow-jo-26\\\/#primaryimage\"},\"image\":{\"@id\":\"https:\\\/\\\/gloniuz.com\\\/es\\\/producto\\\/slow-jo-26\\\/#primaryimage\"},\"thumbnailUrl\":\"https:\\\/\\\/gloniuz.com\\\/wp-content\\\/uploads\\\/2016\\\/08\\\/slow-Jo-26-Swiss-single-handed-watch-silver-blue-1.jpg\",\"datePublished\":\"2016-08-08T13:46:42+00:00\",\"dateModified\":\"2017-03-30T12:51:40+00:00\",\"breadcrumb\":{\"@id\":\"https:\\\/\\\/gloniuz.com\\\/es\\\/producto\\\/slow-jo-26\\\/#breadcrumb\"},\"inLanguage\":\"es\",\"potentialAction\":[{\"@type\":\"ReadAction\",\"target\":[\"https:\\\/\\\/gloniuz.com\\\/es\\\/producto\\\/slow-jo-26\\\/\"]}]},{\"@type\":\"ImageObject\",\"inLanguage\":\"es\",\"@id\":\"https:\\\/\\\/gloniuz.com\\\/es\\\/producto\\\/slow-jo-26\\\/#primaryimage\",\"url\":\"https:\\\/\\\/gloniuz.com\\\/wp-content\\\/uploads\\\/2016\\\/08\\\/slow-Jo-26-Swiss-single-handed-watch-silver-blue-1.jpg\",\"contentUrl\":\"https:\\\/\\\/gloniuz.com\\\/wp-content\\\/uploads\\\/2016\\\/08\\\/slow-Jo-26-Swiss-single-handed-watch-silver-blue-1.jpg\",\"width\":1000,\"height\":1000},{\"@type\":\"BreadcrumbList\",\"@id\":\"https:\\\/\\\/gloniuz.com\\\/es\\\/producto\\\/slow-jo-26\\\/#breadcrumb\",\"itemListElement\":[{\"@type\":\"ListItem\",\"position\":1,\"name\":\"Home\",\"item\":\"https:\\\/\\\/de.slow-watches.com\\\/es\\\/\"},{\"@type\":\"ListItem\",\"position\":2,\"name\":\"Productos\",\"item\":\"https:\\\/\\\/www.slow-watches.com\\\/shop\\\/\"},{\"@type\":\"ListItem\",\"position\":3,\"name\":\"Slow Jo 26\"}]},{\"@type\":\"WebSite\",\"@id\":\"https:\\\/\\\/fr.slow-watches.com\\\/fr\\\/#website\",\"url\":\"https:\\\/\\\/fr.slow-watches.com\\\/fr\\\/\",\"name\":\"slow watches\",\"description\":\"\",\"potentialAction\":[{\"@type\":\"SearchAction\",\"target\":{\"@type\":\"EntryPoint\",\"urlTemplate\":\"https:\\\/\\\/fr.slow-watches.com\\\/fr\\\/?s={search_term_string}\"},\"query-input\":{\"@type\":\"PropertyValueSpecification\",\"valueRequired\":true,\"valueName\":\"search_term_string\"}}],\"inLanguage\":\"es\"}]}<\/script>\n<meta property=\"product:price:amount\" content=\"270.00\" \/>\n<meta property=\"product:price:currency\" content=\"USD\" \/>\n<meta property=\"og:availability\" content=\"out of stock\" \/>\n<meta property=\"product:availability\" content=\"out of stock\" \/>\n<meta property=\"product:retailer_item_id\" content=\"8055002793810\" \/>\n<meta property=\"product:condition\" content=\"new\" \/>\n<!-- \/ Yoast SEO Premium plugin. -->","yoast_head_json":{"title":"Slow Jo 26 - slow watches","robots":{"index":"index","follow":"follow","max-snippet":"max-snippet:-1","max-image-preview":"max-image-preview:large","max-video-preview":"max-video-preview:-1"},"canonical":"https:\/\/gloniuz.com\/es\/producto\/slow-jo-26\/","og_locale":"es_ES","og_type":"article","og_title":"Slow Jo 26","og_description":"Grey\/blue Nylon, Silver Case, Silver Dial","og_url":"https:\/\/gloniuz.com\/es\/producto\/slow-jo-26\/","og_site_name":"slow watches","article_publisher":"https:\/\/www.facebook.com\/theslowwatch\/","article_modified_time":"2017-03-30T12:51:40+00:00","og_image":[{"width":1000,"height":1000,"url":"https:\/\/www.slow-watches.com\/wp-content\/uploads\/2016\/08\/slow-Jo-26-Swiss-single-handed-watch-silver-blue-1.jpg","type":"image\/jpeg"}],"twitter_card":"summary_large_image","twitter_site":"@theslowwatch","twitter_misc":{"Precio":"&#36;270","Disponibilidad":"Sin existencias"},"schema":{"@context":"https:\/\/schema.org","@graph":[{"@type":"WebPage","@id":"https:\/\/gloniuz.com\/es\/producto\/slow-jo-26\/","url":"https:\/\/gloniuz.com\/es\/producto\/slow-jo-26\/","name":"Slow Jo 26 - slow watches","isPartOf":{"@id":"https:\/\/fr.slow-watches.com\/fr\/#website"},"primaryImageOfPage":{"@id":"https:\/\/gloniuz.com\/es\/producto\/slow-jo-26\/#primaryimage"},"image":{"@id":"https:\/\/gloniuz.com\/es\/producto\/slow-jo-26\/#primaryimage"},"thumbnailUrl":"https:\/\/gloniuz.com\/wp-content\/uploads\/2016\/08\/slow-Jo-26-Swiss-single-handed-watch-silver-blue-1.jpg","datePublished":"2016-08-08T13:46:42+00:00","dateModified":"2017-03-30T12:51:40+00:00","breadcrumb":{"@id":"https:\/\/gloniuz.com\/es\/producto\/slow-jo-26\/#breadcrumb"},"inLanguage":"es","potentialAction":[{"@type":"ReadAction","target":["https:\/\/gloniuz.com\/es\/producto\/slow-jo-26\/"]}]},{"@type":"ImageObject","inLanguage":"es","@id":"https:\/\/gloniuz.com\/es\/producto\/slow-jo-26\/#primaryimage","url":"https:\/\/gloniuz.com\/wp-content\/uploads\/2016\/08\/slow-Jo-26-Swiss-single-handed-watch-silver-blue-1.jpg","contentUrl":"https:\/\/gloniuz.com\/wp-content\/uploads\/2016\/08\/slow-Jo-26-Swiss-single-handed-watch-silver-blue-1.jpg","width":1000,"height":1000},{"@type":"BreadcrumbList","@id":"https:\/\/gloniuz.com\/es\/producto\/slow-jo-26\/#breadcrumb","itemListElement":[{"@type":"ListItem","position":1,"name":"Home","item":"https:\/\/de.slow-watches.com\/es\/"},{"@type":"ListItem","position":2,"name":"Productos","item":"https:\/\/www.slow-watches.com\/shop\/"},{"@type":"ListItem","position":3,"name":"Slow Jo 26"}]},{"@type":"WebSite","@id":"https:\/\/fr.slow-watches.com\/fr\/#website","url":"https:\/\/fr.slow-watches.com\/fr\/","name":"slow watches","description":"","potentialAction":[{"@type":"SearchAction","target":{"@type":"EntryPoint","urlTemplate":"https:\/\/fr.slow-watches.com\/fr\/?s={search_term_string}"},"query-input":{"@type":"PropertyValueSpecification","valueRequired":true,"valueName":"search_term_string"}}],"inLanguage":"es"}]},"product_price_amount":"270.00","product_price_currency":"USD","og_availability":"out of stock","product_availability":"out of stock","product_retailer_item_id":"8055002793810","product_condition":"new"},"_links":{"self":[{"href":"https:\/\/gloniuz.com\/es\/wp-json\/wp\/v2\/product\/14364","targetHints":{"allow":["GET"]}}],"collection":[{"href":"https:\/\/gloniuz.com\/es\/wp-json\/wp\/v2\/product"}],"about":[{"href":"https:\/\/gloniuz.com\/es\/wp-json\/wp\/v2\/types\/product"}],"replies":[{"embeddable":true,"href":"https:\/\/gloniuz.com\/es\/wp-json\/wp\/v2\/comments?post=14364"}],"version-history":[{"count":0,"href":"https:\/\/gloniuz.com\/es\/wp-json\/wp\/v2\/product\/14364\/revisions"}],"wp:featuredmedia":[{"embeddable":true,"href":"https:\/\/gloniuz.com\/es\/wp-json\/wp\/v2\/media\/23086"}],"wp:attachment":[{"href":"https:\/\/gloniuz.com\/es\/wp-json\/wp\/v2\/media?parent=14364"}],"wp:term":[{"taxonomy":"product_brand","embeddable":true,"href":"https:\/\/gloniuz.com\/es\/wp-json\/wp\/v2\/product_brand?post=14364"},{"taxonomy":"product_cat","embeddable":true,"href":"https:\/\/gloniuz.com\/es\/wp-json\/wp\/v2\/product_cat?post=14364"},{"taxonomy":"product_tag","embeddable":true,"href":"https:\/\/gloniuz.com\/es\/wp-json\/wp\/v2\/product_tag?post=14364"}],"curies":[{"name":"wp","href":"https:\/\/api.w.org\/{rel}","templated":true}]}}